{"id":9538,"date":"2026-03-26T15:18:35","date_gmt":"2026-03-26T14:18:35","guid":{"rendered":"https:\/\/www.grupoargraf.com\/sin-limites-a-tu-creatividad-2026\/"},"modified":"2026-03-26T15:18:35","modified_gmt":"2026-03-26T14:18:35","slug":"sin-limites-a-tu-creatividad-2026","status":"publish","type":"page","link":"https:\/\/www.grupoargraf.com\/fr\/sin-limites-a-tu-creatividad-2026\/","title":{"rendered":"Sin L\u00edmites a tu Creatividad 2026"},"content":{"rendered":"<div class=\"wpb-content-wrapper\"><p>[vc_row][vc_column][vc_column_text css=\u00a0\u00bb\u00a0\u00bb]<\/p>\n<h1 class=\"serv14\">SIN L\u00cdMITES A TU CREATIVIDAD 2026<\/h1>\n<p>\n[\/vc_column_text][vc_row_inner][vc_column_inner width=\u00a0\u00bb1\/2&Prime;][vc_separator color=\u00a0\u00bbwhite\u00a0\u00bb][vc_column_text css=\u00a0\u00bb\u00a0\u00bb]<\/p>\n<div class=\"serv13\">\n<h3 class=\"his4b\"><span style=\"color: #da362c;\"><em>Une rencontre pour stimuler une cr\u00e9ativit\u00e9 sans limites<\/em><\/span><\/h3>\n<p>&nbsp;<\/p>\n<h3 class=\"his4\">VIIe Rencontre des graphistes \u00ab Sans limites \u00e0 ta cr\u00e9ativit\u00e9 \u00bb, qui s&rsquo;est tenue \u00e0 Valence les 12 et 13 mars 2026, un \u00e9v\u00e9nement qui a r\u00e9uni plus de 60 professionnels du design et de l&rsquo;industrie graphique venus de toute l&rsquo;Espagne<\/h3>\n<\/div>\n<p>[\/vc_column_text][vc_separator color=\u00a0\u00bbwhite\u00a0\u00bb][vc_column_text css=\u00a0\u00bb\u00a0\u00bb]La septi\u00e8me \u00e9dition de la rencontre \u00ab <strong>Sin L\u00edmites a tu Creatividad<\/strong> \u00bb, qui s&rsquo;est tenue \u00e0 Valence, a r\u00e9uni <strong>plus de 60 professionnels du design et de l&rsquo;industrie graphique venus de toute l&rsquo;Espagne<\/strong>. Organis\u00e9e par le Grupo Argraf, cette rencontre s&rsquo;inscrit dans le cadre d&rsquo;une initiative visant \u00e0 favoriser le dialogue entre le design et l&rsquo;industrie. Au fil de ses diff\u00e9rentes \u00e9ditions, il a r\u00e9uni des professionnels du design graphique de tout le pays, s&rsquo;imposant comme un espace d&rsquo;inspiration, d&rsquo;apprentissage et de collaboration.<\/p>\n<p>Les \u00e9ditions pr\u00e9c\u00e9dentes ont explor\u00e9 diff\u00e9rentes approches cr\u00e9atives et ont contribu\u00e9 \u00e0 renforcer les liens entre les designers et les professionnels du secteur, cr\u00e9ant ainsi une communaut\u00e9 qui partage une m\u00eame vision : <strong>encourager la cr\u00e9ativit\u00e9 sans limites et explorer de nouvelles fa\u00e7ons de la concr\u00e9tiser.<\/strong><\/p>\n<p>L&rsquo;\u00e9dition de cette ann\u00e9e de la rencontre s&rsquo;est d\u00e9roul\u00e9e sous le titre \u00ab <strong>Le silence des designers<\/strong> \u00bb, une r\u00e9f\u00e9rence cr\u00e9ative au c\u00e9l\u00e8bre film Le Silence des agneaux. Avec ce th\u00e8me, le Groupe Argraf a une nouvelle fois fait de cette rencontre un espace d&rsquo;\u00e9change d&rsquo;id\u00e9es, de r\u00e9flexion et d&rsquo;exp\u00e9rimentation entre designers et professionnels de l&rsquo;industrie graphique.<\/p>\n<p>Au cours de cet \u00e9v\u00e9nement, <strong>IndustrializArte<\/strong> a \u00e9t\u00e9 pr\u00e9sent\u00e9 : il s&rsquo;agit d&rsquo;un concept proposant une nouvelle approche collaborative entre designers, clients et fabricants, dans laquelle la cr\u00e9ativit\u00e9 prend forme gr\u00e2ce aux connaissances techniques et aux capacit\u00e9s industrielles. Il s&rsquo;agit d&rsquo;un \u00e9cosyst\u00e8me d&rsquo;art et d&rsquo;innovation port\u00e9 par le groupe Argraf, qui vise \u00e0 faire de chaque projet une petite \u0153uvre d&rsquo;art r\u00e9alis\u00e9e avec une pr\u00e9cision industrielle.<\/p>\n<p>&nbsp;[\/vc_column_text][\/vc_column_inner][vc_column_inner width=\u00a0\u00bb1\/2&Prime;][vc_single_image image=\u00a0\u00bb9537&Prime; img_size=\u00a0\u00bblarge\u00a0\u00bb css=\u00a0\u00bb\u00a0\u00bb][\/vc_column_inner][\/vc_row_inner][vc_row_inner][vc_column_inner][vc_video link=\u00a0\u00bbhttps:\/\/www.youtube.com\/watch?v=zaCuersvhv8&Prime; align=\u00a0\u00bbcenter\u00a0\u00bb css=\u00a0\u00bb\u00a0\u00bb][\/vc_column_inner][\/vc_row_inner][vc_row_inner][vc_column_inner][vc_column_text css=\u00a0\u00bb\u00a0\u00bb]<\/p>\n<h3>Un \u00e9cosyst\u00e8me qui relie la cr\u00e9ativit\u00e9 et l&rsquo;industrie<\/h3>\n<p><strong>IndustrializArte<\/strong> a \u00e9t\u00e9 cr\u00e9\u00e9 dans le but de b\u00e2tir un \u00e9cosyst\u00e8me collaboratif o\u00f9 le talent cr\u00e9atif et l&rsquo;expertise industrielle dialoguent dans un m\u00eame langage. Cette initiative repose sur une id\u00e9e simple mais puissante : lorsque la cr\u00e9ativit\u00e9, le savoir-faire technique et la technologie sont int\u00e9gr\u00e9s d\u00e8s le d\u00e9but du processus, le r\u00e9sultat d\u00e9passe le cadre de la production conventionnelle et devient une expression de valeur artistique et d&rsquo;innovation.<\/p>\n<p>Le concept <strong>IndustrializArte<\/strong> repose sur trois piliers : l&rsquo;expertise acquise dans le domaine des arts graphiques, <strong>l&rsquo;alliance du savoir-faire artisanal et de la technologie<\/strong>, et un langage commun qui facilite la collaboration entre designers, techniciens et fabricants. Sur cette base, le mod\u00e8le s&rsquo;articule autour de quatre axes principaux : <strong>le Laboratoire d&rsquo;id\u00e9es<\/strong>, d\u00e9di\u00e9 \u00e0 l&rsquo;exploration cr\u00e9ative ; le P\u00f4le technologique, qui transforme les id\u00e9es en production industrielle; les certifications avanc\u00e9es, qui garantissent la qualit\u00e9 de chaque projet ; et Arte Industrializable, un ensemble d&rsquo;espaces de formation et de collaboration o\u00f9 l&rsquo;on partage connaissances et inspiration afin de donner naissance \u00e0 de nouvelles propositions cr\u00e9atives.<\/p>\n<p>Ainsi, IndustrializArte met en relation <strong>designers, clients, fabricants et artisans<\/strong>, cr\u00e9ant un flux continu de collaboration qui permet de transformer une id\u00e9e en un objet concret dot\u00e9 d&rsquo;une identit\u00e9 propre.[\/vc_column_text][\/vc_column_inner][\/vc_row_inner][vc_row_inner][vc_column_inner][\/vc_column_inner][\/vc_row_inner][\/vc_column][\/vc_row][vc_row][vc_column][vc_column_text]<\/p>\n<p>[\/vc_column_text][vc_cta h2=\u00a0\u00bb\u00a0\u00bb add_button=\u00a0\u00bbbottom\u00a0\u00bb btn_title=\u00a0\u00bbVoir les autres \u00e9ditions\u00a0\u00bb btn_color=\u00a0\u00bbwarning\u00a0\u00bb btn_size=\u00a0\u00bblg\u00a0\u00bb btn_align=\u00a0\u00bbcenter\u00a0\u00bb btn_link=\u00a0\u00bburl:https%3A%2F%2Fwww.grupoargraf.com%2Ffr%2Faucune-limite%2F%3Flang%3Dfr|target:_blank|\u00a0\u00bb][\/vc_cta][\/vc_column][\/vc_row]<\/p>\n<\/div>","protected":false},"excerpt":{"rendered":"<p>[vc_row][vc_column][vc_column_text css=\u00a0\u00bb\u00a0\u00bb] SIN L\u00cdMITES A TU CREATIVIDAD 2026 [\/vc_column_text][vc_row_inner][vc_column_inner width=\u00a0\u00bb1\/2&Prime;][vc_separator color=\u00a0\u00bbwhite\u00a0\u00bb][vc_column_text css=\u00a0\u00bb\u00a0\u00bb] Une rencontre pour stimuler une cr\u00e9ativit\u00e9 sans limites &nbsp; VIIe Rencontre des graphistes \u00ab Sans limites \u00e0 ta cr\u00e9ativit\u00e9 \u00bb, qui s&rsquo;est tenue \u00e0 Valence les 12 et 13 mars 2026, un \u00e9v\u00e9nement qui a r\u00e9uni plus de 60 professionnels du design et&hellip;<\/p>\n","protected":false},"author":2,"featured_media":0,"parent":0,"menu_order":0,"comment_status":"closed","ping_status":"closed","template":"","meta":{"_acf_changed":false,"footnotes":""},"yst_prominent_words":[],"class_list":["post-9538","page","type-page","status-publish","hentry","description-off"],"acf":[],"_links":{"self":[{"href":"https:\/\/www.grupoargraf.com\/fr\/wp-json\/wp\/v2\/pages\/9538","targetHints":{"allow":["GET"]}}],"collection":[{"href":"https:\/\/www.grupoargraf.com\/fr\/wp-json\/wp\/v2\/pages"}],"about":[{"href":"https:\/\/www.grupoargraf.com\/fr\/wp-json\/wp\/v2\/types\/page"}],"author":[{"embeddable":true,"href":"https:\/\/www.grupoargraf.com\/fr\/wp-json\/wp\/v2\/users\/2"}],"replies":[{"embeddable":true,"href":"https:\/\/www.grupoargraf.com\/fr\/wp-json\/wp\/v2\/comments?post=9538"}],"version-history":[{"count":3,"href":"https:\/\/www.grupoargraf.com\/fr\/wp-json\/wp\/v2\/pages\/9538\/revisions"}],"predecessor-version":[{"id":9542,"href":"https:\/\/www.grupoargraf.com\/fr\/wp-json\/wp\/v2\/pages\/9538\/revisions\/9542"}],"wp:attachment":[{"href":"https:\/\/www.grupoargraf.com\/fr\/wp-json\/wp\/v2\/media?parent=9538"}],"wp:term":[{"taxonomy":"yst_prominent_words","embeddable":true,"href":"https:\/\/www.grupoargraf.com\/fr\/wp-json\/wp\/v2\/yst_prominent_words?post=9538"}],"curies":[{"name":"wp","href":"https:\/\/api.w.org\/{rel}","templated":true}]}}