{"id":8164,"date":"2024-11-28T15:26:18","date_gmt":"2024-11-28T14:26:18","guid":{"rendered":"https:\/\/www.grupoargraf.com\/argraf\/sin-limites-a-tu-creatividad-2024\/"},"modified":"2025-04-16T12:23:31","modified_gmt":"2025-04-16T10:23:31","slug":"aucune-limite-a-votre-creativite-2024","status":"publish","type":"page","link":"https:\/\/www.grupoargraf.com\/fr\/aucune-limite-a-votre-creativite-2024\/","title":{"rendered":"AUCUNE LIMITE \u00c0 VOTRE CR\u00c9ATIVIT\u00c9 2024"},"content":{"rendered":"<div class=\"wpb-content-wrapper\"><p>[vc_row][vc_column][vc_column_text css=\u00a0\u00bb\u00a0\u00bb]<\/p>\n<h1 class=\"serv14\">AUCUNE LIMITE \u00c0 VOTRE CR\u00c9ATIVIT\u00c9 2024<\/h1>\n<p>[\/vc_column_text][vc_row_inner][vc_column_inner width=\u00a0\u00bb1\/2&Prime;][vc_separator color=\u00a0\u00bbwhite\u00a0\u00bb][vc_column_text css=\u00a0\u00bb\u00a0\u00bb]<\/p>\n<div class=\"serv13\">\n<h2 class=\"his4b\"><span style=\"color: #a38620;\"><em><strong>Madrid accueille un nouvel \u00e9v\u00e9nement \u00ab sans limites pour votre cr\u00e9ativit\u00e9 \u00bb avec l&rsquo;intelligence artificielle comme protagoniste<\/strong><\/em><\/span><\/h2>\n<p>&nbsp;<\/p>\n<h3 class=\"his4\">La sixi\u00e8me \u00e9dition de cette rencontre entre marques et professionnels du design s&rsquo;est tenue les 14 et 15 novembre et a \u00e9t\u00e9 une fois de plus un \u00e9v\u00e9nement cl\u00e9 pour le secteur.<\/h3>\n<\/div>\n<p>[\/vc_column_text][vc_separator color=\u00a0\u00bbwhite\u00a0\u00bb][vc_column_text css=\u00a0\u00bb\u00a0\u00bb]<\/p>\n<p class=\"his4b\"><span style=\"color: #a38620;\"><em><strong>Le Grupo Argraf a r\u00e9uni une cinquantaine de graphistes parmi les plus remarquables de la sc\u00e8ne actuelle lors de l&rsquo;\u00e9v\u00e9nement annuel qui s&rsquo;est tenu \u00e0 Madrid les 14 et 15 novembre. Le Ch\u00e2teauform La Finca El Bosque a accueilli la sixi\u00e8me \u00e9dition de \u00ab No limits to your creativity \u00bb. Cette ann\u00e9e, l&rsquo;intelligence artificielle appliqu\u00e9e au graphisme a \u00e9t\u00e9 l&rsquo;un des principaux th\u00e8mes abord\u00e9s gr\u00e2ce \u00e0 la pr\u00e9sentation d&rsquo;Enrique San Juan. Pour organiser cet \u00e9v\u00e9nement exclusif, le Grupo Argraf a compt\u00e9 sur la collaboration de Rivercap, Fedrigoni Self-Adhesives et Comercial Arqu\u00e9.<\/strong><\/em><\/span><\/p>\n<p>[\/vc_column_text][vc_column_text css=\u00a0\u00bb\u00a0\u00bb]\u00ab Sin l\u00edmites a tu creatividad \u00bb est un \u00e9v\u00e9nement consolid\u00e9 dans le secteur du graphisme et est d\u00e9j\u00e0 un \u00e9v\u00e9nement exclusif de r\u00e9f\u00e9rence. Le directeur du groupe Argraf Catalu\u00f1a, Miguel \u00c1ngel Torroba, assure qu&rsquo;il est \u00ab heureux \u00bb de cette nouvelle \u00e9dition, car \u00ab cet \u00e9v\u00e9nement a pour but d&rsquo;innover, de partager, de cr\u00e9er des id\u00e9es et de se divertir \u00bb. Avec l&rsquo;id\u00e9e de \u00ab s&rsquo;am\u00e9liorer chaque ann\u00e9e \u00bb, Torroba explique que \u00ab nous avons cherch\u00e9 un lieu incroyable qui permette la proximit\u00e9, nous avons am\u00e9lior\u00e9 le format, nous avons cr\u00e9\u00e9 plus d&rsquo;espaces pour partager des id\u00e9es et nous avons ri ensemble \u00bb.<\/p>\n<p>Cette \u00e9dition \u00e9tant d\u00e9j\u00e0 termin\u00e9e, le Grupo Argraf r\u00e9fl\u00e9chit d\u00e9j\u00e0 \u00e0 la mani\u00e8re de surprendre \u00e0 nouveau l&rsquo;ann\u00e9e prochaine.[\/vc_column_text][\/vc_column_inner][vc_column_inner width=\u00a0\u00bb1\/2&Prime;][vc_single_image image=\u00a0\u00bb8158&Prime; img_size=\u00a0\u00bblarge\u00a0\u00bb onclick=\u00a0\u00bbimg_link_large\u00a0\u00bb css=\u00a0\u00bb\u00a0\u00bb][\/vc_column_inner][\/vc_row_inner][vc_row_inner][vc_column_inner width=\u00a0\u00bb1\/6&Prime;][\/vc_column_inner][vc_column_inner width=\u00a0\u00bb4\/6&Prime;][vc_video link=\u00a0\u00bbhttps:\/\/youtu.be\/kVD0kf6mNlM\u00a0\u00bb align=\u00a0\u00bbcenter\u00a0\u00bb css=\u00a0\u00bb\u00a0\u00bb][\/vc_column_inner][vc_column_inner width=\u00a0\u00bb1\/6&Prime;][\/vc_column_inner][\/vc_row_inner][vc_row_inner][vc_column_inner][vc_column_text css=\u00a0\u00bb\u00a0\u00bb]Des professionnels du graphisme de diff\u00e9rentes r\u00e9gions d&rsquo;Espagne ont particip\u00e9 \u00e0 l&rsquo;\u00e9v\u00e9nement et ont une fois de plus profit\u00e9 de deux journ\u00e9es intenses et riches en exp\u00e9riences inspirantes dans les environs du Ch\u00e2teauform La Finca El Bosque, un espace situ\u00e9 dans le parc naturel de la Valle de Taju\u00f1a.<\/p>\n<p>Parmi les participants \u00e0 l&rsquo;\u00e9v\u00e9nement figuraient Francisco Alonso de l&rsquo;ESDIR, Escuela Superior de Dise\u00f1o de La Rioja, Juan Carlos Gauli de l&rsquo;UDIT, Universidad de Dise\u00f1o de Madrid, ainsi que Javier Romero et Joaquina Cervera d&rsquo;infopack, un magazine sp\u00e9cialis\u00e9 dans l&#8217;emballage et l&rsquo;\u00e9tiquetage industriel.<\/p>\n<p>Cette ann\u00e9e, l&rsquo;intelligence artificielle a occup\u00e9 une place centrale dans le discours principal de l&rsquo;\u00e9v\u00e9nement. Enrique San Juan, sp\u00e9cialiste et diffuseur de l&rsquo;utilisation de l&rsquo;IA dans les milieux professionnels, a donn\u00e9 une conf\u00e9rence o\u00f9 il a aid\u00e9 \u00e0 comprendre et \u00e0 utiliser cette avanc\u00e9e technologique comme un outil efficace, dans ce cas, dans le secteur du design graphique.<\/p>\n<p>La compr\u00e9hension et la d\u00e9gustation du vin ont compl\u00e9t\u00e9 un \u00e9v\u00e9nement parfait. Mar\u00eda Jos\u00e9 Huertas, meilleure sommeli\u00e8re de 2024, a propos\u00e9 un d\u00eener avec des vins de DO Vinos de Madrid. Huertas est l&rsquo;actuel sommelier du restaurant de Paco Roncero au Casino de Madrid, avec deux \u00e9toiles Michelin, et est actuellement num\u00e9ro un dans la r\u00e9cente liste des 100 meilleurs sommeliers.<\/p>\n<p>En outre, les participants ont pu s&rsquo;informer en d\u00e9tail sur les tendances du secteur, tout en partageant leurs exp\u00e9riences et en g\u00e9n\u00e9rant des synergies avec d&rsquo;autres professionnels du design et les marques participantes.[\/vc_column_text][\/vc_column_inner][\/vc_row_inner][vc_row_inner][vc_column_inner][\/vc_column_inner][\/vc_row_inner][\/vc_column][\/vc_row][vc_row][vc_column][vc_column_text]<\/p>\n<p>[\/vc_column_text][vc_cta h2=\u00a0\u00bb\u00a0\u00bb add_button=\u00a0\u00bbbottom\u00a0\u00bb btn_title=\u00a0\u00bbAUCUNE LIMITE \u00c0 VOTRE CR\u00c9ATIVIT\u00c9 2023&Prime; btn_color=\u00a0\u00bbwarning\u00a0\u00bb btn_size=\u00a0\u00bblg\u00a0\u00bb btn_align=\u00a0\u00bbcenter\u00a0\u00bb css=\u00a0\u00bb\u00a0\u00bb btn_link=\u00a0\u00bburl:https%3A%2F%2Fwww.grupoargraf.com%2Ffr%2Fargraf%2Faucune-limite-a-votre-creativite-2023%2F|target:_blank\u00a0\u00bb][\/vc_cta][\/vc_column][\/vc_row]<\/p>\n<\/div>","protected":false},"excerpt":{"rendered":"<p>[vc_row][vc_column][vc_column_text css=\u00a0\u00bb\u00a0\u00bb] AUCUNE LIMITE \u00c0 VOTRE CR\u00c9ATIVIT\u00c9 2024 [\/vc_column_text][vc_row_inner][vc_column_inner width=\u00a0\u00bb1\/2&Prime;][vc_separator color=\u00a0\u00bbwhite\u00a0\u00bb][vc_column_text css=\u00a0\u00bb\u00a0\u00bb] Madrid accueille un nouvel \u00e9v\u00e9nement \u00ab sans limites pour votre cr\u00e9ativit\u00e9 \u00bb avec l&rsquo;intelligence artificielle comme protagoniste &nbsp; La sixi\u00e8me \u00e9dition de cette rencontre entre marques et professionnels du design s&rsquo;est tenue les 14 et 15 novembre et a \u00e9t\u00e9 une fois de&hellip;<\/p>\n","protected":false},"author":2,"featured_media":0,"parent":0,"menu_order":0,"comment_status":"closed","ping_status":"closed","template":"","meta":{"_acf_changed":false,"footnotes":""},"yst_prominent_words":[],"class_list":["post-8164","page","type-page","status-publish","hentry","description-off"],"acf":[],"_links":{"self":[{"href":"https:\/\/www.grupoargraf.com\/fr\/wp-json\/wp\/v2\/pages\/8164","targetHints":{"allow":["GET"]}}],"collection":[{"href":"https:\/\/www.grupoargraf.com\/fr\/wp-json\/wp\/v2\/pages"}],"about":[{"href":"https:\/\/www.grupoargraf.com\/fr\/wp-json\/wp\/v2\/types\/page"}],"author":[{"embeddable":true,"href":"https:\/\/www.grupoargraf.com\/fr\/wp-json\/wp\/v2\/users\/2"}],"replies":[{"embeddable":true,"href":"https:\/\/www.grupoargraf.com\/fr\/wp-json\/wp\/v2\/comments?post=8164"}],"version-history":[{"count":1,"href":"https:\/\/www.grupoargraf.com\/fr\/wp-json\/wp\/v2\/pages\/8164\/revisions"}],"predecessor-version":[{"id":8446,"href":"https:\/\/www.grupoargraf.com\/fr\/wp-json\/wp\/v2\/pages\/8164\/revisions\/8446"}],"wp:attachment":[{"href":"https:\/\/www.grupoargraf.com\/fr\/wp-json\/wp\/v2\/media?parent=8164"}],"wp:term":[{"taxonomy":"yst_prominent_words","embeddable":true,"href":"https:\/\/www.grupoargraf.com\/fr\/wp-json\/wp\/v2\/yst_prominent_words?post=8164"}],"curies":[{"name":"wp","href":"https:\/\/api.w.org\/{rel}","templated":true}]}}