{"id":800,"date":"2019-10-15T18:30:22","date_gmt":"2019-10-15T16:30:22","guid":{"rendered":"https:\/\/www.grupoargraf.com\/contacto\/"},"modified":"2024-10-11T10:37:37","modified_gmt":"2024-10-11T08:37:37","slug":"contact","status":"publish","type":"page","link":"https:\/\/www.grupoargraf.com\/fr\/contact\/","title":{"rendered":"Contact"},"content":{"rendered":"<div class=\"wpb-content-wrapper\"><p>[vc_row full_width=\u00a0\u00bbstretch_row_content_no_spaces\u00a0\u00bb content_placement=\u00a0\u00bbtop\u00a0\u00bb css=\u00a0\u00bb.vc_custom_1572109591517{padding-top: -50px !important;}\u00a0\u00bb][vc_column][vc_gmaps link=\u00a0\u00bb#E-8_JTNDaWZyYW1lJTIwc3JjJTNEJTIyaHR0cHMlM0ElMkYlMkZ3d3cuZ29vZ2xlLmNvbSUyRm1hcHMlMkZlbWJlZCUzRnBiJTNEJTIxMW0xNCUyMTFtOCUyMTFtMyUyMTFkMjk0MS41MzQxNzQwOTg0NjQlMjEyZC0yLjQzNjEyNCUyMTNkNDIuNTAxNDU1JTIxM20yJTIxMWkxMDI0JTIxMmk3NjglMjE0ZjEzLjElMjEzbTMlMjExbTIlMjExczB4MCUyNTNBMHgzMTIzNTc4ODM1Y2ZiODJlJTIxMnNHcnVwbyUyNTIwQXJncmFmJTIxNWUwJTIxM20yJTIxMXNlcyUyMTJzdXMlMjE0djE1NzIxMDkzNDkwNjMlMjE1bTIlMjExc2VzJTIxMnN1cyUyMiUyMHdpZHRoJTNEJTIyNjAwJTIyJTIwaGVpZ2h0JTNEJTIyNDUwJTIyJTIwZnJhbWVib3JkZXIlM0QlMjIwJTIyJTIwc3R5bGUlM0QlMjJib3JkZXIlM0EwJTNCJTIyJTIwYWxsb3dmdWxsc2NyZWVuJTNEJTIyJTIyJTNFJTNDJTJGaWZyYW1lJTNF\u00a0\u00bb size=\u00a0\u00bb500px\u00a0\u00bb][\/vc_column][\/vc_row][vc_row gap=\u00a0\u00bb20&Prime;][vc_column width=\u00a0\u00bb1\/2&Prime;][vc_column_text css=\u00a0\u00bb\u00a0\u00bb]<\/p>\n<h3>Grupo ARGRAF<\/h3>\n<p>Avenida de Navarra 36<br \/>\n01320 Oy\u00f3n, \u00c1lava<br \/>\nEspagne<\/p>\n<p><strong> T\u00e9l\u00e9phone:<\/strong> +34 945601653<\/p>\n<p><a href=\"mailto:ccuevas@grupoargraf.com\"><strong>ccuevas@grupoargraf.com<\/strong><\/a><\/p>\n<p><strong>D\u00e9partement RH:<\/strong><\/p>\n<p><strong><a href=\"mailto:rrhh@grupoargraf.com\">rrhh@grupoargraf.com<\/a><\/strong>[\/vc_column_text][vc_single_image image=\u00a0\u00bb801&Prime; img_size=\u00a0\u00bbfull\u00a0\u00bb][vc_column_text]<\/p>\n<h3>Grupo ARGRAF Catalu\u00f1a<\/h3>\n<p>Carrer del Pont de Can Claver\u00ed 48<br \/>\n08191 Rub\u00ed, Barcelona<br \/>\nEspagne<\/p>\n<p><span aria-label=\"Llamar al n\u00famero de tel\u00e9fono 935 88 25 53\"><strong>T\u00e9l\u00e9phone:<\/strong> +34 935 882 553<\/span>[\/vc_column_text][\/vc_column][vc_column width=\u00a0\u00bb1\/2&Prime;][vc_column_text]<\/p>\n<h1>Contactez-nous<\/h1>\n<p>[\/vc_column_text]<form class=\"dt-contact-form dt-form privacy-form\" method=\"post\"><input type=\"hidden\" name=\"widget_id\" value=\"presscore-contact-form-widget--1\" \/><input type=\"hidden\" name=\"send_message\" value=\"\" \/><input type=\"hidden\" name=\"security_token\" value=\"37506b8471a8cf4b2cac\"\/><div class=\"form-fields\"><span class=\"form-name\"><label class=\"assistive-text\">Nom *<\/label><input type=\"text\" class=\"validate[required]\" placeholder=\"Nom *\" name=\"name\" value=\"\" aria-required=\"true\">\n<\/span><span class=\"form-mail\"><label class=\"assistive-text\">E-mail *<\/label><input type=\"text\" class=\"validate[required,custom[email]]\" placeholder=\"E-mail *\" name=\"email\" value=\"\" aria-required=\"true\">\n<\/span><span class=\"form-telephone\"><label class=\"assistive-text\">T\u00e9l\u00e9phone<\/label><input type=\"text\" placeholder=\"T\u00e9l\u00e9phone\" name=\"telephone\" value=\"\" aria-required=\"false\">\n<\/span><\/div><span class=\"form-message\"><label class=\"assistive-text\">Message *<\/label><textarea class=\"validate[required]\" placeholder=\"Message *\" name=\"message\" rows=\"6\" aria-required=\"true\"><\/textarea>\n<\/span><p class=\"the7-form-terms-wrap\"><input type=\"checkbox\" id=\"the7-form-terms-15f28fbc8c6e099a1e98b8a555d72374\" name=\"terms\" class=\"validate[required] the7-form-terms\" aria-required=\"true\" \/>&nbsp;<label for=\"the7-form-terms-15f28fbc8c6e099a1e98b8a555d72374\"><span class=\"form-terms-text\">Acepto la pol\u00edtica de protecci\u00f3n de datos y la privacidad<\/span><\/label><\/p><p><a href=\"#\" class=\"dt-btn dt-btn-m dt-btn-submit\" rel=\"nofollow\"><span>Envoyer<\/span><\/a><input class=\"assistive-text\" type=\"submit\" value=\"envoyer\"><\/p><\/form>\n[\/vc_column][\/vc_row]<\/p>\n<\/div>","protected":false},"excerpt":{"rendered":"<p>[vc_row full_width=\u00a0\u00bbstretch_row_content_no_spaces\u00a0\u00bb content_placement=\u00a0\u00bbtop\u00a0\u00bb css=\u00a0\u00bb.vc_custom_1572109591517{padding-top: -50px !important;}\u00a0\u00bb][vc_column][vc_gmaps link=\u00a0\u00bb#E-8_JTNDaWZyYW1lJTIwc3JjJTNEJTIyaHR0cHMlM0ElMkYlMkZ3d3cuZ29vZ2xlLmNvbSUyRm1hcHMlMkZlbWJlZCUzRnBiJTNEJTIxMW0xNCUyMTFtOCUyMTFtMyUyMTFkMjk0MS41MzQxNzQwOTg0NjQlMjEyZC0yLjQzNjEyNCUyMTNkNDIuNTAxNDU1JTIxM20yJTIxMWkxMDI0JTIxMmk3NjglMjE0ZjEzLjElMjEzbTMlMjExbTIlMjExczB4MCUyNTNBMHgzMTIzNTc4ODM1Y2ZiODJlJTIxMnNHcnVwbyUyNTIwQXJncmFmJTIxNWUwJTIxM20yJTIxMXNlcyUyMTJzdXMlMjE0djE1NzIxMDkzNDkwNjMlMjE1bTIlMjExc2VzJTIxMnN1cyUyMiUyMHdpZHRoJTNEJTIyNjAwJTIyJTIwaGVpZ2h0JTNEJTIyNDUwJTIyJTIwZnJhbWVib3JkZXIlM0QlMjIwJTIyJTIwc3R5bGUlM0QlMjJib3JkZXIlM0EwJTNCJTIyJTIwYWxsb3dmdWxsc2NyZWVuJTNEJTIyJTIyJTNFJTNDJTJGaWZyYW1lJTNF\u00a0\u00bb size=\u00a0\u00bb500px\u00a0\u00bb][\/vc_column][\/vc_row][vc_row gap=\u00a0\u00bb20&Prime;][vc_column width=\u00a0\u00bb1\/2&Prime;][vc_column_text css=\u00a0\u00bb\u00a0\u00bb] Grupo ARGRAF Avenida de Navarra 36 01320 Oy\u00f3n, \u00c1lava Espagne T\u00e9l\u00e9phone: +34 945601653 ccuevas@grupoargraf.com D\u00e9partement RH: rrhh@grupoargraf.com[\/vc_column_text][vc_single_image image=\u00a0\u00bb801&Prime; img_size=\u00a0\u00bbfull\u00a0\u00bb][vc_column_text] Grupo ARGRAF Catalu\u00f1a Carrer del Pont de Can Claver\u00ed 48 08191 Rub\u00ed, Barcelona Espagne T\u00e9l\u00e9phone: +34 935 882 553[\/vc_column_text][\/vc_column][vc_column width=\u00a0\u00bb1\/2&Prime;][vc_column_text] Contactez-nous [\/vc_column_text][\/vc_column][\/vc_row]<\/p>\n","protected":false},"author":2,"featured_media":0,"parent":0,"menu_order":0,"comment_status":"closed","ping_status":"closed","template":"","meta":{"_acf_changed":false,"footnotes":""},"yst_prominent_words":[138,141,131],"class_list":["post-800","page","type-page","status-publish","hentry","description-off"],"acf":[],"_links":{"self":[{"href":"https:\/\/www.grupoargraf.com\/fr\/wp-json\/wp\/v2\/pages\/800","targetHints":{"allow":["GET"]}}],"collection":[{"href":"https:\/\/www.grupoargraf.com\/fr\/wp-json\/wp\/v2\/pages"}],"about":[{"href":"https:\/\/www.grupoargraf.com\/fr\/wp-json\/wp\/v2\/types\/page"}],"author":[{"embeddable":true,"href":"https:\/\/www.grupoargraf.com\/fr\/wp-json\/wp\/v2\/users\/2"}],"replies":[{"embeddable":true,"href":"https:\/\/www.grupoargraf.com\/fr\/wp-json\/wp\/v2\/comments?post=800"}],"version-history":[{"count":0,"href":"https:\/\/www.grupoargraf.com\/fr\/wp-json\/wp\/v2\/pages\/800\/revisions"}],"wp:attachment":[{"href":"https:\/\/www.grupoargraf.com\/fr\/wp-json\/wp\/v2\/media?parent=800"}],"wp:term":[{"taxonomy":"yst_prominent_words","embeddable":true,"href":"https:\/\/www.grupoargraf.com\/fr\/wp-json\/wp\/v2\/yst_prominent_words?post=800"}],"curies":[{"name":"wp","href":"https:\/\/api.w.org\/{rel}","templated":true}]}}