{"id":639,"date":"2019-10-15T18:28:54","date_gmt":"2019-10-15T16:28:54","guid":{"rendered":"https:\/\/www.grupoargraf.com\/catalogo\/alimentacion\/"},"modified":"2025-04-09T15:58:37","modified_gmt":"2025-04-09T13:58:37","slug":"etiquettes-alimentaires","status":"publish","type":"page","link":"https:\/\/www.grupoargraf.com\/fr\/catalogue\/etiquettes-alimentaires\/","title":{"rendered":"\u00c9tiquettes alimentaires"},"content":{"rendered":"<div class=\"wpb-content-wrapper\">[vc_row][vc_column][vc_row_inner][vc_column_inner width=\u00a0\u00bb1\/4&Prime;][\/vc_column_inner][vc_column_inner width=\u00a0\u00bb1\/2&Prime;][vc_column_text css=\u00a0\u00bb\u00a0\u00bb]\r\n<h1 style=\"text-align: center;\">\u00c9tiquettes alimentaires<\/h1>\r\n<h2>Des \u00c9tiquettes Premium pour Vos Produits Alimentaires<\/h2>\r\n<p style=\"text-align: left;\">Dans le groupe Argraf sont des sp\u00e9cialistes en Espagne dans la fabrication d&rsquo;\u00e9tiquettes alimentaires. Notre soci\u00e9t\u00e9 se concentre sur la valeur de l&rsquo;\u00e9tiquette, l&rsquo;\u00e9l\u00e9ment principal de la prise de d\u00e9cision pour les clients potentiels, de sorte que les valeurs dans lesquelles nous travaillons sont la <a href=\"https:\/\/www.grupoargraf.com\/fr\/argraf\/ualite-et-environnement\/\">qualit\u00e9<\/a>, l&rsquo;innovation et l&rsquo;efficacit\u00e9 de ce pour aider nos clients \u00e0 atteindre leur grand objectif: vendre.<\/p>\r\n[\/vc_column_text][\/vc_column_inner][vc_column_inner width=\u00a0\u00bb1\/4&Prime;][\/vc_column_inner][\/vc_row_inner][\/vc_column][\/vc_row]<!-- \/wp:post-content --><\/div>","protected":false},"excerpt":{"rendered":"<p>[vc_row][vc_column][vc_row_inner][vc_column_inner width=\u00a0\u00bb1\/4&Prime;][\/vc_column_inner][vc_column_inner width=\u00a0\u00bb1\/2&Prime;][vc_column_text css=\u00a0\u00bb\u00a0\u00bb] \u00c9tiquettes alimentaires Des \u00c9tiquettes Premium pour Vos Produits Alimentaires Dans le groupe Argraf sont des sp\u00e9cialistes en Espagne dans la fabrication d&rsquo;\u00e9tiquettes alimentaires. Notre soci\u00e9t\u00e9 se concentre sur la valeur de l&rsquo;\u00e9tiquette, l&rsquo;\u00e9l\u00e9ment principal de la prise de d\u00e9cision pour les clients potentiels, de sorte que les valeurs dans lesquelles nous&hellip;<\/p>\n","protected":false},"author":2,"featured_media":0,"parent":627,"menu_order":0,"comment_status":"closed","ping_status":"closed","template":"template-portfolio-masonry.php","meta":{"_acf_changed":false,"footnotes":""},"yst_prominent_words":[],"class_list":["post-639","page","type-page","status-publish","hentry","description-off"],"acf":[],"_links":{"self":[{"href":"https:\/\/www.grupoargraf.com\/fr\/wp-json\/wp\/v2\/pages\/639","targetHints":{"allow":["GET"]}}],"collection":[{"href":"https:\/\/www.grupoargraf.com\/fr\/wp-json\/wp\/v2\/pages"}],"about":[{"href":"https:\/\/www.grupoargraf.com\/fr\/wp-json\/wp\/v2\/types\/page"}],"author":[{"embeddable":true,"href":"https:\/\/www.grupoargraf.com\/fr\/wp-json\/wp\/v2\/users\/2"}],"replies":[{"embeddable":true,"href":"https:\/\/www.grupoargraf.com\/fr\/wp-json\/wp\/v2\/comments?post=639"}],"version-history":[{"count":1,"href":"https:\/\/www.grupoargraf.com\/fr\/wp-json\/wp\/v2\/pages\/639\/revisions"}],"predecessor-version":[{"id":8445,"href":"https:\/\/www.grupoargraf.com\/fr\/wp-json\/wp\/v2\/pages\/639\/revisions\/8445"}],"up":[{"embeddable":true,"href":"https:\/\/www.grupoargraf.com\/fr\/wp-json\/wp\/v2\/pages\/627"}],"wp:attachment":[{"href":"https:\/\/www.grupoargraf.com\/fr\/wp-json\/wp\/v2\/media?parent=639"}],"wp:term":[{"taxonomy":"yst_prominent_words","embeddable":true,"href":"https:\/\/www.grupoargraf.com\/fr\/wp-json\/wp\/v2\/yst_prominent_words?post=639"}],"curies":[{"name":"wp","href":"https:\/\/api.w.org\/{rel}","templated":true}]}}