{"id":634,"date":"2019-10-25T21:09:24","date_gmt":"2019-10-25T19:09:24","guid":{"rendered":"https:\/\/www.grupoargraf.com\/aviso-legal\/"},"modified":"2019-10-27T19:00:34","modified_gmt":"2019-10-27T18:00:34","slug":"aviso-legal","status":"publish","type":"page","link":"https:\/\/www.grupoargraf.com\/fr\/aviso-legal\/","title":{"rendered":"Avis juridique"},"content":{"rendered":"<div class=\"wpb-content-wrapper\"><p>[vc_row][vc_column][vc_column_text]<\/p>\n<h1 style=\"text-align: center;\">Avis juridique<\/h1>\n<p>[\/vc_column_text][\/vc_column][\/vc_row][vc_row][vc_column][vc_column_text]En application de la Loi espagnole 34\/2002, du 11 juillet, sur les Services de la Soci\u00e9t\u00e9 de l&rsquo;Information et du Commerce \u00c9lectronique (ci-apr\u00e8s LSSICE) , nous vous informons que le titulaire du site web est Grupo Argraf S.A..<\/p>\n<p>Conform\u00e9ment \u00e0 l&rsquo;article 10 de la loi LSSICE, les donn\u00e9es d&rsquo;identification du titulaire sont les suivantes:<\/p>\n<p><strong>Grupo Argraf S.A.<\/strong><br \/>\nDomicile: Avenida de Navarra 36<br \/>\nCIF: A01014794<br \/>\nAdresse \u00e9lectronique: administracion@grupoargraf.com<\/p>\n<p><strong>CONDITIONS G\u00c9N\u00c9RALES D&rsquo;UTILISATION DU SITE WEB<\/strong><\/p>\n<p>Grupo Argraf S.A. met gratuitement \u00e0 la disposition des utilisateurs d&rsquo;Internet le pr\u00e9sent site web.<\/p>\n<p>L&rsquo;acc\u00e8s au pr\u00e9sent site web implique l&rsquo;acceptation des pr\u00e9sentes Conditions, qui pourront \u00eatre modifi\u00e9es ou remplac\u00e9es par Grupo Argraf S.A. en publiant lesdites modifications sur le site web. Dans tous les cas, les utilisateurs auront pris connaissance pr\u00e9alablement des nouvelles Conditions avant de retourner sur le site web.<\/p>\n<p>L&rsquo;utilisateur s&rsquo;engage \u00e0 utiliser le site web et ses services et contenus sous le principe de bonne foi, sans transgresser la loi en vigueur et l&rsquo;ordre public.<\/p>\n<p>Sont autoris\u00e9s la visualisation, l&rsquo;impression et le t\u00e9l\u00e9chargement partiel du contenu du site web seulement et exclusivement dans les conditions suivantes:<\/p>\n<p>&#8211; Que ce soit compatible avec les fins du site web, sans que cela puisse l&rsquo;endommager, le rendre inutilisable, le surcharger ou le d\u00e9t\u00e9riorer sous quelque forme que ce soit.<br \/>\n&#8211; Qu&rsquo;ils se r\u00e9alisent avec la seule intention d&rsquo;obtenir l&rsquo;information contenue pour un usage professionnel. Son utilisation est interdite \u00e0 des fins commerciales ou pour sa distribution, communication publique, transformation ou d\u00e9compilation.<br \/>\n&#8211; Qu&rsquo;aucun des contenus en rapport avec ce site web ne soit modifi\u00e9 de quelque fa\u00e7on que ce soit.<br \/>\n&#8211; Qu&rsquo;aucun graphique, ic\u00f4ne ou image disponible sur ce site web soit utilis\u00e9, copi\u00e9 ou distribu\u00e9 s\u00e9par\u00e9ment du texte ou des autres images qui l&rsquo;accompagnent.<\/p>\n<p><strong>CLAUSES LIMITATIVES DE RESPONSABILIT\u00c9<\/strong><\/p>\n<p>Grupo Argraf S.A. ne garantit pas l&rsquo;inexistence d&rsquo;interruptions ou d&rsquo;erreurs au niveau de l&rsquo;acc\u00e8s au site web ni \u00e0 ses diff\u00e9rents contenus, ni que ce dernier soit actualis\u00e9. Grupo Argraf S.A. fera le n\u00e9cessaire pour r\u00e9soudre les erreurs, r\u00e9tablir la communication et actualiser les contenus du moment que les causes de ces probl\u00e8mes ne rendent pas impossible ou extr\u00eamement difficile leur solution et d\u00e8s que l&rsquo;entreprise aura pris connaissance des erreurs, d\u00e9connexions et manque d&rsquo;actualisation de ses contenus.<\/p>\n<p>L&rsquo;acc\u00e8s au site web ainsi que l&rsquo;utilisation non autoris\u00e9e pouvant \u00eatre faite de l&rsquo;information qu&rsquo;il contient est responsabilit\u00e9 exclusive de celui qui la r\u00e9alise. Grupo Argraf S.A. ne sera en aucun cas responsable des cons\u00e9quences, dommages ou pr\u00e9judices pouvant provenir de l&rsquo;acc\u00e8s au site web ou de son utilisation incorrecte.<\/p>\n<p>De m\u00eame, Grupo Argraf S.A. ne peut \u00eatre tenue pour responsable des erreurs de s\u00e9curit\u00e9 pouvant avoir lieu ni des dommages pouvant \u00eatre caus\u00e9s au syst\u00e8me informatique de l&rsquo;utilisateur (disque dur et logiciel) ou aux fichiers ou documents stock\u00e9s dus:<\/p>\n<p>&#8211; \u00e0 la pr\u00e9sence d&rsquo;un virus dans l&rsquo;ordinateur de l&rsquo;utilisateur utilis\u00e9 pour la connexion aux services et contenus du site web.<br \/>\n&#8211; \u00e0 un mauvais fonctionnement du navigateur.<br \/>\n&#8211; \u00e0 l&rsquo;utilisation de versions non actualis\u00e9es du navigateur.<\/p>\n<p><strong>LIENS<\/strong><\/p>\n<p>Grupo Argraf S.A. n&rsquo;assume aucune responsabilit\u00e9 d\u00e9riv\u00e9e des contenus consult\u00e9s \u00e0 partir de liens sur le site web du moment qu&rsquo;ils sont externes \u00e0 ce dernier. Le motif de ces liens est d&rsquo;encourager l&rsquo;acc\u00e8s \u00e0 d&rsquo;autres sources d&rsquo;information sur Internet.<\/p>\n<p>Dans le cas o\u00f9 un utilisateur, un client ou une tierce personne consid\u00e8re les contenus ou les services rendus par les sites unis \u00e0 nous via un lien comme illicites ou faisant tort aux biens ou droits de l&rsquo;utilisateur, d&rsquo;un client ou d&rsquo;une tierce personne et susceptibles de donner lieu \u00e0 une indemnisation, notamment le non-respect des principes suivants:<\/p>\n<p>&#8211; La sauvegarde de l&rsquo;ordre public, l&rsquo;investigation p\u00e9nale, la s\u00e9curit\u00e9 publique et la d\u00e9fense nationale.<br \/>\n&#8211; La protection de la sant\u00e9 publique ou des personnes physiques ayant la condition de consommateurs ou usagers, m\u00eame lorsqu&rsquo;elles interviennent en tant qu&rsquo;investisseurs.<br \/>\n&#8211; Le respect de la dignit\u00e9 humaine et les principes de non-discrimination pour des raisons de naissance, de sexe, de religion, d&rsquo;opinion, de nationalit\u00e9, de handicap ou pour n&rsquo;importe quelle autre circonstance personnelle ou sociale.<br \/>\n&#8211; La protection de la jeunesse et de l&rsquo;enfance.<br \/>\n&#8211; La sauvegarde des Droits de Propri\u00e9t\u00e9 Intellectuelle<\/p>\n<p>il devra en faire savoir \u00e0 Grupo Argraf S.A. cependant, la r\u00e9ception de sa part de ladite communication ne supposera pas la connaissance aux effets de la responsabilit\u00e9 pr\u00e9vue dans l&rsquo;article 17 de la LSSICE.<\/p>\n<p><strong>PROPRI\u00c9T\u00c9 INTELLECTUELLE<\/strong><\/p>\n<p>Les contenus, la documentation, les images, les graphiques, les logos et les dessins inclus dans ce site web (ci-apr\u00e8s d\u00e9nomm\u00e9s \u00e9l\u00e9ments corporatifs) sont la propri\u00e9t\u00e9 de Grupo Argraf S.A. et se trouvent dument prot\u00e9g\u00e9s conform\u00e9ment \u00e0 la Loi espagnole et internationale sur la Propri\u00e9t\u00e9 Intellectuelle, c&rsquo;est pourquoi leur reproduction ou utilisation, sous quelque forme que ce soit, est express\u00e9ment interdite sans l&rsquo;autorisation pr\u00e9alable et expresse de Grupo Argraf S.A..<br \/>\nL&rsquo;acc\u00e8s \u00e0 ce site web ne conf\u00e8re aux utilisateurs aucun droit ou titularit\u00e9 sur les droits de propri\u00e9t\u00e9 intellectuelle des \u00e9l\u00e9ments corporatifs, sauf utilisations signal\u00e9es dans les conditions g\u00e9n\u00e9rales.[\/vc_column_text][\/vc_column][\/vc_row]<\/p>\n<\/div>","protected":false},"excerpt":{"rendered":"<p>[vc_row][vc_column][vc_column_text] Avis juridique [\/vc_column_text][\/vc_column][\/vc_row][vc_row][vc_column][vc_column_text]En application de la Loi espagnole 34\/2002, du 11 juillet, sur les Services de la Soci\u00e9t\u00e9 de l&rsquo;Information et du Commerce \u00c9lectronique (ci-apr\u00e8s LSSICE) , nous vous informons que le titulaire du site web est Grupo Argraf S.A.. Conform\u00e9ment \u00e0 l&rsquo;article 10 de la loi LSSICE, les donn\u00e9es d&rsquo;identification du titulaire sont&hellip;<\/p>\n","protected":false},"author":2,"featured_media":0,"parent":0,"menu_order":0,"comment_status":"closed","ping_status":"closed","template":"","meta":{"_acf_changed":false,"footnotes":""},"yst_prominent_words":[],"class_list":["post-634","page","type-page","status-publish","hentry","description-off"],"acf":[],"_links":{"self":[{"href":"https:\/\/www.grupoargraf.com\/fr\/wp-json\/wp\/v2\/pages\/634","targetHints":{"allow":["GET"]}}],"collection":[{"href":"https:\/\/www.grupoargraf.com\/fr\/wp-json\/wp\/v2\/pages"}],"about":[{"href":"https:\/\/www.grupoargraf.com\/fr\/wp-json\/wp\/v2\/types\/page"}],"author":[{"embeddable":true,"href":"https:\/\/www.grupoargraf.com\/fr\/wp-json\/wp\/v2\/users\/2"}],"replies":[{"embeddable":true,"href":"https:\/\/www.grupoargraf.com\/fr\/wp-json\/wp\/v2\/comments?post=634"}],"version-history":[{"count":0,"href":"https:\/\/www.grupoargraf.com\/fr\/wp-json\/wp\/v2\/pages\/634\/revisions"}],"wp:attachment":[{"href":"https:\/\/www.grupoargraf.com\/fr\/wp-json\/wp\/v2\/media?parent=634"}],"wp:term":[{"taxonomy":"yst_prominent_words","embeddable":true,"href":"https:\/\/www.grupoargraf.com\/fr\/wp-json\/wp\/v2\/yst_prominent_words?post=634"}],"curies":[{"name":"wp","href":"https:\/\/api.w.org\/{rel}","templated":true}]}}