{"id":627,"date":"2019-10-15T18:29:03","date_gmt":"2019-10-15T16:29:03","guid":{"rendered":"https:\/\/www.grupoargraf.com\/catalogo\/"},"modified":"2024-03-01T19:29:24","modified_gmt":"2024-03-01T18:29:24","slug":"catalogue","status":"publish","type":"page","link":"https:\/\/www.grupoargraf.com\/fr\/catalogue\/","title":{"rendered":"Cat\u00e1logue"},"content":{"rendered":"<div class=\"wpb-content-wrapper\"><p>[vc_row][vc_column][vc_row_inner][vc_column_inner width=\u00a0\u00bb1\/4&Prime;][\/vc_column_inner][vc_column_inner width=\u00a0\u00bb1\/2&Prime;][vc_column_text]<\/p>\n<h1 style=\"text-align: center;\">Cat\u00e1logue<\/h1>\n<p style=\"text-align: center;\">Dans le groupe Argraf nous vous proposons diff\u00e9rentes techniques d&rsquo;impression, modernes et traditionnelles, appliqu\u00e9es \u00e0 l&rsquo;\u00e9tiquetage industriel. Nos proc\u00e9d\u00e9s de fabrication sont vari\u00e9s et applicables \u00e0 tous les types d&rsquo;\u00e9tiquettes. Nous avons des machines int\u00e9gr\u00e9es Espagne et artisans sont comp\u00e9titifs sur notre march\u00e9. Notre d\u00e9fi ultime est d&rsquo;am\u00e9liorer la comp\u00e9titivit\u00e9 de donner le meilleur service \u00e0 nos clients.<\/p>\n<p>[\/vc_column_text][\/vc_column_inner][vc_column_inner width=\u00a0\u00bb1\/4&Prime;][\/vc_column_inner][\/vc_row_inner][\/vc_column][\/vc_row]<\/p>\n<\/div>","protected":false},"excerpt":{"rendered":"<p>[vc_row][vc_column][vc_row_inner][vc_column_inner width=\u00a0\u00bb1\/4&Prime;][\/vc_column_inner][vc_column_inner width=\u00a0\u00bb1\/2&Prime;][vc_column_text] Cat\u00e1logue Dans le groupe Argraf nous vous proposons diff\u00e9rentes techniques d&rsquo;impression, modernes et traditionnelles, appliqu\u00e9es \u00e0 l&rsquo;\u00e9tiquetage industriel. Nos proc\u00e9d\u00e9s de fabrication sont vari\u00e9s et applicables \u00e0 tous les types d&rsquo;\u00e9tiquettes. Nous avons des machines int\u00e9gr\u00e9es Espagne et artisans sont comp\u00e9titifs sur notre march\u00e9. Notre d\u00e9fi ultime est d&rsquo;am\u00e9liorer la comp\u00e9titivit\u00e9 de&hellip;<\/p>\n","protected":false},"author":2,"featured_media":0,"parent":0,"menu_order":0,"comment_status":"closed","ping_status":"closed","template":"template-portfolio-masonry.php","meta":{"_acf_changed":false,"footnotes":""},"yst_prominent_words":[91],"class_list":["post-627","page","type-page","status-publish","hentry","description-off"],"acf":[],"_links":{"self":[{"href":"https:\/\/www.grupoargraf.com\/fr\/wp-json\/wp\/v2\/pages\/627","targetHints":{"allow":["GET"]}}],"collection":[{"href":"https:\/\/www.grupoargraf.com\/fr\/wp-json\/wp\/v2\/pages"}],"about":[{"href":"https:\/\/www.grupoargraf.com\/fr\/wp-json\/wp\/v2\/types\/page"}],"author":[{"embeddable":true,"href":"https:\/\/www.grupoargraf.com\/fr\/wp-json\/wp\/v2\/users\/2"}],"replies":[{"embeddable":true,"href":"https:\/\/www.grupoargraf.com\/fr\/wp-json\/wp\/v2\/comments?post=627"}],"version-history":[{"count":0,"href":"https:\/\/www.grupoargraf.com\/fr\/wp-json\/wp\/v2\/pages\/627\/revisions"}],"wp:attachment":[{"href":"https:\/\/www.grupoargraf.com\/fr\/wp-json\/wp\/v2\/media?parent=627"}],"wp:term":[{"taxonomy":"yst_prominent_words","embeddable":true,"href":"https:\/\/www.grupoargraf.com\/fr\/wp-json\/wp\/v2\/yst_prominent_words?post=627"}],"curies":[{"name":"wp","href":"https:\/\/api.w.org\/{rel}","templated":true}]}}