{"id":571,"date":"2019-10-18T19:19:46","date_gmt":"2019-10-18T17:19:46","guid":{"rendered":"https:\/\/www.grupoargraf.com\/servicios\/asesoramiento-etiquetado-2\/"},"modified":"2025-04-09T15:47:08","modified_gmt":"2025-04-09T13:47:08","slug":"conseil-en-etiquetage","status":"publish","type":"page","link":"https:\/\/www.grupoargraf.com\/fr\/services\/conseil-en-etiquetage\/","title":{"rendered":"Conseil en \u00e9tiquetage"},"content":{"rendered":"<div class=\"wpb-content-wrapper\"><p>[vc_row][vc_column][vc_row_inner][vc_column_inner width=\u00a0\u00bb1\/4&Prime;][vc_single_image image=\u00a0\u00bb6658&Prime; img_size=\u00a0\u00bblarge\u00a0\u00bb alignment=\u00a0\u00bbcenter\u00a0\u00bb][vc_column_text]<\/p>\n<div class=\"gal2_5\" style=\"text-align: center;\">Service global en conseil sur l&rsquo;\u00e9tiquetage<\/div>\n<p>[\/vc_column_text][\/vc_column_inner][vc_column_inner width=\u00a0\u00bb3\/4&Prime;][vc_column_text]<\/p>\n<h1>Conseil en \u00e9tiquetage<\/h1>\n<p>[\/vc_column_text][vc_column_text css=\u00a0\u00bb\u00a0\u00bb]<\/p>\n<h2>Conseil Expert pour l\u2019\u00c9tiquetage de Vos Produits Vinicoles et Alimentaires<\/h2>\n<p><strong><em>L\u2019\u00e9tiquette est l\u2019\u00ab habillement \u00bb de tout produit. Elle est essentielle pour ceux qui sont conditionn\u00e9s, car l\u2019emballage laisse rarement voir le produit et c\u2019est elle qui renseigne sur le contenu, tout en v\u00e9hiculant l\u2019image de marque de l\u2019entreprise.<\/em><\/strong><\/p>\n<p>Pour sa part, le design de l\u2019\u00e9tiquette, tout en contribuant \u00e0 l\u2019image de marque, renforce la perception de certains attributs subjectifs de la part de l\u2019acheteur ou du consommateur, normalement de fa\u00e7on semi-consciente, par le biais de la couleur, de la forme, des lignes&#8230; avec toutes les connotations psychologiques et culturelles qu\u2019elles \u00e9veillent.<\/p>\n<p><strong><em>\u00ab L\u2019\u00e9tiquette remplit deux fonctions : informer sur le produit et v\u00e9hiculer l\u2019image de la marque\/entreprise \u00bb<\/em><\/strong><\/p>\n<p>Dans le cas d\u2019une bouteille de vin, l\u2019importance de l\u2019\u00e9tiquette est bien sup\u00e9rieure, car les deux fonctions primordiales mentionn\u00e9es pr\u00e9c\u00e9demment p\u00e8sent beaucoup plus lourd lorsqu\u2019il s\u2019agit de vin. En premier lieu, elle offre diverses informations de base sur le vin et le producteur. Elle identifie le produit avec sa marque, indique son cr\u00e9ateur, le distingue des autres bouteilles et le rend unique sur le march\u00e9. En second lieu, l\u2019\u00e9tiquette apporte un design et une image qui ennoblit la bouteille et la rend s\u00e9duisante au premier regard pour que le consommateur la pr\u00e9f\u00e8re aux autres. Au fil du temps, ce sont les propres \u00e9tiquettes qui symbolisent et repr\u00e9sentent le plus et le mieux l\u2019image d\u2019une cave. Ainsi, l\u2019\u00e9tiquette est ce point o\u00f9 se rencontrent l\u2019image d\u2019une entreprise et la m\u00e9moire du consommateur.<\/p>\n<p><strong><em>\u00ab Dans le monde du vin, une bonne part du choix du consommateur repose sur l\u2019apparence de la bouteille. \u00bb<\/em><\/strong><\/p>\n<p>Le succ\u00e8s d\u2019Argraf en mati\u00e8re de confection d\u2019\u00e9tiquettes, surtout pour le vin, est incontestable. En Espagne, pratiquement toutes les caves et l\u2019immense majorit\u00e9 des autres producteurs travaillent actuellement avec Argraf. Nombre de grandes marques d\u2019alimentation espagnoles ont cr\u00e9\u00e9 leurs \u00e9tiquettes dans notre entreprise. \u00catre leaders sur ce segment est le r\u00e9sultat d\u2019un travail efficace et de haute qualit\u00e9, ex\u00e9cut\u00e9 pendant de nombreuses ann\u00e9es de fa\u00e7on r\u00e9guli\u00e8re, ce qui nous a valu d\u2019inspirer une confiance aussi solide que durable \u00e0 nos clients.<\/p>\n<p>Principal fabricant espagnol d\u2019\u00e9tiquettes pour le vin, Argraf est pr\u00e9sent sur pratiquement toutes les appellations avec plus d\u2019un milliard de flacons habill\u00e9s chaque ann\u00e9e en Espagne. <strong>Outre les vins, nous habillons \u00e9galement les conserves v\u00e9g\u00e9tales et de poisson, les liqueurs, huiles, vinaigres, chocolat, fromages, eaux et autres sodas, soit, au total, plus de 2,3 milliards de conditionnements annuels.<\/strong>[\/vc_column_text][vc_btn title=\u00a0\u00bbContactez-nous\u00a0\u00bb color=\u00a0\u00bbblack\u00a0\u00bb link=\u00a0\u00bburl:https%3A%2F%2Fwww.grupoargraf.com%2Ffr%2Fcontact%2F|title:Contact\u00a0\u00bb][\/vc_column_inner][\/vc_row_inner][\/vc_column][\/vc_row][vc_row full_width=\u00a0\u00bbstretch_row\u00a0\u00bb bg_type=\u00a0\u00bbbg_color\u00a0\u00bb bg_color_value=\u00a0\u00bb#f1f1f1&Prime; css=\u00a0\u00bb.vc_custom_1709318601708{margin-top: 3em !important;padding-top: 2em !important;padding-bottom: 2em !important;}\u00a0\u00bb][vc_column][vc_row_inner][vc_column_inner width=\u00a0\u00bb1\/3&Prime;][vc_single_image image=\u00a0\u00bb6661&Prime; img_size=\u00a0\u00bbfull\u00a0\u00bb alignment=\u00a0\u00bbcenter\u00a0\u00bb onclick=\u00a0\u00bbcustom_link\u00a0\u00bb css_animation=\u00a0\u00bbslideInUp\u00a0\u00bb image_hovers=\u00a0\u00bbfalse\u00a0\u00bb link=\u00a0\u00bbhttps:\/\/www.grupoargraf.com\/fr\/services\/conseil-en-etiquetage\/\u00a0\u00bb][vc_column_text]<\/p>\n<h3 style=\"text-align: center;\">Conseil<br \/>\nen \u00e9tiquetage<\/h3>\n<p>[\/vc_column_text][\/vc_column_inner][vc_column_inner width=\u00a0\u00bb1\/3&Prime;][vc_single_image image=\u00a0\u00bb6673&Prime; img_size=\u00a0\u00bblarge\u00a0\u00bb alignment=\u00a0\u00bbcenter\u00a0\u00bb onclick=\u00a0\u00bbcustom_link\u00a0\u00bb css_animation=\u00a0\u00bbslideInUp\u00a0\u00bb image_hovers=\u00a0\u00bbfalse\u00a0\u00bb link=\u00a0\u00bbhttps:\/\/www.grupoargraf.com\/fr\/services\/impression-et-finitions\/\u00a0\u00bb][vc_column_text]<\/p>\n<h3 style=\"text-align: center;\">Impression<br \/>\net finitions<\/h3>\n<p>[\/vc_column_text][\/vc_column_inner][vc_column_inner width=\u00a0\u00bb1\/3&Prime;][vc_single_image image=\u00a0\u00bb6661&Prime; img_size=\u00a0\u00bblarge\u00a0\u00bb alignment=\u00a0\u00bbcenter\u00a0\u00bb onclick=\u00a0\u00bbcustom_link\u00a0\u00bb css_animation=\u00a0\u00bbslideInUp\u00a0\u00bb image_hovers=\u00a0\u00bbfalse\u00a0\u00bb link=\u00a0\u00bbhttps:\/\/www.grupoargraf.com\/fr\/services\/conseil-aux-designers\/\u00a0\u00bb][vc_column_text]<\/p>\n<h3 style=\"text-align: center;\">Conseil<br \/>\naux designers<\/h3>\n<p>[\/vc_column_text][\/vc_column_inner][\/vc_row_inner][\/vc_column][\/vc_row]<\/p>\n<\/div>","protected":false},"excerpt":{"rendered":"<p>[vc_row][vc_column][vc_row_inner][vc_column_inner width=\u00a0\u00bb1\/4&Prime;][vc_single_image image=\u00a0\u00bb6658&Prime; img_size=\u00a0\u00bblarge\u00a0\u00bb alignment=\u00a0\u00bbcenter\u00a0\u00bb][vc_column_text] Service global en conseil sur l&rsquo;\u00e9tiquetage [\/vc_column_text][\/vc_column_inner][vc_column_inner width=\u00a0\u00bb3\/4&Prime;][vc_column_text] Conseil en \u00e9tiquetage [\/vc_column_text][vc_column_text css=\u00a0\u00bb\u00a0\u00bb] Conseil Expert pour l\u2019\u00c9tiquetage de Vos Produits Vinicoles et Alimentaires L\u2019\u00e9tiquette est l\u2019\u00ab habillement \u00bb de tout produit. Elle est essentielle pour ceux qui sont conditionn\u00e9s, car l\u2019emballage laisse rarement voir le produit et c\u2019est elle qui&hellip;<\/p>\n","protected":false},"author":2,"featured_media":572,"parent":530,"menu_order":0,"comment_status":"closed","ping_status":"closed","template":"","meta":{"_acf_changed":false,"footnotes":""},"yst_prominent_words":[],"class_list":["post-571","page","type-page","status-publish","has-post-thumbnail","hentry","description-off"],"acf":[],"_links":{"self":[{"href":"https:\/\/www.grupoargraf.com\/fr\/wp-json\/wp\/v2\/pages\/571","targetHints":{"allow":["GET"]}}],"collection":[{"href":"https:\/\/www.grupoargraf.com\/fr\/wp-json\/wp\/v2\/pages"}],"about":[{"href":"https:\/\/www.grupoargraf.com\/fr\/wp-json\/wp\/v2\/types\/page"}],"author":[{"embeddable":true,"href":"https:\/\/www.grupoargraf.com\/fr\/wp-json\/wp\/v2\/users\/2"}],"replies":[{"embeddable":true,"href":"https:\/\/www.grupoargraf.com\/fr\/wp-json\/wp\/v2\/comments?post=571"}],"version-history":[{"count":2,"href":"https:\/\/www.grupoargraf.com\/fr\/wp-json\/wp\/v2\/pages\/571\/revisions"}],"predecessor-version":[{"id":8437,"href":"https:\/\/www.grupoargraf.com\/fr\/wp-json\/wp\/v2\/pages\/571\/revisions\/8437"}],"up":[{"embeddable":true,"href":"https:\/\/www.grupoargraf.com\/fr\/wp-json\/wp\/v2\/pages\/530"}],"wp:featuredmedia":[{"embeddable":true,"href":"https:\/\/www.grupoargraf.com\/fr\/wp-json\/wp\/v2\/media\/572"}],"wp:attachment":[{"href":"https:\/\/www.grupoargraf.com\/fr\/wp-json\/wp\/v2\/media?parent=571"}],"wp:term":[{"taxonomy":"yst_prominent_words","embeddable":true,"href":"https:\/\/www.grupoargraf.com\/fr\/wp-json\/wp\/v2\/yst_prominent_words?post=571"}],"curies":[{"name":"wp","href":"https:\/\/api.w.org\/{rel}","templated":true}]}}