{"id":554,"date":"2019-10-18T19:14:50","date_gmt":"2019-10-18T17:14:50","guid":{"rendered":"https:\/\/www.grupoargraf.com\/servicios\/asesoramiento-a-disenadores-2\/"},"modified":"2025-04-09T15:50:26","modified_gmt":"2025-04-09T13:50:26","slug":"conseil-aux-designers","status":"publish","type":"page","link":"https:\/\/www.grupoargraf.com\/fr\/services\/conseil-aux-designers\/","title":{"rendered":"Conseil aux designers"},"content":{"rendered":"<div class=\"wpb-content-wrapper\"><p>[vc_row][vc_column][vc_row_inner gap=\u00a0\u00bb20&Prime;][vc_column_inner width=\u00a0\u00bb2\/6&Prime;][vc_single_image image=\u00a0\u00bb6611&Prime; img_size=\u00a0\u00bblarge\u00a0\u00bb alignment=\u00a0\u00bbcenter\u00a0\u00bb][\/vc_column_inner][vc_column_inner width=\u00a0\u00bb4\/6&Prime;][vc_column_text]<\/p>\n<h1>Conseil aux designers<\/h1>\n<p>[\/vc_column_text][vc_column_text css=\u00a0\u00bb\u00a0\u00bb]<\/p>\n<div class=\"serv9\">\n<h2>Soutien Technique et Cr\u00e9atif pour les Designers d\u2019\u00c9tiquettes<\/h2>\n<p class=\"his4b\"><em><strong>Chez Argraf, nous sommes fiers que 70% de nos clients nous commandent non seulement l\u2019impression, mais aussi le design de leurs \u00e9tiquettes. La qualit\u00e9 \u00e9prouv\u00e9e de notre \u00e9quipe d\u2019auteurs, dont certains comptent plus de 20 ans d\u2019exp\u00e9rience, est la garantie d\u2019une cr\u00e9ativit\u00e9 et d\u2019une comp\u00e9tence quasiment sans concurrence sur le march\u00e9 des \u00e9tiquettes alimentaires, afin d\u2019apporter \u00e0 chacune d\u2019elles un style original et une identit\u00e9 unique.<\/strong><\/em><\/p>\n<p><em><strong><span class=\"cursiva\"><span class=\"negrita\">\u00ab Conseil en finitions et en design d\u2019\u00e9tiquettes par notre bureau de cr\u00e9ation\u201d<\/span><\/span><\/strong><\/em><\/p>\n<p>En outre, notre vaste base de donn\u00e9es historiques d\u2019\u00e9tiquettes nous permet d\u2019analyser l\u2019\u00e9volution des designs d\u2019une m\u00eame marque ou d\u2019un segment de produits, d\u2019\u00e9valuer les combinaisons d\u2019\u00e9l\u00e9ments d\u00e9j\u00e0 connus possibles, et d\u2019\u00e9tudier de nouvelles perspectives cr\u00e9atives en consonance avec les derni\u00e8res tendances et les possibilit\u00e9s qu\u2019offrent les nouveaux estampages et finitions.<\/p>\n<p>Chaque ann\u00e9e, plus de 1800 nouvelles \u00e9tiquettes voient le jour chez Argraf, dans notre volont\u00e9 d\u2019aider nos clients dans la conqu\u00eate de leurs march\u00e9s respectifs ; et autant sont renouvel\u00e9es en fonction des imp\u00e9ratifs de marketing des entreprises ou des exigences de la l\u00e9gislation en mati\u00e8re d\u2019information. Toutes sont le produit de notre ambition constante d\u2019\u00eatre \u00e0 la pointe, en information, en tendances et en recherche.<\/p>\n<\/div>\n<p>[\/vc_column_text][vc_btn title=\u00a0\u00bbContactez-nous\u00a0\u00bb color=\u00a0\u00bbblack\u00a0\u00bb link=\u00a0\u00bburl:https%3A%2F%2Fwww.grupoargraf.com%2Ffr%2Fcontact%2F|title:Contact\u00a0\u00bb][\/vc_column_inner][\/vc_row_inner][\/vc_column][\/vc_row][vc_row full_width=\u00a0\u00bbstretch_row\u00a0\u00bb bg_type=\u00a0\u00bbbg_color\u00a0\u00bb bg_color_value=\u00a0\u00bb#f1f1f1&Prime; css=\u00a0\u00bb.vc_custom_1709318601708{margin-top: 3em !important;padding-top: 2em !important;padding-bottom: 2em !important;}\u00a0\u00bb][vc_column][vc_row_inner][vc_column_inner width=\u00a0\u00bb1\/3&Prime;][vc_single_image image=\u00a0\u00bb6661&Prime; img_size=\u00a0\u00bbfull\u00a0\u00bb alignment=\u00a0\u00bbcenter\u00a0\u00bb onclick=\u00a0\u00bbcustom_link\u00a0\u00bb css_animation=\u00a0\u00bbslideInUp\u00a0\u00bb image_hovers=\u00a0\u00bbfalse\u00a0\u00bb link=\u00a0\u00bbhttps:\/\/www.grupoargraf.com\/fr\/services\/conseil-en-etiquetage\/\u00a0\u00bb][vc_column_text]<\/p>\n<h3 style=\"text-align: center;\">Conseil<br \/>\nen \u00e9tiquetage<\/h3>\n<p>[\/vc_column_text][\/vc_column_inner][vc_column_inner width=\u00a0\u00bb1\/3&Prime;][vc_single_image image=\u00a0\u00bb6673&Prime; img_size=\u00a0\u00bblarge\u00a0\u00bb alignment=\u00a0\u00bbcenter\u00a0\u00bb onclick=\u00a0\u00bbcustom_link\u00a0\u00bb css_animation=\u00a0\u00bbslideInUp\u00a0\u00bb image_hovers=\u00a0\u00bbfalse\u00a0\u00bb link=\u00a0\u00bbhttps:\/\/www.grupoargraf.com\/fr\/services\/impression-et-finitions\/\u00a0\u00bb][vc_column_text]<\/p>\n<h3 style=\"text-align: center;\">Impression<br \/>\net finitions<\/h3>\n<p>[\/vc_column_text][\/vc_column_inner][vc_column_inner width=\u00a0\u00bb1\/3&Prime;][vc_single_image image=\u00a0\u00bb6661&Prime; img_size=\u00a0\u00bblarge\u00a0\u00bb alignment=\u00a0\u00bbcenter\u00a0\u00bb onclick=\u00a0\u00bbcustom_link\u00a0\u00bb css_animation=\u00a0\u00bbslideInUp\u00a0\u00bb image_hovers=\u00a0\u00bbfalse\u00a0\u00bb link=\u00a0\u00bbhttps:\/\/www.grupoargraf.com\/fr\/services\/conseil-aux-designers\/\u00a0\u00bb][vc_column_text]<\/p>\n<h3 style=\"text-align: center;\">Conseil<br \/>\naux designers<\/h3>\n<p>[\/vc_column_text][\/vc_column_inner][\/vc_row_inner][\/vc_column][\/vc_row]<\/p>\n<\/div>","protected":false},"excerpt":{"rendered":"<p>[vc_row][vc_column][vc_row_inner gap=\u00a0\u00bb20&Prime;][vc_column_inner width=\u00a0\u00bb2\/6&Prime;][vc_single_image image=\u00a0\u00bb6611&Prime; img_size=\u00a0\u00bblarge\u00a0\u00bb alignment=\u00a0\u00bbcenter\u00a0\u00bb][\/vc_column_inner][vc_column_inner width=\u00a0\u00bb4\/6&Prime;][vc_column_text] Conseil aux designers [\/vc_column_text][vc_column_text css=\u00a0\u00bb\u00a0\u00bb] Soutien Technique et Cr\u00e9atif pour les Designers d\u2019\u00c9tiquettes Chez Argraf, nous sommes fiers que 70% de nos clients nous commandent non seulement l\u2019impression, mais aussi le design de leurs \u00e9tiquettes. La qualit\u00e9 \u00e9prouv\u00e9e de notre \u00e9quipe d\u2019auteurs, dont certains comptent plus de 20&hellip;<\/p>\n","protected":false},"author":2,"featured_media":556,"parent":530,"menu_order":0,"comment_status":"closed","ping_status":"closed","template":"","meta":{"_acf_changed":false,"footnotes":""},"yst_prominent_words":[138,91],"class_list":["post-554","page","type-page","status-publish","has-post-thumbnail","hentry","description-off"],"acf":[],"_links":{"self":[{"href":"https:\/\/www.grupoargraf.com\/fr\/wp-json\/wp\/v2\/pages\/554","targetHints":{"allow":["GET"]}}],"collection":[{"href":"https:\/\/www.grupoargraf.com\/fr\/wp-json\/wp\/v2\/pages"}],"about":[{"href":"https:\/\/www.grupoargraf.com\/fr\/wp-json\/wp\/v2\/types\/page"}],"author":[{"embeddable":true,"href":"https:\/\/www.grupoargraf.com\/fr\/wp-json\/wp\/v2\/users\/2"}],"replies":[{"embeddable":true,"href":"https:\/\/www.grupoargraf.com\/fr\/wp-json\/wp\/v2\/comments?post=554"}],"version-history":[{"count":3,"href":"https:\/\/www.grupoargraf.com\/fr\/wp-json\/wp\/v2\/pages\/554\/revisions"}],"predecessor-version":[{"id":8440,"href":"https:\/\/www.grupoargraf.com\/fr\/wp-json\/wp\/v2\/pages\/554\/revisions\/8440"}],"up":[{"embeddable":true,"href":"https:\/\/www.grupoargraf.com\/fr\/wp-json\/wp\/v2\/pages\/530"}],"wp:featuredmedia":[{"embeddable":true,"href":"https:\/\/www.grupoargraf.com\/fr\/wp-json\/wp\/v2\/media\/556"}],"wp:attachment":[{"href":"https:\/\/www.grupoargraf.com\/fr\/wp-json\/wp\/v2\/media?parent=554"}],"wp:term":[{"taxonomy":"yst_prominent_words","embeddable":true,"href":"https:\/\/www.grupoargraf.com\/fr\/wp-json\/wp\/v2\/yst_prominent_words?post=554"}],"curies":[{"name":"wp","href":"https:\/\/api.w.org\/{rel}","templated":true}]}}