{"id":543,"date":"2019-10-18T19:12:45","date_gmt":"2019-10-18T17:12:45","guid":{"rendered":"https:\/\/www.grupoargraf.com\/servicios\/impresion-y-acabados\/"},"modified":"2025-04-09T15:44:20","modified_gmt":"2025-04-09T13:44:20","slug":"impression-et-finitions","status":"publish","type":"page","link":"https:\/\/www.grupoargraf.com\/fr\/services\/impression-et-finitions\/","title":{"rendered":"Impression et finitions"},"content":{"rendered":"<div class=\"wpb-content-wrapper\"><p>[vc_row][vc_column][vc_row_inner gap=\u00a0\u00bb20&Prime;][vc_column_inner width=\u00a0\u00bb1\/4&Prime;][vc_single_image image=\u00a0\u00bb544&Prime; img_size=\u00a0\u00bblarge\u00a0\u00bb alignment=\u00a0\u00bbcenter\u00a0\u00bb][vc_column_text]<\/p>\r\n<div class=\"gal2_5\">\r\n<div class=\"serv11b\" style=\"text-align: center;\">Haute qualit\u00e9 d&rsquo;impression<\/div>\r\n<\/div>\r\n<p>[\/vc_column_text][vc_single_image image=\u00a0\u00bb6651&Prime; img_size=\u00a0\u00bblarge\u00a0\u00bb alignment=\u00a0\u00bbcenter\u00a0\u00bb][vc_column_text]<\/p>\r\n<div class=\"gal2_5\">\r\n<div class=\"serv11b\">\r\n<div class=\"serv11b\" style=\"text-align: center;\">Encres et finitions sp\u00e9ciales<\/div>\r\n<\/div>\r\n<\/div>\r\n<p>[\/vc_column_text][vc_single_image image=\u00a0\u00bb6654&Prime; img_size=\u00a0\u00bblarge\u00a0\u00bb alignment=\u00a0\u00bbcenter\u00a0\u00bb][vc_column_text]<\/p>\r\n<div class=\"gal2_5\">\r\n<div class=\"serv11b\">\r\n<div class=\"serv11b\" style=\"text-align: center;\">D\u00e9coupes personnalis\u00e9es<\/div>\r\n<\/div>\r\n<\/div>\r\n<p>[\/vc_column_text][\/vc_column_inner][vc_column_inner width=\u00a0\u00bb3\/4&Prime;][vc_column_text]<\/p>\r\n<h1>Impression et finitions<\/h1>\r\n<p>[\/vc_column_text][vc_column_text css=\u00a0\u00bb\u00a0\u00bb]<\/p>\r\n<h2>Impression et finitions premium pour \u00e9tiquettes de vin et alimentaire<\/h2>\r\n<p><strong><em>La qualit\u00e9 qu\u2019offre Argraf sur ses \u00e9tiquettes et ses travaux d\u2019impression, est bas\u00e9e non seulement sur le savoir-faire et les comp\u00e9tences de nos techniciens, mais aussi sur nos technologies de pointe et notre puissance manufacturi\u00e8re.<\/em><\/strong><\/p>\r\n<!-- \/wp:post-content -->\r\n<p><!-- wp:paragraph -->Sur plus de 10 000 m\u00e8tres carr\u00e9s d\u2019installations, Argraf, pionnier de l\u2019implantation de syst\u00e8mes num\u00e9riques adapt\u00e9s \u00e0 la cr\u00e9ation et la pr\u00e9-impression, regroupe les diff\u00e9rents d\u00e9partements qui couvrent tout le process de fabrication des \u00e9tiquettes, du design et la pr\u00e9-impression \u00e0 l\u2019impression, l\u2019estampage et la finition.<\/p>\r\n<p><em>\u00ab Plus de 10 000 m2 d\u2019installations o\u00f9 est int\u00e9gr\u00e9 tout le process de fabrication d\u2019\u00e9tiquettes \u00bb<\/em><\/p>\r\n<p>Le parc d\u2019impression d\u2019Argraf compte 29 corps d\u2019impression offset et 77 corps d\u2019impression flexographique. Gr\u00e2ce \u00e0 cet \u00e9quipement, nous sommes en mesure de r\u00e9aliser tout type d\u2019\u00e9tiquettes pr\u00e9-encoll\u00e9es ou auto-adh\u00e9sives, avec une grande qualit\u00e9 d\u2019impression et une excellente capacit\u00e9 d\u2019adaptation aux besoins de chaque cave.<\/p>\r\n<p>De m\u00eame, Argraf est leader en diversit\u00e9 de finitions pour les \u00e9tiquettes afin de les prot\u00e9ger, les embellir et les diff\u00e9rencier. Une de nos principales caract\u00e9ristiques est l\u2019int\u00e9gration des diff\u00e9rentes finitions dans nos propres ateliers : dorure, vernis acrylique, vernis ultraviolet et d\u00e9coupe. Citons notamment l\u2019atelier d\u2019estampage avec ses 8 machines de haute technologie, le plus important d\u2019Espagne, pour offrir un produit fini : UVI, plastifi\u00e9s, vernissages machine ou acrylique, etc.<br \/><em><br \/>\u00ab Argraf compte 29 corps d\u2019impression offset et 77 d\u2019impression flexographique \u00bb<\/em><\/p>\r\n<p>Argraf collabore avec ses clients pour rechercher la meilleure solution d\u2019\u00e9tiquetage et les conseiller sur les papiers, les colles et l\u2019utilisation des machines pour am\u00e9liorer la pr\u00e9sentation finale du produit.<\/p>\r\n<p><strong><em>\u00ab \u00c9tiquettes pr\u00e9-encoll\u00e9es ou auto-adh\u00e9sives de qualit\u00e9 sup\u00e9rieure \u00bb<br \/>\u00ab Int\u00e9gration des plus modernes finitions en atelier \u00bb<br \/>\u00ab Atelier d\u2019estampage permettant les finitions UVI, plastifi\u00e9es, le vernissage machine ou acrylique, etc. \u00bb<\/em><\/strong><\/p>\r\n<p>[\/vc_column_text][vc_btn title=\u00a0\u00bbContactez-nous\u00a0\u00bb color=\u00a0\u00bbblack\u00a0\u00bb link=\u00a0\u00bburl:https%3A%2F%2Fwww.grupoargraf.com%2Ffr%2Fcontact%2F|title:Contact\u00a0\u00bb][\/vc_column_inner][\/vc_row_inner][\/vc_column][\/vc_row][vc_row full_width=\u00a0\u00bbstretch_row\u00a0\u00bb bg_type=\u00a0\u00bbbg_color\u00a0\u00bb bg_color_value=\u00a0\u00bb#f1f1f1&Prime; css=\u00a0\u00bb.vc_custom_1709318601708{margin-top: 3em !important;padding-top: 2em !important;padding-bottom: 2em !important;}\u00a0\u00bb][vc_column][vc_row_inner][vc_column_inner width=\u00a0\u00bb1\/3&Prime;][vc_single_image image=\u00a0\u00bb6661&Prime; img_size=\u00a0\u00bbfull\u00a0\u00bb alignment=\u00a0\u00bbcenter\u00a0\u00bb onclick=\u00a0\u00bbcustom_link\u00a0\u00bb css_animation=\u00a0\u00bbslideInUp\u00a0\u00bb image_hovers=\u00a0\u00bbfalse\u00a0\u00bb link=\u00a0\u00bbhttps:\/\/www.grupoargraf.com\/fr\/services\/conseil-en-etiquetage\/\u00a0\u00bb][vc_column_text]<\/p>\r\n<h3 style=\"text-align: center;\">Conseil<br \/>en \u00e9tiquetage<\/h3>\r\n<p>[\/vc_column_text][\/vc_column_inner][vc_column_inner width=\u00a0\u00bb1\/3&Prime;][vc_single_image image=\u00a0\u00bb6673&Prime; img_size=\u00a0\u00bblarge\u00a0\u00bb alignment=\u00a0\u00bbcenter\u00a0\u00bb onclick=\u00a0\u00bbcustom_link\u00a0\u00bb css_animation=\u00a0\u00bbslideInUp\u00a0\u00bb image_hovers=\u00a0\u00bbfalse\u00a0\u00bb link=\u00a0\u00bbhttps:\/\/www.grupoargraf.com\/fr\/services\/impression-et-finitions\/\u00a0\u00bb][vc_column_text]<\/p>\r\n<h3 style=\"text-align: center;\">Impression<br \/>et finitions<\/h3>\r\n<p>[\/vc_column_text][\/vc_column_inner][vc_column_inner width=\u00a0\u00bb1\/3&Prime;][vc_single_image image=\u00a0\u00bb6661&Prime; img_size=\u00a0\u00bblarge\u00a0\u00bb alignment=\u00a0\u00bbcenter\u00a0\u00bb onclick=\u00a0\u00bbcustom_link\u00a0\u00bb css_animation=\u00a0\u00bbslideInUp\u00a0\u00bb image_hovers=\u00a0\u00bbfalse\u00a0\u00bb link=\u00a0\u00bbhttps:\/\/www.grupoargraf.com\/fr\/services\/conseil-aux-designers\/\u00a0\u00bb][vc_column_text]<\/p>\r\n<h3 style=\"text-align: center;\">Conseil<br \/>aux designers<\/h3>\r\n<p>[\/vc_column_text][\/vc_column_inner][\/vc_row_inner][\/vc_column][\/vc_row]<\/p><\/div>","protected":false},"excerpt":{"rendered":"<p>[vc_row][vc_column][vc_row_inner gap=\u00a0\u00bb20&Prime;][vc_column_inner width=\u00a0\u00bb1\/4&Prime;][vc_single_image image=\u00a0\u00bb544&Prime; img_size=\u00a0\u00bblarge\u00a0\u00bb alignment=\u00a0\u00bbcenter\u00a0\u00bb][vc_column_text] Haute qualit\u00e9 d&rsquo;impression [\/vc_column_text][vc_single_image image=\u00a0\u00bb6651&Prime; img_size=\u00a0\u00bblarge\u00a0\u00bb alignment=\u00a0\u00bbcenter\u00a0\u00bb][vc_column_text] Encres et finitions sp\u00e9ciales [\/vc_column_text][vc_single_image image=\u00a0\u00bb6654&Prime; img_size=\u00a0\u00bblarge\u00a0\u00bb alignment=\u00a0\u00bbcenter\u00a0\u00bb][vc_column_text] D\u00e9coupes personnalis\u00e9es [\/vc_column_text][\/vc_column_inner][vc_column_inner width=\u00a0\u00bb3\/4&Prime;][vc_column_text] Impression et finitions [\/vc_column_text][vc_column_text css=\u00a0\u00bb\u00a0\u00bb] Impression et finitions premium pour \u00e9tiquettes de vin et alimentaire La qualit\u00e9 qu\u2019offre Argraf sur ses \u00e9tiquettes et ses travaux d\u2019impression, est bas\u00e9e non seulement&hellip;<\/p>\n","protected":false},"author":2,"featured_media":545,"parent":530,"menu_order":0,"comment_status":"closed","ping_status":"closed","template":"","meta":{"_acf_changed":false,"footnotes":""},"yst_prominent_words":[],"class_list":["post-543","page","type-page","status-publish","has-post-thumbnail","hentry","description-off"],"acf":[],"_links":{"self":[{"href":"https:\/\/www.grupoargraf.com\/fr\/wp-json\/wp\/v2\/pages\/543","targetHints":{"allow":["GET"]}}],"collection":[{"href":"https:\/\/www.grupoargraf.com\/fr\/wp-json\/wp\/v2\/pages"}],"about":[{"href":"https:\/\/www.grupoargraf.com\/fr\/wp-json\/wp\/v2\/types\/page"}],"author":[{"embeddable":true,"href":"https:\/\/www.grupoargraf.com\/fr\/wp-json\/wp\/v2\/users\/2"}],"replies":[{"embeddable":true,"href":"https:\/\/www.grupoargraf.com\/fr\/wp-json\/wp\/v2\/comments?post=543"}],"version-history":[{"count":1,"href":"https:\/\/www.grupoargraf.com\/fr\/wp-json\/wp\/v2\/pages\/543\/revisions"}],"predecessor-version":[{"id":8435,"href":"https:\/\/www.grupoargraf.com\/fr\/wp-json\/wp\/v2\/pages\/543\/revisions\/8435"}],"up":[{"embeddable":true,"href":"https:\/\/www.grupoargraf.com\/fr\/wp-json\/wp\/v2\/pages\/530"}],"wp:featuredmedia":[{"embeddable":true,"href":"https:\/\/www.grupoargraf.com\/fr\/wp-json\/wp\/v2\/media\/545"}],"wp:attachment":[{"href":"https:\/\/www.grupoargraf.com\/fr\/wp-json\/wp\/v2\/media?parent=543"}],"wp:term":[{"taxonomy":"yst_prominent_words","embeddable":true,"href":"https:\/\/www.grupoargraf.com\/fr\/wp-json\/wp\/v2\/yst_prominent_words?post=543"}],"curies":[{"name":"wp","href":"https:\/\/api.w.org\/{rel}","templated":true}]}}