{"id":5399,"date":"2023-11-06T16:59:02","date_gmt":"2023-11-06T15:59:02","guid":{"rendered":"https:\/\/www.grupoargraf.com\/sin-limites-a-tu-creatividad-2023\/"},"modified":"2025-04-16T12:24:26","modified_gmt":"2025-04-16T10:24:26","slug":"aucune-limite-a-votre-creativite-2023","status":"publish","type":"page","link":"https:\/\/www.grupoargraf.com\/fr\/aucune-limite-a-votre-creativite-2023\/","title":{"rendered":"AUCUNE LIMITE \u00c0 VOTRE CR\u00c9ATIVIT\u00c9 2023"},"content":{"rendered":"<div class=\"wpb-content-wrapper\"><p>[vc_row][vc_column][vc_column_text css=\u00a0\u00bb\u00a0\u00bb]<\/p>\n<h1 class=\"serv14\">AUCUNE LIMITE \u00c0 VOTRE CR\u00c9ATIVIT\u00c9 2023<\/h1>\n<p>[\/vc_column_text][vc_row_inner][vc_column_inner width=\u00a0\u00bb1\/2&Prime;][vc_separator color=\u00a0\u00bbwhite\u00a0\u00bb][vc_column_text css=\u00a0\u00bb\u00a0\u00bb]<\/p>\n<div class=\"serv13\">\n<h2 class=\"his4b\"><span style=\"color: #a38620;\"><em><strong>La cinqui\u00e8me \u00e9dition de \u00ab No limits to your creativity \u00bb revient dans le Pened\u00e8s.<\/strong><\/em><\/span><\/h2>\n<p>&nbsp;<\/p>\n<h3 class=\"his4\">Les marques et les professionnels du design se sont retrouv\u00e9s une nouvelle fois \u00e0 l&rsquo;occasion d&rsquo;un \u00e9v\u00e9nement qui s&rsquo;est d\u00e9j\u00e0 impos\u00e9 comme l&rsquo;une des r\u00e9f\u00e9rences du secteur.<\/h3>\n<\/div>\n<p>[\/vc_column_text][vc_separator color=\u00a0\u00bbwhite\u00a0\u00bb][vc_column_text css=\u00a0\u00bb\u00a0\u00bb]<\/p>\n<p class=\"his4b\"><span style=\"color: #a38620;\"><em><strong>Le Grupo Argraf a de nouveau choisi le territoire catalan pour organiser l&rsquo;\u00e9v\u00e9nement annuel qui r\u00e9unit les graphistes les plus remarquables du moment. Sant Sadurn\u00ed d&rsquo;Anoia a \u00e9t\u00e9 le cadre de la cinqui\u00e8me \u00e9dition de \u00ab No Limits to your Creativity \u00bb, les 26 et 27 novembre, au cours de laquelle les participants ont pu s&rsquo;informer en d\u00e9tail sur les tendances en mati\u00e8re d&rsquo;\u00e9tiquettes, de papeterie et de capsules de champagne, tout en partageant des exp\u00e9riences et en g\u00e9n\u00e9rant des synergies avec d&rsquo;autres professionnels du design et avec les marques pr\u00e9sentes. Le groupe Argraf a \u00e9t\u00e9 soutenu par Rivercap, Avery Dennison et Comercial Arqu\u00e9.<\/strong><\/em><\/span><\/p>\n<p>[\/vc_column_text][vc_column_text css=\u00a0\u00bb\u00a0\u00bb]La rencontre, qui, comme lors des \u00e9ditions pr\u00e9c\u00e9dentes, n&rsquo;\u00e9tait accessible que sur invitation, est devenue l&rsquo;un des rendez-vous incontournables de l&rsquo;agenda des grands noms du design national, qui soutiennent l&rsquo;\u00e9v\u00e9nement depuis sa cr\u00e9ation et ne voulaient pas manquer cette cinqui\u00e8me \u00e9dition.<\/p>\n<p>Le fait que le groupe Argraf ait d\u00e9cid\u00e9 d&rsquo;organiser \u00ab No Limits to your Creativity \u00bb dans la r\u00e9gion du Pened\u00e9s souligne une fois de plus sa volont\u00e9 de consolider son engagement dans cette r\u00e9gion cl\u00e9 pour la production de vins et de cavas en tant que leader dans le secteur de l&rsquo;\u00e9tiquetage \u00e0 haute valeur ajout\u00e9e, ce qu&rsquo;il a d\u00e9j\u00e0 d\u00e9montr\u00e9 les ann\u00e9es pr\u00e9c\u00e9dentes en acqu\u00e9rant son si\u00e8ge \u00e0 Rub\u00ed.[\/vc_column_text][\/vc_column_inner][vc_column_inner width=\u00a0\u00bb1\/2&Prime;][vc_single_image image=\u00a0\u00bb5384&Prime; img_size=\u00a0\u00bblarge\u00a0\u00bb onclick=\u00a0\u00bbimg_link_large\u00a0\u00bb][\/vc_column_inner][\/vc_row_inner][vc_row_inner][vc_column_inner width=\u00a0\u00bb1\/6&Prime;][\/vc_column_inner][vc_column_inner width=\u00a0\u00bb4\/6&Prime;][vc_video link=\u00a0\u00bbhttps:\/\/youtu.be\/SoZ2aT9iPVY?si=nKjjV3pAYn8xNnSX\u00a0\u00bb align=\u00a0\u00bbcenter\u00a0\u00bb][\/vc_column_inner][vc_column_inner width=\u00a0\u00bb1\/6&Prime;][\/vc_column_inner][\/vc_row_inner][vc_row_inner][vc_column_inner][vc_column_text css=\u00a0\u00bb\u00a0\u00bb]Le directeur d&rsquo;Argraf Catalogne, Miguel \u00c1ngel Torroba, a soulign\u00e9 lors de l&rsquo;\u00e9v\u00e9nement que pour cette cinqui\u00e8me \u00e9dition \u00ab nous avons essay\u00e9, comme nous le faisons chaque ann\u00e9e, de maintenir l&rsquo;essence d&rsquo;un \u00e9v\u00e9nement qui a toujours tourn\u00e9 autour de la conversation, de la r\u00e9flexion et du plaisir, avec le d\u00e9fi suppl\u00e9mentaire de cr\u00e9er des exp\u00e9riences nouvelles et surprenantes qui, une fois de plus, d\u00e9fient les limites de notre propre cr\u00e9ativit\u00e9 et de celle des participants \u00bb.<\/p>\n<p>La r\u00e9union a rassembl\u00e9 des professionnels du graphisme de haut niveau venus de toute l&rsquo;Espagne, qui ont une fois de plus profit\u00e9 de deux journ\u00e9es intenses remplies d&rsquo;exp\u00e9riences inspirantes et stimulantes dans le cadre merveilleux de Sant Sadurn\u00ed d&rsquo;Anoia. Parmi elles, la conf\u00e9rence du prestigieux sp\u00e9cialiste en biom\u00e9decine Marcos Malumbres, qui a soulign\u00e9 l&rsquo;importance du mode de vie dans la sant\u00e9 des communaut\u00e9s, et le fait que les populations les plus centenaires sont celles qui sont non seulement en meilleure sant\u00e9, mais aussi plus heureuses et plus enclines \u00e0 c\u00e9l\u00e9brer leur travail quotidien en communaut\u00e9, avec la pr\u00e9sence mod\u00e9r\u00e9e de vin. La touche finale a \u00e9t\u00e9 la d\u00e9gustation, avant le d\u00e9jeuner d&rsquo;adieu, dirig\u00e9e par \u00c1lvaro Ribalta, le plus r\u00e9cent Master of Wine espagnol et r\u00e9cipiendaire de la m\u00e9daille Madame Bollinger.[\/vc_column_text][\/vc_column_inner][\/vc_row_inner][vc_row_inner][vc_column_inner][\/vc_column_inner][\/vc_row_inner][\/vc_column][\/vc_row][vc_row][vc_column][vc_column_text]<\/p>\n<p>[\/vc_column_text][vc_cta h2=\u00a0\u00bb\u00a0\u00bb add_button=\u00a0\u00bbbottom\u00a0\u00bb btn_title=\u00a0\u00bbAUCUNE LIMITE \u00c0 VOTRE CR\u00c9ATIVIT\u00c9 2024&Prime; btn_color=\u00a0\u00bbwarning\u00a0\u00bb btn_size=\u00a0\u00bblg\u00a0\u00bb btn_align=\u00a0\u00bbcenter\u00a0\u00bb css=\u00a0\u00bb\u00a0\u00bb btn_link=\u00a0\u00bburl:https%3A%2F%2Fwww.grupoargraf.com%2Ffr%2Fargraf%2Faucune-limite-a-votre-creativite-2024%2F|target:_blank\u00a0\u00bb][\/vc_cta][\/vc_column][\/vc_row]<\/p>\n<\/div>","protected":false},"excerpt":{"rendered":"<p>[vc_row][vc_column][vc_column_text css=\u00a0\u00bb\u00a0\u00bb] AUCUNE LIMITE \u00c0 VOTRE CR\u00c9ATIVIT\u00c9 2023 [\/vc_column_text][vc_row_inner][vc_column_inner width=\u00a0\u00bb1\/2&Prime;][vc_separator color=\u00a0\u00bbwhite\u00a0\u00bb][vc_column_text css=\u00a0\u00bb\u00a0\u00bb] La cinqui\u00e8me \u00e9dition de \u00ab No limits to your creativity \u00bb revient dans le Pened\u00e8s. &nbsp; Les marques et les professionnels du design se sont retrouv\u00e9s une nouvelle fois \u00e0 l&rsquo;occasion d&rsquo;un \u00e9v\u00e9nement qui s&rsquo;est d\u00e9j\u00e0 impos\u00e9 comme l&rsquo;une des r\u00e9f\u00e9rences du secteur.&hellip;<\/p>\n","protected":false},"author":2,"featured_media":0,"parent":0,"menu_order":0,"comment_status":"closed","ping_status":"closed","template":"","meta":{"_acf_changed":false,"footnotes":""},"yst_prominent_words":[],"class_list":["post-5399","page","type-page","status-publish","hentry","description-off"],"acf":[],"_links":{"self":[{"href":"https:\/\/www.grupoargraf.com\/fr\/wp-json\/wp\/v2\/pages\/5399","targetHints":{"allow":["GET"]}}],"collection":[{"href":"https:\/\/www.grupoargraf.com\/fr\/wp-json\/wp\/v2\/pages"}],"about":[{"href":"https:\/\/www.grupoargraf.com\/fr\/wp-json\/wp\/v2\/types\/page"}],"author":[{"embeddable":true,"href":"https:\/\/www.grupoargraf.com\/fr\/wp-json\/wp\/v2\/users\/2"}],"replies":[{"embeddable":true,"href":"https:\/\/www.grupoargraf.com\/fr\/wp-json\/wp\/v2\/comments?post=5399"}],"version-history":[{"count":2,"href":"https:\/\/www.grupoargraf.com\/fr\/wp-json\/wp\/v2\/pages\/5399\/revisions"}],"predecessor-version":[{"id":8448,"href":"https:\/\/www.grupoargraf.com\/fr\/wp-json\/wp\/v2\/pages\/5399\/revisions\/8448"}],"wp:attachment":[{"href":"https:\/\/www.grupoargraf.com\/fr\/wp-json\/wp\/v2\/media?parent=5399"}],"wp:term":[{"taxonomy":"yst_prominent_words","embeddable":true,"href":"https:\/\/www.grupoargraf.com\/fr\/wp-json\/wp\/v2\/yst_prominent_words?post=5399"}],"curies":[{"name":"wp","href":"https:\/\/api.w.org\/{rel}","templated":true}]}}