{"id":519,"date":"2019-10-15T18:30:01","date_gmt":"2019-10-15T16:30:01","guid":{"rendered":"https:\/\/www.grupoargraf.com\/calidad-y-medioambiente\/"},"modified":"2025-04-09T15:53:50","modified_gmt":"2025-04-09T13:53:50","slug":"ualite-et-environnement","status":"publish","type":"page","link":"https:\/\/www.grupoargraf.com\/fr\/ualite-et-environnement\/","title":{"rendered":"Qualit\u00e9 et environnement"},"content":{"rendered":"<div class=\"wpb-content-wrapper\"><p>[vc_row][vc_column width=\u00a0\u00bb1\/2&Prime;][vc_column_text]<\/p>\n<h1>Qualit\u00e9 et environnement<\/h1>\n<p>[\/vc_column_text][vc_single_image image=\u00a0\u00bb520&Prime; img_size=\u00a0\u00bbfull\u00a0\u00bb][\/vc_column][vc_column width=\u00a0\u00bb1\/2&Prime;][vc_column_text css=\u00a0\u00bb\u00a0\u00bb]<\/p>\n<div class=\"serv13\">\n<h2>Un engagement pour la qualit\u00e9 et la durabilit\u00e9 dans l\u2019impression d\u2019\u00e9tiquettes<\/h2>\n<p class=\"his4b\"><span style=\"color: #a38620;\"><em><strong>LE GROUPE ARGRAF a d\u00e9velopp\u00e9 et mis en place un Syst\u00e8me de Gestion de l&rsquo;Environnement qui, conjointement avec la politique de qualit\u00e9 qui identifie et d\u00e9finit les responsabilit\u00e9s, proc\u00e9dures, processus, ressources, etc., assure que le r\u00e9sultat de nos processus, ainsi que la gestion des aspects environnementaux associ\u00e9s, aboutissent \u00e0 des produits s\u00fbrs et l\u00e9gaux qui satisfont aux exigences de nos clients et aux normes environnementales auxquelles nous sommes soumis.<\/strong><\/em><\/span><\/p>\n<p class=\"his4\">Par Client, il faut comprendre les utilisateurs ou les destinataires de nos produits et attitudes, tant dans le domaine externe qu&rsquo;interne du GROUPE ARGRAF. Nous devons toujours essayer de leur livrer un travail bien fait.<\/p>\n<p>Les directives de base qui r\u00e9gissent notre <strong>Politique de Qualit\u00e9 et d&rsquo;Environnement<\/strong>, qui guident notre action, sont r\u00e9sum\u00e9es dans les principes \u00e9nonc\u00e9s ci-dessous :<\/p>\n<ul>\n<li>Les clients sont la raison de notre travail. Nous connaissons leurs besoins r\u00e9els et attentes pour les satisfaire.<\/li>\n<li>Par une gestion efficace, nous contr\u00f4lons et r\u00e9duisons de mani\u00e8re g\u00e9n\u00e9rale nos impacts environnementaux n\u00e9gatifs, en portant une attention particuli\u00e8re aux stipulations du plan d&rsquo;urgence ainsi qu&rsquo;\u00e0 la consommation de ressources en eau et \u00e9nerg\u00e9tiques et \u00e0 la sensibilit\u00e9 particuli\u00e8re de l&rsquo;environnement dans lequel nous nous trouvons.<\/li>\n<li>Nous nous effor\u00e7ons de pr\u00e9venir les erreurs et de les contr\u00f4ler efficacement. De m\u00eame, nous nous engageons \u00e0 pr\u00e9venir la pollution environnementale dans le d\u00e9veloppement de nos activit\u00e9s.<\/li>\n<li>\u00c0 travers une planification et un suivi ad\u00e9quats, nous orientons notre organisation vers l&rsquo;atteinte de l&rsquo;am\u00e9lioration continue tant dans la qualit\u00e9 et la s\u00e9curit\u00e9 de nos produits, que dans la pr\u00e9vention et la r\u00e9duction de la pollution. Cette planification et ce suivi sont bas\u00e9s sur l&rsquo;\u00e9tablissement et la r\u00e9vision d&rsquo;objectifs, aliment\u00e9s de mani\u00e8re continue.<\/li>\n<li>Pour atteindre les niveaux maximaux de qualit\u00e9, de salubrit\u00e9 et la minimisation des impacts environnementaux n\u00e9gatifs, une attitude de travail d&rsquo;\u00e9quipe avec des canaux de communication appropri\u00e9s et fluides qui garantissent l&rsquo;efficacit\u00e9 du SGME est essentielle.<\/li>\n<li>Par une planification ad\u00e9quate et opportune de la formation, nous augmentons la capacit\u00e9 et l&rsquo;habilet\u00e9 de nos employ\u00e9s dans les activit\u00e9s qu&rsquo;ils r\u00e9alisent pour garantir la satisfaction des attentes de nos clients, la s\u00e9curit\u00e9 du produit et le respect et soin de l&rsquo;Environnement.<\/li>\n<li>En plus des exigences de nos clients, nous respectons dans nos activit\u00e9s la l\u00e9gislation en vigueur, ainsi que la r\u00e9glementation et autres exigences auxquelles l&rsquo;organisation souhaite adh\u00e9rer.<\/li>\n<\/ul>\n<p>Le Groupe Argraf met \u00e0 disposition de qui le demande sa Politique de Qualit\u00e9 et d&rsquo;Environnement.<\/p>\n<\/div>\n<p>[\/vc_column_text][\/vc_column][\/vc_row][vc_row gap=\u00a0\u00bb20&Prime;][vc_column width=\u00a0\u00bb1\/3&Prime;][vc_single_image image=\u00a0\u00bb2059&Prime; img_size=\u00a0\u00bblarge\u00a0\u00bb alignment=\u00a0\u00bbcenter\u00a0\u00bb][vc_column_text]<\/p>\n<div class=\"serv18\"><strong>ISO 9001<\/strong><\/div>\n<div class=\"serv19\">Cette norme internationale garantit la bonne application d&rsquo;un syst\u00e8me de gestion de la qualit\u00e9 interne qui s&rsquo;applique \u00e0 tous les d\u00e9partements de l&rsquo;entreprise.<\/div>\n<div><\/div>\n<div class=\"serv19\"><a href=\"https:\/\/www.grupoargraf.com\/wp-content\/uploads\/2023\/02\/13400723-BUP-ARGRAF-S.A.-FRANCES.pdf\" target=\"_blank\" rel=\"noopener\">T\u00e9l\u00e9charger<\/a><\/div>\n<p>[\/vc_column_text][\/vc_column][vc_column width=\u00a0\u00bb1\/3&Prime;][vc_single_image image=\u00a0\u00bb6684&Prime; img_size=\u00a0\u00bblarge\u00a0\u00bb alignment=\u00a0\u00bbcenter\u00a0\u00bb][vc_column_text]<\/p>\n<div class=\"serv18\"><strong>Papiers et encres \u00e9cologiques<\/strong><\/div>\n<div class=\"serv19\">Nous disposons de papiers \u00e9cologiques ou \u00e0 impact environnemental minimal. De plus, nous offrons des encres fabriqu\u00e9es \u00e0 partir de mati\u00e8res premi\u00e8res renouvelables et d&rsquo;origine organique.<\/div>\n<p>[\/vc_column_text][\/vc_column][vc_column width=\u00a0\u00bb1\/3&Prime;][vc_single_image image=\u00a0\u00bb2053&Prime; img_size=\u00a0\u00bblarge\u00a0\u00bb alignment=\u00a0\u00bbcenter\u00a0\u00bb][vc_column_text css=\u00a0\u00bb\u00a0\u00bb]<\/p>\n<div class=\"serv18\"><strong>Certifi\u00e9 FSC<sup>\u00ae<\/sup><\/strong><\/div>\n<div class=\"serv19\">Le label FSC<sup>\u00ae<\/sup> garantit que l&rsquo;origine du papier utilis\u00e9 chez Argraf provient de for\u00eats g\u00e9r\u00e9es correctement.<\/div>\n<div><\/div>\n<div><a title=\"T\u00e9l\u00e9charger\" href=\"https:\/\/www.grupoargraf.com\/wp-content\/uploads\/2019\/10\/Grupo-Argraf-S.A-FSC.pdf\" target=\"_blank\" rel=\"noopener noreferrer\">T\u00e9l\u00e9charger<\/a><\/div>\n<p>[\/vc_column_text][\/vc_column][\/vc_row][vc_row][vc_column][vc_column_text]<\/p>\n<p>[\/vc_column_text][\/vc_column][\/vc_row]<\/p>\n<\/div>","protected":false},"excerpt":{"rendered":"<p>[vc_row][vc_column width=\u00a0\u00bb1\/2&Prime;][vc_column_text] Qualit\u00e9 et environnement [\/vc_column_text][vc_single_image image=\u00a0\u00bb520&Prime; img_size=\u00a0\u00bbfull\u00a0\u00bb][\/vc_column][vc_column width=\u00a0\u00bb1\/2&Prime;][vc_column_text css=\u00a0\u00bb\u00a0\u00bb] Un engagement pour la qualit\u00e9 et la durabilit\u00e9 dans l\u2019impression d\u2019\u00e9tiquettes LE GROUPE ARGRAF a d\u00e9velopp\u00e9 et mis en place un Syst\u00e8me de Gestion de l&rsquo;Environnement qui, conjointement avec la politique de qualit\u00e9 qui identifie et d\u00e9finit les responsabilit\u00e9s, proc\u00e9dures, processus, ressources, etc., assure que&hellip;<\/p>\n","protected":false},"author":2,"featured_media":521,"parent":0,"menu_order":0,"comment_status":"closed","ping_status":"closed","template":"","meta":{"_acf_changed":false,"footnotes":""},"yst_prominent_words":[91],"class_list":["post-519","page","type-page","status-publish","has-post-thumbnail","hentry","description-off"],"acf":[],"_links":{"self":[{"href":"https:\/\/www.grupoargraf.com\/fr\/wp-json\/wp\/v2\/pages\/519","targetHints":{"allow":["GET"]}}],"collection":[{"href":"https:\/\/www.grupoargraf.com\/fr\/wp-json\/wp\/v2\/pages"}],"about":[{"href":"https:\/\/www.grupoargraf.com\/fr\/wp-json\/wp\/v2\/types\/page"}],"author":[{"embeddable":true,"href":"https:\/\/www.grupoargraf.com\/fr\/wp-json\/wp\/v2\/users\/2"}],"replies":[{"embeddable":true,"href":"https:\/\/www.grupoargraf.com\/fr\/wp-json\/wp\/v2\/comments?post=519"}],"version-history":[{"count":2,"href":"https:\/\/www.grupoargraf.com\/fr\/wp-json\/wp\/v2\/pages\/519\/revisions"}],"predecessor-version":[{"id":8442,"href":"https:\/\/www.grupoargraf.com\/fr\/wp-json\/wp\/v2\/pages\/519\/revisions\/8442"}],"wp:featuredmedia":[{"embeddable":true,"href":"https:\/\/www.grupoargraf.com\/fr\/wp-json\/wp\/v2\/media\/521"}],"wp:attachment":[{"href":"https:\/\/www.grupoargraf.com\/fr\/wp-json\/wp\/v2\/media?parent=519"}],"wp:term":[{"taxonomy":"yst_prominent_words","embeddable":true,"href":"https:\/\/www.grupoargraf.com\/fr\/wp-json\/wp\/v2\/yst_prominent_words?post=519"}],"curies":[{"name":"wp","href":"https:\/\/api.w.org\/{rel}","templated":true}]}}