{"id":506,"date":"2019-10-15T18:29:37","date_gmt":"2019-10-15T16:29:37","guid":{"rendered":"https:\/\/www.grupoargraf.com\/instalaciones-y-tecnologia\/"},"modified":"2025-11-03T15:11:39","modified_gmt":"2025-11-03T14:11:39","slug":"installations-et-technologie","status":"publish","type":"page","link":"https:\/\/www.grupoargraf.com\/fr\/installations-et-technologie\/","title":{"rendered":"Installations et Technologie"},"content":{"rendered":"<div class=\"wpb-content-wrapper\"><p>[vc_row][vc_column][vc_column_text css=\u00a0\u00bb\u00a0\u00bb]<\/p>\r\n<h1>Installations et technologie<\/h1>\r\n<h2>Des Installations Modernes pour une Impression d\u2019\u00c9tiquettes de Pr\u00e9cision<\/h2>\r\n<p><span style=\"color: #a38620;\"><strong><em>Les installations du Groupe Argraf occupent 10 000 m\u00e8tres carr\u00e9s \u00e0 Oy\u00f3n, dans la province d\u2019Alava, \u00e0 3 kilom\u00e8tres de Logro\u00f1o et en plein c\u0153ur de l\u2019une des r\u00e9gions vitivinicoles les plus importantes au monde, La Rioja.<\/em><\/strong><\/span><\/p>\r\n\r\n<p>Distribu\u00e9es en plusieurs b\u00e2timents, nos installations abritent 20 machines d\u2019impression avec 102 corps, et 18 machines de marquage et de finition, aux mains d\u2019un effectif de techniciens exp\u00e9riment\u00e9s compos\u00e9 de 80 personnes. De plus, le complexe dispose d\u2019espaces importants pour l\u2019entreposage et le d\u00e9p\u00f4t, la zone de chargement, les services administratifs, les bureaux de design&#8230;<\/p>\r\n\r\n<p>Au total, le Groupe Argraf emploie plus de 140 personnes, pour la plupart des experts hautement qualifi\u00e9s, dans ses divers domaines de comp\u00e9tence. Par ailleurs, l\u2019ampleur de nos installations nous permet d\u2019affronter la demande toujours plus forte de nos services.<\/p>\r\n<p>[\/vc_column_text][\/vc_column][\/vc_row][vc_row full_width=\u00a0\u00bbstretch_row_content\u00a0\u00bb css=\u00a0\u00bb.vc_custom_1571521571246{margin-bottom: 20px !important;}\u00a0\u00bb][vc_column]<style type=\"text\/css\" data-type=\"the7_shortcodes-inline-css\">.photos-carousel-shortcode-id-4c002e29b8b1733e3d1d5d1abc7aa332.owl-carousel .owl-nav div {\n  width: 36px;\n  height: 36px;\n  border-radius: 500px;\n}\n.photos-carousel-shortcode-id-4c002e29b8b1733e3d1d5d1abc7aa332.owl-carousel .owl-nav div:before,\n.photos-carousel-shortcode-id-4c002e29b8b1733e3d1d5d1abc7aa332.owl-carousel .owl-nav div:after {\n  border-width: 0px;\n}\n.photos-carousel-shortcode-id-4c002e29b8b1733e3d1d5d1abc7aa332.owl-carousel .owl-nav div.owl-prev {\n  top: 50%;\n  transform: translateY(calc(-50% + 0px));\n  left: -43px;\n}\n@media all and (-ms-high-contrast: none) {\n  .photos-carousel-shortcode-id-4c002e29b8b1733e3d1d5d1abc7aa332.owl-carousel .owl-nav div.owl-prev {\n    transform: translateY(-50%);\n    margin-top: 0px;\n  }\n}\n.photos-carousel-shortcode-id-4c002e29b8b1733e3d1d5d1abc7aa332.owl-carousel .owl-nav div.owl-prev i {\n  padding: 0px 0px 0px 0px;\n}\n.photos-carousel-shortcode-id-4c002e29b8b1733e3d1d5d1abc7aa332.owl-carousel .owl-nav div.owl-next {\n  top: 50%;\n  transform: translateY(calc(-50% + 0px));\n  right: -43px;\n}\n@media all and (-ms-high-contrast: none) {\n  .photos-carousel-shortcode-id-4c002e29b8b1733e3d1d5d1abc7aa332.owl-carousel .owl-nav div.owl-next {\n    transform: translateY(-50%);\n    margin-top: 0px;\n  }\n}\n.photos-carousel-shortcode-id-4c002e29b8b1733e3d1d5d1abc7aa332.owl-carousel .owl-nav div.owl-next i {\n  padding: 0px 0px 0px 0px;\n}\n.photos-carousel-shortcode-id-4c002e29b8b1733e3d1d5d1abc7aa332.owl-carousel .owl-nav i {\n  font-size: 18px;\n}\n.photos-carousel-shortcode-id-4c002e29b8b1733e3d1d5d1abc7aa332.owl-carousel .owl-nav div:not(:hover) i,\n.photos-carousel-shortcode-id-4c002e29b8b1733e3d1d5d1abc7aa332.owl-carousel .owl-nav div:not(:hover) i:before {\n  color: #ffffff;\n  background: none;\n}\n.photos-carousel-shortcode-id-4c002e29b8b1733e3d1d5d1abc7aa332.owl-carousel .owl-nav div:hover i,\n.photos-carousel-shortcode-id-4c002e29b8b1733e3d1d5d1abc7aa332.owl-carousel .owl-nav div:hover i:before {\n  color: rgba(255,255,255,0.75);\n  background: none;\n}\n.photos-carousel-shortcode-id-4c002e29b8b1733e3d1d5d1abc7aa332 .owl-dots {\n  top: calc(100% + 20px);\n  left: 50%;\n  transform: translateX(calc(-50% + 0px));\n}\n@media all and (-ms-high-contrast: none) {\n  .photos-carousel-shortcode-id-4c002e29b8b1733e3d1d5d1abc7aa332 .owl-dots {\n    transform: translateX(-50%);\n    margin-left: 0px;\n  }\n}\n.photos-carousel-shortcode-id-4c002e29b8b1733e3d1d5d1abc7aa332 .owl-dot {\n  width: 10px;\n  height: 10px;\n  margin: 0 8px;\n}\n@media screen and (max-width: 778px) {\n  .photos-carousel-shortcode-id-4c002e29b8b1733e3d1d5d1abc7aa332.hide-arrows.owl-carousel .owl-nav a {\n    display: none;\n  }\n}\n@media screen and (max-width: 778px) {\n  .photos-carousel-shortcode-id-4c002e29b8b1733e3d1d5d1abc7aa332.reposition-arrows.owl-carousel .owl-nav .owl-prev {\n    top: 50%;\n    transform: translateY(calc(-50% + 0px));\n    left: 10px;\n  }\n  .photos-carousel-shortcode-id-4c002e29b8b1733e3d1d5d1abc7aa332.reposition-arrows.owl-carousel .owl-nav .owl-next {\n    top: 50%;\n    transform: translateY(calc(-50% + 0px));\n    right: 10px;\n  }\n}\n@media screen and (max-width: 778px) and all and (-ms-high-contrast: none) {\n  .photos-carousel-shortcode-id-4c002e29b8b1733e3d1d5d1abc7aa332.reposition-arrows.owl-carousel .owl-nav .owl-prev {\n    transform: translateY(-50%);\n    margin-top: 0px;\n  }\n}\n@media screen and (max-width: 778px) and all and (-ms-high-contrast: none) {\n  .photos-carousel-shortcode-id-4c002e29b8b1733e3d1d5d1abc7aa332.reposition-arrows.owl-carousel .owl-nav .owl-next {\n    transform: translateY(-50%);\n    margin-top: 0px;\n  }\n}\n.photos-carousel-shortcode-id-4c002e29b8b1733e3d1d5d1abc7aa332 figure,\n.photos-carousel-shortcode-id-4c002e29b8b1733e3d1d5d1abc7aa332 .rollover,\n.photos-carousel-shortcode-id-4c002e29b8b1733e3d1d5d1abc7aa332 img,\n.photos-carousel-shortcode-id-4c002e29b8b1733e3d1d5d1abc7aa332 .gallery-rollover {\n  border-radius: 0px;\n}\n.photos-carousel-shortcode-id-4c002e29b8b1733e3d1d5d1abc7aa332.enable-bg-rollover .gallery-rollover {\n  background: -webkit-linear-gradient();\n  background: linear-gradient();\n}\n.photos-carousel-shortcode-id-4c002e29b8b1733e3d1d5d1abc7aa332.enable-bg-rollover.hover-scale .rollover:after {\n  background: -webkit-linear-gradient();\n  background: linear-gradient();\n}\n.photos-carousel-shortcode-id-4c002e29b8b1733e3d1d5d1abc7aa332.enable-img-shadow .owl-stage-outer {\n  padding: 14px 0;\n}\n.photos-carousel-shortcode-id-4c002e29b8b1733e3d1d5d1abc7aa332.gallery-shortcode .gallery-zoom-ico {\n  width: 44px;\n  height: 44px;\n  line-height: 44px;\n  border-radius: 100px;\n  margin: -22px 0 0 -22px;\n  border-width: 0px;\n}\n.dt-icon-bg-on.photos-carousel-shortcode-id-4c002e29b8b1733e3d1d5d1abc7aa332.gallery-shortcode .gallery-zoom-ico {\n  background: rgba(255,255,255,0.3);\n  -webkit-box-shadow: none;\n  box-shadow: none;\n}\n.photos-carousel-shortcode-id-4c002e29b8b1733e3d1d5d1abc7aa332.gallery-shortcode .gallery-zoom-ico:before,\n.photos-carousel-shortcode-id-4c002e29b8b1733e3d1d5d1abc7aa332.gallery-shortcode .gallery-zoom-ico span {\n  font-size: 32px;\n  line-height: 44px;\n  color: #ffffff;\n  background: none;\n}<\/style><div class=\"owl-carousel gallery-carousel-shortcode gallery-shortcode dt-gallery-container album-gallery-shortcode dt-owl-carousel-call photos-carousel-shortcode-id-4c002e29b8b1733e3d1d5d1abc7aa332 quick-scale-img enable-bg-rollover meta-info-off bullets-small-dot-stroke reposition-arrows dt-icon-bg-off arrows-bg-on dt-arrow-border-on dt-arrow-hover-border-on disable-arrows-hover-bg arrows-hover-bg-on  hover-fade \" data-scroll-mode=\"1\" data-col-num=\"5\" data-wide-col-num=\"5\" data-laptop-col=\"5\" data-h-tablet-columns-num=\"5\" data-v-tablet-columns-num=\"3\" data-phone-columns-num=\"1\" data-col-gap=\"10\" data-stage-padding=\"0\" data-speed=\"600\" data-autoplay=\"true\" data-autoplay_speed=\"6000\" data-arrows=\"true\" data-bullet=\"true\" data-next-icon=\"icon-ar-017-r\" data-prev-icon=\"icon-ar-017-l\" data-img-shadow-size=\"12px\" data-img-shadow-spread=\"3px\"><article class=\"post visible post-6002 attachment type-attachment status-inherit hentry\"><a href=\"https:\/\/www.grupoargraf.com\/wp-content\/uploads\/2019\/10\/3_M.jpg\" class=\"rollover-click-target rollover dt-pswp-item layzr-bg\" title=\"-3_M\" data-dt-img-description=\"\"  data-large_image_width=\"760\" data-large_image_height = \"510\"  data-dt-location=\"https:\/\/www.grupoargraf.com\/fr\/installations-et-technologie\/3_m-2\/\" ><img fetchpriority=\"high\" decoding=\"async\" class=\"preload-me owl-lazy-load aspect\" src=\"data:image\/svg+xml,%3Csvg%20xmlns%3D&#39;http%3A%2F%2Fwww.w3.org%2F2000%2Fsvg&#39;%20viewBox%3D&#39;0%200%20760%20510&#39;%2F%3E\" data-src=\"https:\/\/www.grupoargraf.com\/wp-content\/uploads\/2019\/10\/3_M.jpg\" data-srcset=\"https:\/\/www.grupoargraf.com\/wp-content\/uploads\/2019\/10\/3_M.jpg 760w\" loading=\"eager\" style=\"--ratio: 760 \/ 510\" sizes=\"(max-width: 760px) 100vw, 760px\" alt=\"Instalaciones y tecnolog\u00eda de Artes Gr\u00e1ficas\" width=\"760\" height=\"510\"  \/><span class=\"gallery-rollover\"><\/span><\/a><\/article><article class=\"post visible post-6001 attachment type-attachment status-inherit hentry\"><a href=\"https:\/\/www.grupoargraf.com\/wp-content\/uploads\/2019\/10\/2_M.jpg\" class=\"rollover-click-target rollover dt-pswp-item layzr-bg\" title=\"-2_M\" data-dt-img-description=\"\"  data-large_image_width=\"760\" data-large_image_height = \"510\"  data-dt-location=\"https:\/\/www.grupoargraf.com\/fr\/installations-et-technologie\/2_m-2\/\" ><img decoding=\"async\" class=\"preload-me owl-lazy-load aspect\" src=\"data:image\/svg+xml,%3Csvg%20xmlns%3D&#39;http%3A%2F%2Fwww.w3.org%2F2000%2Fsvg&#39;%20viewBox%3D&#39;0%200%20760%20510&#39;%2F%3E\" data-src=\"https:\/\/www.grupoargraf.com\/wp-content\/uploads\/2019\/10\/2_M.jpg\" data-srcset=\"https:\/\/www.grupoargraf.com\/wp-content\/uploads\/2019\/10\/2_M.jpg 760w\" loading=\"eager\" style=\"--ratio: 760 \/ 510\" sizes=\"(max-width: 760px) 100vw, 760px\" alt=\"Instalaciones y tecnolog\u00eda de Artes Gr\u00e1ficas para la impresi\u00f3n de etiquetas\" width=\"760\" height=\"510\"  \/><span class=\"gallery-rollover\"><\/span><\/a><\/article><article class=\"post visible post-6000 attachment type-attachment status-inherit hentry\"><a href=\"https:\/\/www.grupoargraf.com\/wp-content\/uploads\/2019\/10\/M.jpg\" class=\"rollover-click-target rollover dt-pswp-item layzr-bg\" title=\"_M\" data-dt-img-description=\"\"  data-large_image_width=\"760\" data-large_image_height = \"510\"  data-dt-location=\"https:\/\/www.grupoargraf.com\/fr\/installations-et-technologie\/_m-2\/\" ><img decoding=\"async\" class=\"preload-me owl-lazy-load aspect\" src=\"data:image\/svg+xml,%3Csvg%20xmlns%3D&#39;http%3A%2F%2Fwww.w3.org%2F2000%2Fsvg&#39;%20viewBox%3D&#39;0%200%20760%20510&#39;%2F%3E\" data-src=\"https:\/\/www.grupoargraf.com\/wp-content\/uploads\/2019\/10\/M.jpg\" data-srcset=\"https:\/\/www.grupoargraf.com\/wp-content\/uploads\/2019\/10\/M.jpg 760w\" loading=\"eager\" style=\"--ratio: 760 \/ 510\" sizes=\"(max-width: 760px) 100vw, 760px\" alt=\"Instalaciones y tecnolog\u00eda de vanguardia para la impresi\u00f3n de etiquetas\" width=\"760\" height=\"510\"  \/><span class=\"gallery-rollover\"><\/span><\/a><\/article><article class=\"post visible post-6003 attachment type-attachment status-inherit hentry\"><a href=\"https:\/\/www.grupoargraf.com\/wp-content\/uploads\/2019\/10\/4_M.jpg\" class=\"rollover-click-target rollover dt-pswp-item layzr-bg\" title=\"-4_M\" data-dt-img-description=\"\"  data-large_image_width=\"760\" data-large_image_height = \"510\"  data-dt-location=\"https:\/\/www.grupoargraf.com\/fr\/installations-et-technologie\/4_m-2\/\" ><img decoding=\"async\" class=\"preload-me owl-lazy-load aspect\" src=\"data:image\/svg+xml,%3Csvg%20xmlns%3D&#39;http%3A%2F%2Fwww.w3.org%2F2000%2Fsvg&#39;%20viewBox%3D&#39;0%200%20760%20510&#39;%2F%3E\" data-src=\"https:\/\/www.grupoargraf.com\/wp-content\/uploads\/2019\/10\/4_M.jpg\" data-srcset=\"https:\/\/www.grupoargraf.com\/wp-content\/uploads\/2019\/10\/4_M.jpg 760w\" loading=\"eager\" style=\"--ratio: 760 \/ 510\" sizes=\"(max-width: 760px) 100vw, 760px\" alt=\"Instalaciones y tecnolog\u00eda para impresi\u00f3n de etiquetas\" width=\"760\" height=\"510\"  \/><span class=\"gallery-rollover\"><\/span><\/a><\/article><article class=\"post visible post-6004 attachment type-attachment status-inherit hentry\"><a href=\"https:\/\/www.grupoargraf.com\/wp-content\/uploads\/2019\/10\/5_M.jpg\" class=\"rollover-click-target rollover dt-pswp-item layzr-bg\" title=\"-5_M\" data-dt-img-description=\"\"  data-large_image_width=\"760\" data-large_image_height = \"510\"  data-dt-location=\"https:\/\/www.grupoargraf.com\/fr\/installations-et-technologie\/5_m-2\/\" ><img decoding=\"async\" class=\"preload-me owl-lazy-load aspect\" src=\"data:image\/svg+xml,%3Csvg%20xmlns%3D&#39;http%3A%2F%2Fwww.w3.org%2F2000%2Fsvg&#39;%20viewBox%3D&#39;0%200%20760%20510&#39;%2F%3E\" data-src=\"https:\/\/www.grupoargraf.com\/wp-content\/uploads\/2019\/10\/5_M.jpg\" data-srcset=\"https:\/\/www.grupoargraf.com\/wp-content\/uploads\/2019\/10\/5_M.jpg 760w\" loading=\"eager\" style=\"--ratio: 760 \/ 510\" sizes=\"(max-width: 760px) 100vw, 760px\" alt=\"Instalaciones y tecnolog\u00eda para impresi\u00f3n\" width=\"760\" height=\"510\"  \/><span class=\"gallery-rollover\"><\/span><\/a><\/article><\/div>[vc_empty_space height=\u00a0\u00bb20px\u00a0\u00bb][\/vc_column][\/vc_row][vc_row][vc_column][vc_column_text]<\/p>\r\n<h2>Technologie de pointe en Arts Graphiques<\/h2>\r\n<p>\r\n\r\n<span style=\"color: #a38620;\"><em><strong>Le leadership du Groupe Argraf repose principalement sur nos constants investissements en R&amp;D&amp;i. Gr\u00e2ce \u00e0 eux, nous restons toujours \u00e0 l\u2019avant-garde en mati\u00e8re de techniques d\u2019impression, d\u2019estampage et de finition avanc\u00e9es pour offrir des prestations de derni\u00e8re g\u00e9n\u00e9ration, la plus haute qualit\u00e9 et le design le plus innovant \u00e0 nos clients.<\/strong><\/em><\/span><\/p>\r\n<p>\r\n\r\nIl suffit d\u2019un seul coup d\u2019\u0153il sur le parc de machines et d\u2019\u00e9quipements techniques pr\u00e9sents dans nos ateliers pour se rendre compte du potentiel de design et d\u2019impression d\u2019Argraf.<\/p>\r\n<p>[\/vc_column_text][\/vc_column][\/vc_row][vc_row][vc_column][vc_row_inner][vc_column_inner width=\u00a0\u00bb1\/6&Prime;][vc_column_text]<\/p>\r\n<p style=\"text-align: left;\"><strong>Argraf : un groupe pionnier en Espagne dans l\u2019implantation des syst\u00e8mes num\u00e9riques les plus modernes pour faciliter la cr\u00e9ation et la pr\u00e9-impression.<\/strong><\/p>\r\n<p>[\/vc_column_text][\/vc_column_inner][vc_column_inner width=\u00a0\u00bb5\/6&Prime;][vc_single_image image=\u00a0\u00bb507&Prime; img_size=\u00a0\u00bbfull\u00a0\u00bb alignment=\u00a0\u00bbright\u00a0\u00bb][\/vc_column_inner][\/vc_row_inner][\/vc_column][\/vc_row][vc_row][vc_column width=\u00a0\u00bb1\/2&Prime;][vc_column_text]<\/p>\r\n<h3>Section Gestion<\/h3>\r\n<p>Actuellement, nous mettons en place un nouveau syst\u00e8me de management qui facilitera et acc\u00e9l\u00e9rera la gestion des devis et des commandes, ainsi que le contr\u00f4le de la production et l\u2019exp\u00e9dition de nos produits, et am\u00e9liorera la transparence et l\u2019information pour nos clients.<\/p>\r\n<p>[\/vc_column_text][vc_column_text]<\/p>\r\n<h3>Section Impression sur bobine<\/h3>\r\n<p>2 machines d\u2019impression offset sur bobine<\/p>\r\n<p>10 machines d\u2019impression flexographique sur bobine<\/p>\r\n<p>1 machine d\u2019impression num\u00e9rique sur bobine<\/p>\r\n<p>La plupart de nos machines d\u2019impression flexographique offrent la possibilit\u00e9 d\u2019un multitude de finitions en ligne : plastification, gaufrage, dorure, s\u00e9rigraphie et pelliculage de deux mat\u00e9riaux formant une unique \u00e9tiquette.<\/p>\r\n<p>Citons, par exemple, l\u2019OMET avec 10 corps d\u2019impression flexographique et un puissant corps de dorure et relief, qui en font l\u2019une des machines les plus compl\u00e8tes en termes de finitions d\u2019Espagne.<\/p>\r\n<p>[\/vc_column_text][vc_column_text]<\/p>\r\n<h3>Sous-section des finitions en bobine<\/h3>\r\n<p>3 machines \u00e0 dorer et relief.<\/p>\r\n<p>3 machines \u00e0 dorer, relief et s\u00e9rigraphie.<\/p>\r\n<p>Gr\u00e2ce \u00e0 ce parc de machines de finitions, nous sommes en mesure de r\u00e9aliser les finitions les plus compl\u00e8tes demand\u00e9es par nos clients en une seule passe de machine pour une livraison rapide.<\/p>\r\n<p>[\/vc_column_text][\/vc_column][vc_column width=\u00a0\u00bb1\/2&Prime;][vc_column_text]<\/p>\r\n<h3>Section Impression plane<\/h3>\r\n<p>Machine Speed Master 8 couleurs de grand format et tour d\u2019application de vernis acrylique ou UVI.<\/p>\r\n<p>Machine Speed Master 8 couleurs de grand format.<\/p>\r\n<p>Machine Speed Master 8 couleurs pour encres offset UVI.<\/p>\r\n<p>Machine Speed Master 2 couleurs.<\/p>\r\n<p>[\/vc_column_text][vc_column_text]<\/p>\r\n<h3>Sous-section Finitions \u00e0 plat<\/h3>\r\n<p>2 machines \u00e0 dorer et relief BOBST.<br \/>Guillotines, d\u00e9coupeuses, perceuses et machines typographiques.<\/p>\r\n<p>[\/vc_column_text][\/vc_column][\/vc_row]<\/p><\/div>","protected":false},"excerpt":{"rendered":"<p>[vc_row][vc_column][vc_column_text css=\u00a0\u00bb\u00a0\u00bb] Installations et technologie Des Installations Modernes pour une Impression d\u2019\u00c9tiquettes de Pr\u00e9cision Les installations du Groupe Argraf occupent 10 000 m\u00e8tres carr\u00e9s \u00e0 Oy\u00f3n, dans la province d\u2019Alava, \u00e0 3 kilom\u00e8tres de Logro\u00f1o et en plein c\u0153ur de l\u2019une des r\u00e9gions vitivinicoles les plus importantes au monde, La Rioja. Distribu\u00e9es en plusieurs b\u00e2timents,&hellip;<\/p>\n","protected":false},"author":2,"featured_media":508,"parent":0,"menu_order":0,"comment_status":"closed","ping_status":"closed","template":"","meta":{"_acf_changed":false,"footnotes":""},"yst_prominent_words":[124],"class_list":["post-506","page","type-page","status-publish","has-post-thumbnail","hentry","description-off"],"acf":[],"_links":{"self":[{"href":"https:\/\/www.grupoargraf.com\/fr\/wp-json\/wp\/v2\/pages\/506","targetHints":{"allow":["GET"]}}],"collection":[{"href":"https:\/\/www.grupoargraf.com\/fr\/wp-json\/wp\/v2\/pages"}],"about":[{"href":"https:\/\/www.grupoargraf.com\/fr\/wp-json\/wp\/v2\/types\/page"}],"author":[{"embeddable":true,"href":"https:\/\/www.grupoargraf.com\/fr\/wp-json\/wp\/v2\/users\/2"}],"replies":[{"embeddable":true,"href":"https:\/\/www.grupoargraf.com\/fr\/wp-json\/wp\/v2\/comments?post=506"}],"version-history":[{"count":2,"href":"https:\/\/www.grupoargraf.com\/fr\/wp-json\/wp\/v2\/pages\/506\/revisions"}],"predecessor-version":[{"id":8434,"href":"https:\/\/www.grupoargraf.com\/fr\/wp-json\/wp\/v2\/pages\/506\/revisions\/8434"}],"wp:featuredmedia":[{"embeddable":true,"href":"https:\/\/www.grupoargraf.com\/fr\/wp-json\/wp\/v2\/media\/508"}],"wp:attachment":[{"href":"https:\/\/www.grupoargraf.com\/fr\/wp-json\/wp\/v2\/media?parent=506"}],"wp:term":[{"taxonomy":"yst_prominent_words","embeddable":true,"href":"https:\/\/www.grupoargraf.com\/fr\/wp-json\/wp\/v2\/yst_prominent_words?post=506"}],"curies":[{"name":"wp","href":"https:\/\/api.w.org\/{rel}","templated":true}]}}