{"id":798,"date":"2019-10-15T18:30:22","date_gmt":"2019-10-15T16:30:22","guid":{"rendered":"https:\/\/www.grupoargraf.com\/contacto\/"},"modified":"2025-04-09T13:59:10","modified_gmt":"2025-04-09T11:59:10","slug":"contact","status":"publish","type":"page","link":"https:\/\/www.grupoargraf.com\/en\/contact\/","title":{"rendered":"Contact"},"content":{"rendered":"<div class=\"wpb-content-wrapper\"><p>[vc_row full_width=&#8221;stretch_row_content_no_spaces&#8221; content_placement=&#8221;top&#8221; css=&#8221;.vc_custom_1572109591517{padding-top: -50px !important;}&#8221;][vc_column][vc_gmaps link=&#8221;#E-8_JTNDaWZyYW1lJTIwc3JjJTNEJTIyaHR0cHMlM0ElMkYlMkZ3d3cuZ29vZ2xlLmNvbSUyRm1hcHMlMkZlbWJlZCUzRnBiJTNEJTIxMW0xNCUyMTFtOCUyMTFtMyUyMTFkMjk0MS41MzQxNzQwOTg0NjQlMjEyZC0yLjQzNjEyNCUyMTNkNDIuNTAxNDU1JTIxM20yJTIxMWkxMDI0JTIxMmk3NjglMjE0ZjEzLjElMjEzbTMlMjExbTIlMjExczB4MCUyNTNBMHgzMTIzNTc4ODM1Y2ZiODJlJTIxMnNHcnVwbyUyNTIwQXJncmFmJTIxNWUwJTIxM20yJTIxMXNlcyUyMTJzdXMlMjE0djE1NzIxMDkzNDkwNjMlMjE1bTIlMjExc2VzJTIxMnN1cyUyMiUyMHdpZHRoJTNEJTIyNjAwJTIyJTIwaGVpZ2h0JTNEJTIyNDUwJTIyJTIwZnJhbWVib3JkZXIlM0QlMjIwJTIyJTIwc3R5bGUlM0QlMjJib3JkZXIlM0EwJTNCJTIyJTIwYWxsb3dmdWxsc2NyZWVuJTNEJTIyJTIyJTNFJTNDJTJGaWZyYW1lJTNF&#8221; size=&#8221;500px&#8221;][\/vc_column][\/vc_row][vc_row gap=&#8221;20&#8243;][vc_column width=&#8221;1\/2&#8243;][vc_column_text css=&#8221;&#8221;]<\/p>\n<h3>Grupo ARGRAF<\/h3>\n<p>Avenida de Navarra 36<br \/>\n01320 Oy\u00f3n, \u00c1lava<br \/>\nSpain<\/p>\n<p><strong>Phone:<\/strong> +34 945601653<\/p>\n<p><a href=\"mailto:ccuevas@grupoargraf.com\"><strong>ccuevas@grupoargraf.com<\/strong><\/a><\/p>\n<p><strong>HR Department:<\/strong><\/p>\n<p><strong><a href=\"mailto:rrhh@grupoargraf.com\">rrhh@grupoargraf.com<\/a><\/strong>[\/vc_column_text][vc_single_image image=&#8221;799&#8243; img_size=&#8221;full&#8221;][vc_column_text]<\/p>\n<h3>Grupo ARGRAF Catalu\u00f1a<\/h3>\n<p>Carrer del Pont de Can Claver\u00ed 48<br \/>\n08191 Rub\u00ed, Barcelona<br \/>\nSpain<\/p>\n<p><span aria-label=\"Llamar al n\u00famero de tel\u00e9fono 935 88 25 53\"><strong>Phone:<\/strong> +34 935 882 553<\/span>[\/vc_column_text][\/vc_column][vc_column width=&#8221;1\/2&#8243;][vc_column_text css=&#8221;&#8221;]<\/p>\n<h1>Contact us<\/h1>\n<h2>Contact our team of label printing specialists<\/h2>\n<p>[\/vc_column_text]<form class=\"dt-contact-form dt-form privacy-form\" method=\"post\"><input type=\"hidden\" name=\"widget_id\" value=\"presscore-contact-form-widget--1\" \/><input type=\"hidden\" name=\"send_message\" value=\"\" \/><input type=\"hidden\" name=\"security_token\" value=\"37506b8471a8cf4b2cac\"\/><div class=\"form-fields\"><span class=\"form-name\"><label class=\"assistive-text\">Name *<\/label><input type=\"text\" class=\"validate[required]\" placeholder=\"Name *\" name=\"name\" value=\"\" aria-required=\"true\">\n<\/span><span class=\"form-mail\"><label class=\"assistive-text\">E-mail *<\/label><input type=\"text\" class=\"validate[required,custom[email]]\" placeholder=\"E-mail *\" name=\"email\" value=\"\" aria-required=\"true\">\n<\/span><span class=\"form-telephone\"><label class=\"assistive-text\">Telephone<\/label><input type=\"text\" placeholder=\"Telephone\" name=\"telephone\" value=\"\" aria-required=\"false\">\n<\/span><\/div><span class=\"form-message\"><label class=\"assistive-text\">Message *<\/label><textarea class=\"validate[required]\" placeholder=\"Message *\" name=\"message\" rows=\"6\" aria-required=\"true\"><\/textarea>\n<\/span><p class=\"the7-form-terms-wrap\"><input type=\"checkbox\" id=\"the7-form-terms-9ad6aaed513b73148b7d49f70afcfb32\" name=\"terms\" class=\"validate[required] the7-form-terms\" aria-required=\"true\" \/>&nbsp;<label for=\"the7-form-terms-9ad6aaed513b73148b7d49f70afcfb32\"><span class=\"form-terms-text\">I accept the data protection and privacy policy.<\/span><\/label><\/p><p><a href=\"#\" class=\"dt-btn dt-btn-m dt-btn-submit\" rel=\"nofollow\"><span>Send<\/span><\/a><input class=\"assistive-text\" type=\"submit\" value=\"submit\"><\/p><\/form>\n[\/vc_column][\/vc_row]<\/p>\n<\/div>","protected":false},"excerpt":{"rendered":"<p>[vc_row full_width=&#8221;stretch_row_content_no_spaces&#8221; content_placement=&#8221;top&#8221; css=&#8221;.vc_custom_1572109591517{padding-top: -50px !important;}&#8221;][vc_column][vc_gmaps link=&#8221;#E-8_JTNDaWZyYW1lJTIwc3JjJTNEJTIyaHR0cHMlM0ElMkYlMkZ3d3cuZ29vZ2xlLmNvbSUyRm1hcHMlMkZlbWJlZCUzRnBiJTNEJTIxMW0xNCUyMTFtOCUyMTFtMyUyMTFkMjk0MS41MzQxNzQwOTg0NjQlMjEyZC0yLjQzNjEyNCUyMTNkNDIuNTAxNDU1JTIxM20yJTIxMWkxMDI0JTIxMmk3NjglMjE0ZjEzLjElMjEzbTMlMjExbTIlMjExczB4MCUyNTNBMHgzMTIzNTc4ODM1Y2ZiODJlJTIxMnNHcnVwbyUyNTIwQXJncmFmJTIxNWUwJTIxM20yJTIxMXNlcyUyMTJzdXMlMjE0djE1NzIxMDkzNDkwNjMlMjE1bTIlMjExc2VzJTIxMnN1cyUyMiUyMHdpZHRoJTNEJTIyNjAwJTIyJTIwaGVpZ2h0JTNEJTIyNDUwJTIyJTIwZnJhbWVib3JkZXIlM0QlMjIwJTIyJTIwc3R5bGUlM0QlMjJib3JkZXIlM0EwJTNCJTIyJTIwYWxsb3dmdWxsc2NyZWVuJTNEJTIyJTIyJTNFJTNDJTJGaWZyYW1lJTNF&#8221; size=&#8221;500px&#8221;][\/vc_column][\/vc_row][vc_row gap=&#8221;20&#8243;][vc_column width=&#8221;1\/2&#8243;][vc_column_text css=&#8221;&#8221;] Grupo ARGRAF Avenida de Navarra 36 01320 Oy\u00f3n, \u00c1lava Spain Phone: +34 945601653 ccuevas@grupoargraf.com HR Department: rrhh@grupoargraf.com[\/vc_column_text][vc_single_image image=&#8221;799&#8243; img_size=&#8221;full&#8221;][vc_column_text] Grupo ARGRAF Catalu\u00f1a Carrer del Pont de Can Claver\u00ed 48 08191 Rub\u00ed, Barcelona Spain Phone: +34 935 882 553[\/vc_column_text][\/vc_column][vc_column width=&#8221;1\/2&#8243;][vc_column_text css=&#8221;&#8221;] Contact us Contact our&hellip;<\/p>\n","protected":false},"author":2,"featured_media":0,"parent":0,"menu_order":0,"comment_status":"closed","ping_status":"closed","template":"","meta":{"_acf_changed":false,"footnotes":""},"yst_prominent_words":[138,141,131],"class_list":["post-798","page","type-page","status-publish","hentry","description-off"],"acf":[],"_links":{"self":[{"href":"https:\/\/www.grupoargraf.com\/en\/wp-json\/wp\/v2\/pages\/798","targetHints":{"allow":["GET"]}}],"collection":[{"href":"https:\/\/www.grupoargraf.com\/en\/wp-json\/wp\/v2\/pages"}],"about":[{"href":"https:\/\/www.grupoargraf.com\/en\/wp-json\/wp\/v2\/types\/page"}],"author":[{"embeddable":true,"href":"https:\/\/www.grupoargraf.com\/en\/wp-json\/wp\/v2\/users\/2"}],"replies":[{"embeddable":true,"href":"https:\/\/www.grupoargraf.com\/en\/wp-json\/wp\/v2\/comments?post=798"}],"version-history":[{"count":1,"href":"https:\/\/www.grupoargraf.com\/en\/wp-json\/wp\/v2\/pages\/798\/revisions"}],"predecessor-version":[{"id":8426,"href":"https:\/\/www.grupoargraf.com\/en\/wp-json\/wp\/v2\/pages\/798\/revisions\/8426"}],"wp:attachment":[{"href":"https:\/\/www.grupoargraf.com\/en\/wp-json\/wp\/v2\/media?parent=798"}],"wp:term":[{"taxonomy":"yst_prominent_words","embeddable":true,"href":"https:\/\/www.grupoargraf.com\/en\/wp-json\/wp\/v2\/yst_prominent_words?post=798"}],"curies":[{"name":"wp","href":"https:\/\/api.w.org\/{rel}","templated":true}]}}