{"id":503,"date":"2019-10-15T18:29:37","date_gmt":"2019-10-15T16:29:37","guid":{"rendered":"https:\/\/www.grupoargraf.com\/instalaciones-y-tecnologia\/"},"modified":"2025-11-03T15:11:39","modified_gmt":"2025-11-03T14:11:39","slug":"facilities-and-technology","status":"publish","type":"page","link":"https:\/\/www.grupoargraf.com\/en\/facilities-and-technology\/","title":{"rendered":"Facilities and Technology"},"content":{"rendered":"<div class=\"wpb-content-wrapper\"><p>[vc_row][vc_column][vc_column_text]<\/p>\r\n<h1>Facilities and technology<\/h1>\r\n<p><span style=\"color: #a38620;\"><strong><em>Grupo Argraf has a 10,000-square-metre facility in the town of Oy\u00f3n (province of \u00c1lava), 3 kilometres from Logro\u00f1o in the heart of one of the most important winemaking regions in the world, La Rioja.<\/em><\/strong><\/span><\/p>\r\n\r\n<p>Distributed in several buildings, our facilities house 20 printing machines with 102 units and 18 stamping\/finishing machines, operated by a workforce of 80 people. The site also contains large storage and deposit areas, a loading zone, offices, desing areas, etc.<\/p>\r\n\r\n<p>In total, Grupo Argraf employs over 140 people, most of them highly-qualified in their respective areas of expertise. Our spacious facilities allow us to deal with ever higher demand for our services.<\/p>\r\n<p>[\/vc_column_text][\/vc_column][\/vc_row][vc_row full_width=&#8221;stretch_row_content&#8221; css=&#8221;.vc_custom_1571521571246{margin-bottom: 20px !important;}&#8221;][vc_column]<style type=\"text\/css\" data-type=\"the7_shortcodes-inline-css\">.photos-carousel-shortcode-id-4c002e29b8b1733e3d1d5d1abc7aa332.owl-carousel .owl-nav div {\n  width: 36px;\n  height: 36px;\n  border-radius: 500px;\n}\n.photos-carousel-shortcode-id-4c002e29b8b1733e3d1d5d1abc7aa332.owl-carousel .owl-nav div:before,\n.photos-carousel-shortcode-id-4c002e29b8b1733e3d1d5d1abc7aa332.owl-carousel .owl-nav div:after {\n  border-width: 0px;\n}\n.photos-carousel-shortcode-id-4c002e29b8b1733e3d1d5d1abc7aa332.owl-carousel .owl-nav div.owl-prev {\n  top: 50%;\n  transform: translateY(calc(-50% + 0px));\n  left: -43px;\n}\n@media all and (-ms-high-contrast: none) {\n  .photos-carousel-shortcode-id-4c002e29b8b1733e3d1d5d1abc7aa332.owl-carousel .owl-nav div.owl-prev {\n    transform: translateY(-50%);\n    margin-top: 0px;\n  }\n}\n.photos-carousel-shortcode-id-4c002e29b8b1733e3d1d5d1abc7aa332.owl-carousel .owl-nav div.owl-prev i {\n  padding: 0px 0px 0px 0px;\n}\n.photos-carousel-shortcode-id-4c002e29b8b1733e3d1d5d1abc7aa332.owl-carousel .owl-nav div.owl-next {\n  top: 50%;\n  transform: translateY(calc(-50% + 0px));\n  right: -43px;\n}\n@media all and (-ms-high-contrast: none) {\n  .photos-carousel-shortcode-id-4c002e29b8b1733e3d1d5d1abc7aa332.owl-carousel .owl-nav div.owl-next {\n    transform: translateY(-50%);\n    margin-top: 0px;\n  }\n}\n.photos-carousel-shortcode-id-4c002e29b8b1733e3d1d5d1abc7aa332.owl-carousel .owl-nav div.owl-next i {\n  padding: 0px 0px 0px 0px;\n}\n.photos-carousel-shortcode-id-4c002e29b8b1733e3d1d5d1abc7aa332.owl-carousel .owl-nav i {\n  font-size: 18px;\n}\n.photos-carousel-shortcode-id-4c002e29b8b1733e3d1d5d1abc7aa332.owl-carousel .owl-nav div:not(:hover) i,\n.photos-carousel-shortcode-id-4c002e29b8b1733e3d1d5d1abc7aa332.owl-carousel .owl-nav div:not(:hover) i:before {\n  color: #ffffff;\n  background: none;\n}\n.photos-carousel-shortcode-id-4c002e29b8b1733e3d1d5d1abc7aa332.owl-carousel .owl-nav div:hover i,\n.photos-carousel-shortcode-id-4c002e29b8b1733e3d1d5d1abc7aa332.owl-carousel .owl-nav div:hover i:before {\n  color: rgba(255,255,255,0.75);\n  background: none;\n}\n.photos-carousel-shortcode-id-4c002e29b8b1733e3d1d5d1abc7aa332 .owl-dots {\n  top: calc(100% + 20px);\n  left: 50%;\n  transform: translateX(calc(-50% + 0px));\n}\n@media all and (-ms-high-contrast: none) {\n  .photos-carousel-shortcode-id-4c002e29b8b1733e3d1d5d1abc7aa332 .owl-dots {\n    transform: translateX(-50%);\n    margin-left: 0px;\n  }\n}\n.photos-carousel-shortcode-id-4c002e29b8b1733e3d1d5d1abc7aa332 .owl-dot {\n  width: 10px;\n  height: 10px;\n  margin: 0 8px;\n}\n@media screen and (max-width: 778px) {\n  .photos-carousel-shortcode-id-4c002e29b8b1733e3d1d5d1abc7aa332.hide-arrows.owl-carousel .owl-nav a {\n    display: none;\n  }\n}\n@media screen and (max-width: 778px) {\n  .photos-carousel-shortcode-id-4c002e29b8b1733e3d1d5d1abc7aa332.reposition-arrows.owl-carousel .owl-nav .owl-prev {\n    top: 50%;\n    transform: translateY(calc(-50% + 0px));\n    left: 10px;\n  }\n  .photos-carousel-shortcode-id-4c002e29b8b1733e3d1d5d1abc7aa332.reposition-arrows.owl-carousel .owl-nav .owl-next {\n    top: 50%;\n    transform: translateY(calc(-50% + 0px));\n    right: 10px;\n  }\n}\n@media screen and (max-width: 778px) and all and (-ms-high-contrast: none) {\n  .photos-carousel-shortcode-id-4c002e29b8b1733e3d1d5d1abc7aa332.reposition-arrows.owl-carousel .owl-nav .owl-prev {\n    transform: translateY(-50%);\n    margin-top: 0px;\n  }\n}\n@media screen and (max-width: 778px) and all and (-ms-high-contrast: none) {\n  .photos-carousel-shortcode-id-4c002e29b8b1733e3d1d5d1abc7aa332.reposition-arrows.owl-carousel .owl-nav .owl-next {\n    transform: translateY(-50%);\n    margin-top: 0px;\n  }\n}\n.photos-carousel-shortcode-id-4c002e29b8b1733e3d1d5d1abc7aa332 figure,\n.photos-carousel-shortcode-id-4c002e29b8b1733e3d1d5d1abc7aa332 .rollover,\n.photos-carousel-shortcode-id-4c002e29b8b1733e3d1d5d1abc7aa332 img,\n.photos-carousel-shortcode-id-4c002e29b8b1733e3d1d5d1abc7aa332 .gallery-rollover {\n  border-radius: 0px;\n}\n.photos-carousel-shortcode-id-4c002e29b8b1733e3d1d5d1abc7aa332.enable-bg-rollover .gallery-rollover {\n  background: -webkit-linear-gradient();\n  background: linear-gradient();\n}\n.photos-carousel-shortcode-id-4c002e29b8b1733e3d1d5d1abc7aa332.enable-bg-rollover.hover-scale .rollover:after {\n  background: -webkit-linear-gradient();\n  background: linear-gradient();\n}\n.photos-carousel-shortcode-id-4c002e29b8b1733e3d1d5d1abc7aa332.enable-img-shadow .owl-stage-outer {\n  padding: 14px 0;\n}\n.photos-carousel-shortcode-id-4c002e29b8b1733e3d1d5d1abc7aa332.gallery-shortcode .gallery-zoom-ico {\n  width: 44px;\n  height: 44px;\n  line-height: 44px;\n  border-radius: 100px;\n  margin: -22px 0 0 -22px;\n  border-width: 0px;\n}\n.dt-icon-bg-on.photos-carousel-shortcode-id-4c002e29b8b1733e3d1d5d1abc7aa332.gallery-shortcode .gallery-zoom-ico {\n  background: rgba(255,255,255,0.3);\n  -webkit-box-shadow: none;\n  box-shadow: none;\n}\n.photos-carousel-shortcode-id-4c002e29b8b1733e3d1d5d1abc7aa332.gallery-shortcode .gallery-zoom-ico:before,\n.photos-carousel-shortcode-id-4c002e29b8b1733e3d1d5d1abc7aa332.gallery-shortcode .gallery-zoom-ico span {\n  font-size: 32px;\n  line-height: 44px;\n  color: #ffffff;\n  background: none;\n}<\/style><div class=\"owl-carousel gallery-carousel-shortcode gallery-shortcode dt-gallery-container album-gallery-shortcode dt-owl-carousel-call photos-carousel-shortcode-id-4c002e29b8b1733e3d1d5d1abc7aa332 quick-scale-img enable-bg-rollover meta-info-off bullets-small-dot-stroke reposition-arrows dt-icon-bg-off arrows-bg-on dt-arrow-border-on dt-arrow-hover-border-on disable-arrows-hover-bg arrows-hover-bg-on  hover-fade \" data-scroll-mode=\"1\" data-col-num=\"5\" data-wide-col-num=\"5\" data-laptop-col=\"5\" data-h-tablet-columns-num=\"5\" data-v-tablet-columns-num=\"3\" data-phone-columns-num=\"1\" data-col-gap=\"10\" data-stage-padding=\"0\" data-speed=\"600\" data-autoplay=\"true\" data-autoplay_speed=\"6000\" data-arrows=\"true\" data-bullet=\"true\" data-next-icon=\"icon-ar-017-r\" data-prev-icon=\"icon-ar-017-l\" data-img-shadow-size=\"12px\" data-img-shadow-spread=\"3px\"><article class=\"post visible post-5986 attachment type-attachment status-inherit hentry\"><a href=\"https:\/\/www.grupoargraf.com\/wp-content\/uploads\/2019\/10\/3_M.jpg\" class=\"rollover-click-target rollover dt-pswp-item layzr-bg\" title=\"-3_M\" data-dt-img-description=\"\"  data-large_image_width=\"760\" data-large_image_height = \"510\"  data-dt-location=\"https:\/\/www.grupoargraf.com\/en\/facilities-and-technology\/3_m-2\/\" ><img fetchpriority=\"high\" decoding=\"async\" class=\"preload-me owl-lazy-load aspect\" src=\"data:image\/svg+xml,%3Csvg%20xmlns%3D&#39;http%3A%2F%2Fwww.w3.org%2F2000%2Fsvg&#39;%20viewBox%3D&#39;0%200%20760%20510&#39;%2F%3E\" data-src=\"https:\/\/www.grupoargraf.com\/wp-content\/uploads\/2019\/10\/3_M.jpg\" data-srcset=\"https:\/\/www.grupoargraf.com\/wp-content\/uploads\/2019\/10\/3_M.jpg 760w\" loading=\"eager\" style=\"--ratio: 760 \/ 510\" sizes=\"(max-width: 760px) 100vw, 760px\" alt=\"Instalaciones y tecnolog\u00eda de Artes Gr\u00e1ficas\" width=\"760\" height=\"510\"  \/><span class=\"gallery-rollover\"><\/span><\/a><\/article><article class=\"post visible post-5985 attachment type-attachment status-inherit hentry\"><a href=\"https:\/\/www.grupoargraf.com\/wp-content\/uploads\/2019\/10\/2_M.jpg\" class=\"rollover-click-target rollover dt-pswp-item layzr-bg\" title=\"-2_M\" data-dt-img-description=\"\"  data-large_image_width=\"760\" data-large_image_height = \"510\"  data-dt-location=\"https:\/\/www.grupoargraf.com\/en\/facilities-and-technology\/2_m-2\/\" ><img decoding=\"async\" class=\"preload-me owl-lazy-load aspect\" src=\"data:image\/svg+xml,%3Csvg%20xmlns%3D&#39;http%3A%2F%2Fwww.w3.org%2F2000%2Fsvg&#39;%20viewBox%3D&#39;0%200%20760%20510&#39;%2F%3E\" data-src=\"https:\/\/www.grupoargraf.com\/wp-content\/uploads\/2019\/10\/2_M.jpg\" data-srcset=\"https:\/\/www.grupoargraf.com\/wp-content\/uploads\/2019\/10\/2_M.jpg 760w\" loading=\"eager\" style=\"--ratio: 760 \/ 510\" sizes=\"(max-width: 760px) 100vw, 760px\" alt=\"Instalaciones y tecnolog\u00eda de Artes Gr\u00e1ficas para la impresi\u00f3n de etiquetas\" width=\"760\" height=\"510\"  \/><span class=\"gallery-rollover\"><\/span><\/a><\/article><article class=\"post visible post-5984 attachment type-attachment status-inherit hentry\"><a href=\"https:\/\/www.grupoargraf.com\/wp-content\/uploads\/2019\/10\/M.jpg\" class=\"rollover-click-target rollover dt-pswp-item layzr-bg\" title=\"_M\" data-dt-img-description=\"\"  data-large_image_width=\"760\" data-large_image_height = \"510\"  data-dt-location=\"https:\/\/www.grupoargraf.com\/en\/facilities-and-technology\/_m-2\/\" ><img decoding=\"async\" class=\"preload-me owl-lazy-load aspect\" src=\"data:image\/svg+xml,%3Csvg%20xmlns%3D&#39;http%3A%2F%2Fwww.w3.org%2F2000%2Fsvg&#39;%20viewBox%3D&#39;0%200%20760%20510&#39;%2F%3E\" data-src=\"https:\/\/www.grupoargraf.com\/wp-content\/uploads\/2019\/10\/M.jpg\" data-srcset=\"https:\/\/www.grupoargraf.com\/wp-content\/uploads\/2019\/10\/M.jpg 760w\" loading=\"eager\" style=\"--ratio: 760 \/ 510\" sizes=\"(max-width: 760px) 100vw, 760px\" alt=\"Instalaciones y tecnolog\u00eda de vanguardia para la impresi\u00f3n de etiquetas\" width=\"760\" height=\"510\"  \/><span class=\"gallery-rollover\"><\/span><\/a><\/article><article class=\"post visible post-5987 attachment type-attachment status-inherit hentry\"><a href=\"https:\/\/www.grupoargraf.com\/wp-content\/uploads\/2019\/10\/4_M.jpg\" class=\"rollover-click-target rollover dt-pswp-item layzr-bg\" title=\"-4_M\" data-dt-img-description=\"\"  data-large_image_width=\"760\" data-large_image_height = \"510\"  data-dt-location=\"https:\/\/www.grupoargraf.com\/en\/facilities-and-technology\/4_m-2\/\" ><img decoding=\"async\" class=\"preload-me owl-lazy-load aspect\" src=\"data:image\/svg+xml,%3Csvg%20xmlns%3D&#39;http%3A%2F%2Fwww.w3.org%2F2000%2Fsvg&#39;%20viewBox%3D&#39;0%200%20760%20510&#39;%2F%3E\" data-src=\"https:\/\/www.grupoargraf.com\/wp-content\/uploads\/2019\/10\/4_M.jpg\" data-srcset=\"https:\/\/www.grupoargraf.com\/wp-content\/uploads\/2019\/10\/4_M.jpg 760w\" loading=\"eager\" style=\"--ratio: 760 \/ 510\" sizes=\"(max-width: 760px) 100vw, 760px\" alt=\"Instalaciones y tecnolog\u00eda para impresi\u00f3n de etiquetas\" width=\"760\" height=\"510\"  \/><span class=\"gallery-rollover\"><\/span><\/a><\/article><article class=\"post visible post-5988 attachment type-attachment status-inherit hentry\"><a href=\"https:\/\/www.grupoargraf.com\/wp-content\/uploads\/2019\/10\/5_M.jpg\" class=\"rollover-click-target rollover dt-pswp-item layzr-bg\" title=\"-5_M\" data-dt-img-description=\"\"  data-large_image_width=\"760\" data-large_image_height = \"510\"  data-dt-location=\"https:\/\/www.grupoargraf.com\/en\/facilities-and-technology\/5_m-2\/\" ><img decoding=\"async\" class=\"preload-me owl-lazy-load aspect\" src=\"data:image\/svg+xml,%3Csvg%20xmlns%3D&#39;http%3A%2F%2Fwww.w3.org%2F2000%2Fsvg&#39;%20viewBox%3D&#39;0%200%20760%20510&#39;%2F%3E\" data-src=\"https:\/\/www.grupoargraf.com\/wp-content\/uploads\/2019\/10\/5_M.jpg\" data-srcset=\"https:\/\/www.grupoargraf.com\/wp-content\/uploads\/2019\/10\/5_M.jpg 760w\" loading=\"eager\" style=\"--ratio: 760 \/ 510\" sizes=\"(max-width: 760px) 100vw, 760px\" alt=\"Instalaciones y tecnolog\u00eda para impresi\u00f3n\" width=\"760\" height=\"510\"  \/><span class=\"gallery-rollover\"><\/span><\/a><\/article><\/div>[vc_empty_space height=&#8221;20px&#8221;][\/vc_column][\/vc_row][vc_row][vc_column][vc_column_text]<\/p>\r\n<h2>Cutting-edge technology in Graphic Arts<\/h2>\r\n\r\n<p><span style=\"color: #a38620;\"><em><strong>The leadership of Grupo Argraf is mainly based on its strong and constant investment in R&amp;D+i, thanks to which it has always been in the vanguard of the latest printing, stamping and finishing techniques, offering state-of-the-art services, top quality and the most innovative designs for our clients.<\/strong><\/em><\/span><\/p>\r\n\r\n<p>Argraf&#8217;s desing and printing potential can be seen by taking a look at the machinery and the teams working in the main sections of the company.<\/p>\r\n<p>[\/vc_column_text][\/vc_column][\/vc_row][vc_row][vc_column][vc_row_inner][vc_column_inner width=&#8221;1\/6&#8243;][vc_column_text]<\/p>\r\n<p style=\"text-align: left;\"><strong>Grupo Argraf had pioneered the implementation of the most modern digital systems in Spain to facilitate the creative and pre-printing processes.<\/strong><\/p>\r\n<p>[\/vc_column_text][\/vc_column_inner][vc_column_inner width=&#8221;5\/6&#8243;][vc_single_image image=&#8221;504&#8243; img_size=&#8221;full&#8221; alignment=&#8221;right&#8221;][\/vc_column_inner][\/vc_row_inner][\/vc_column][\/vc_row][vc_row][vc_column width=&#8221;1\/2&#8243;][vc_column_text]<\/p>\r\n<h3>Management Area<\/h3>\r\n<p>We are currently in the process of implementing a new system to speed up the processing of quotations and orders and the manufacture and shipping of our products. It will also improve transparency and information vis-\u00e0-vis our clients.<\/p>\r\n<p>[\/vc_column_text][vc_column_text]<\/p>\r\n<h3>Web printing area<\/h3>\r\n<p>2 web offset printing machines<\/p>\r\n<p>10 web flexographic printing machines<\/p>\r\n<p>1 digital web printing machine<\/p>\r\n<p>Most of our flexographic printing machines offer several inline finishes, for example, lamination, cold stamping, hot stamping, silk screening and the lamination of two materials to make a single label.<\/p>\r\n<p>One of them is an OMET with 10 flexographic printing units and a powerful hot stamping and embossing unit, making it one of the most complete finishing machines in Spain.<\/p>\r\n<p>[\/vc_column_text][vc_column_text]<\/p>\r\n<h3>Subsection of web finishes<\/h3>\r\n<p>3 stamping and embossing machines.<br \/>3 stamping, embossing and silk screening machines.<\/p>\r\n<p>With this pool of finishing machines, we can carry out the most complete finishes required by our clients in a single pass, thus reducing product delivery times.<\/p>\r\n<p>[\/vc_column_text][\/vc_column][vc_column width=&#8221;1\/2&#8243;][vc_column_text]<\/p>\r\n<h3>Flat printing area<\/h3>\r\n<p>Large format 8-colour Speed Master machine, with a finish tower using acrylic varnish or UVI.<\/p>\r\n<p>Large format 8-colour Speed Master machine.<\/p>\r\n<p>8-colour Speed Master machine for UVI offset inks.<\/p>\r\n<p>2-colour Speed Master machine.<\/p>\r\n<p>[\/vc_column_text][vc_column_text]<\/p>\r\n<h3>Flat finish sub-section<\/h3>\r\n<p>2 BOBST stamping and embossing machines.<br \/>Guillotines, die cutters, drills and typesetting machines.<\/p>\r\n<p>[\/vc_column_text][\/vc_column][\/vc_row]<\/p><\/div>","protected":false},"excerpt":{"rendered":"<p>[vc_row][vc_column][vc_column_text] Facilities and technology Grupo Argraf has a 10,000-square-metre facility in the town of Oy\u00f3n (province of \u00c1lava), 3 kilometres from Logro\u00f1o in the heart of one of the most important winemaking regions in the world, La Rioja. Distributed in several buildings, our facilities house 20 printing machines with 102 units and 18 stamping\/finishing machines,&hellip;<\/p>\n","protected":false},"author":2,"featured_media":505,"parent":0,"menu_order":0,"comment_status":"closed","ping_status":"closed","template":"","meta":{"_acf_changed":false,"footnotes":""},"yst_prominent_words":[],"class_list":["post-503","page","type-page","status-publish","has-post-thumbnail","hentry","description-off"],"acf":[],"_links":{"self":[{"href":"https:\/\/www.grupoargraf.com\/en\/wp-json\/wp\/v2\/pages\/503","targetHints":{"allow":["GET"]}}],"collection":[{"href":"https:\/\/www.grupoargraf.com\/en\/wp-json\/wp\/v2\/pages"}],"about":[{"href":"https:\/\/www.grupoargraf.com\/en\/wp-json\/wp\/v2\/types\/page"}],"author":[{"embeddable":true,"href":"https:\/\/www.grupoargraf.com\/en\/wp-json\/wp\/v2\/users\/2"}],"replies":[{"embeddable":true,"href":"https:\/\/www.grupoargraf.com\/en\/wp-json\/wp\/v2\/comments?post=503"}],"version-history":[{"count":1,"href":"https:\/\/www.grupoargraf.com\/en\/wp-json\/wp\/v2\/pages\/503\/revisions"}],"predecessor-version":[{"id":8408,"href":"https:\/\/www.grupoargraf.com\/en\/wp-json\/wp\/v2\/pages\/503\/revisions\/8408"}],"wp:featuredmedia":[{"embeddable":true,"href":"https:\/\/www.grupoargraf.com\/en\/wp-json\/wp\/v2\/media\/505"}],"wp:attachment":[{"href":"https:\/\/www.grupoargraf.com\/en\/wp-json\/wp\/v2\/media?parent=503"}],"wp:term":[{"taxonomy":"yst_prominent_words","embeddable":true,"href":"https:\/\/www.grupoargraf.com\/en\/wp-json\/wp\/v2\/yst_prominent_words?post=503"}],"curies":[{"name":"wp","href":"https:\/\/api.w.org\/{rel}","templated":true}]}}