{"id":9526,"date":"2026-03-26T15:07:41","date_gmt":"2026-03-26T14:07:41","guid":{"rendered":"https:\/\/www.grupoargraf.com\/sin-limites-a-tu-creatividad-2026\/"},"modified":"2026-03-26T15:07:43","modified_gmt":"2026-03-26T14:07:43","slug":"sin-limites-a-tu-creatividad-2026","status":"publish","type":"page","link":"https:\/\/www.grupoargraf.com\/ca\/sin-limites-a-tu-creatividad-2026\/","title":{"rendered":"Sin L\u00edmites a tu Creatividad 2026"},"content":{"rendered":"<div class=\"wpb-content-wrapper\"><p>[vc_row][vc_column][vc_column_text css=&#8221;&#8221;]<\/p>\n<h1 class=\"serv14\">CAP L\u00cdMIT A LA TEVA CREATIVITAT 2026<\/h1>\n<p>[\/vc_column_text][vc_row_inner][vc_column_inner width=&#8221;1\/2&#8243;][vc_separator color=&#8221;white&#8221;][vc_column_text css=&#8221;&#8221;]<\/p>\n<div class=\"serv13\">\n<h3 class=\"his4b\"><span style=\"color: #da362c;\"><em>Un esdeveniment per fomentar la creativitat sense l\u00edmits<\/em><\/span><\/h3>\n<p>&nbsp;<\/p>\n<h3 class=\"his4\">La 7a Confer\u00e8ncia de Dissenyadors Gr\u00e0fics, \u00abNo hi ha l\u00edmits per a la teva creativitat\u00bb, celebrada a Val\u00e8ncia els dies 12 i 13 de mar\u00e7 de 2026, va ser un esdeveniment que va reunir m\u00e9s de 60 professionals del sector del disseny i de les arts gr\u00e0fiques de tot Espanya.<\/h3>\n<\/div>\n<p>[\/vc_column_text][vc_separator color=&#8221;white&#8221;][vc_column_text css=&#8221;&#8221;]L&#8217;esdeveniment &#8220;<strong>Sin L\u00edmites a tu Creatividad<\/strong>&#8220;, que celebra la seva setena edici\u00f3 i se celebra a Val\u00e8ncia, va reunir<strong> m\u00e9s de 60 professionals dels sectors del disseny i les arts gr\u00e0fiques de tot Espanya<\/strong>. Organitzat pel Grupo Argraf, aquest esdeveniment forma part d&#8217;una iniciativa destinada a fomentar el di\u00e0leg entre el disseny i la ind\u00fastria. Al llarg de les seves diverses edicions, ha reunit professionals del disseny gr\u00e0fic de tot el pa\u00eds, consolidant-se com un espai d&#8217;inspiraci\u00f3, aprenentatge i col\u00b7laboraci\u00f3.<\/p>\n<p>Les edicions anteriors han explorat una gamma d&#8217;enfocaments creatius i han ajudat a enfortir la relaci\u00f3 entre dissenyadors i professionals de la ind\u00fastria, creant una comunitat que comparteix una visi\u00f3 comuna: <strong>fomentar la creativitat sense barreres i explorar noves maneres de donar-li vida.<\/strong><\/p>\n<p>L&#8217;edici\u00f3 d&#8217;enguany de l&#8217;esdeveniment es va celebrar sota el t\u00edtol &#8220;El Silenci dels Dissenyadors&#8221;, un gest creatiu en refer\u00e8ncia a la coneguda pel\u00b7l\u00edcula El Silenci dels Anyells. Amb aquest tema, Grupo Argraf va tornar a convertir l&#8217;esdeveniment en un f\u00f2rum d&#8217;intercanvi d&#8217;idees, reflexi\u00f3 i experimentaci\u00f3 entre dissenyadors i professionals de la ind\u00fastria de la impressi\u00f3.<\/p>\n<p>Durant l&#8217;esdeveniment es va presentar <strong>IndustrializArte<\/strong>, un concepte que proposa un nou enfocament col\u00b7laboratiu entre dissenyadors, clients i fabricants, en qu\u00e8 la creativitat pren vida gr\u00e0cies a l&#8217;expertesa t\u00e8cnica i a les capacitats industrials. \u00c9s un <strong>ecosistema d&#8217;art i innovaci\u00f3<\/strong> impulsat per Grupo Argraf que t\u00e9 com a objectiu convertir cada projecte en una petita obra d&#8217;art produ\u00efda amb precisi\u00f3 industrial.<\/p>\n<p>&nbsp;[\/vc_column_text][\/vc_column_inner][vc_column_inner width=&#8221;1\/2&#8243;][vc_single_image image=&#8221;9525&#8243; img_size=&#8221;large&#8221; css=&#8221;&#8221;][\/vc_column_inner][\/vc_row_inner][vc_row_inner][vc_column_inner][vc_video link=&#8221;https:\/\/www.youtube.com\/watch?v=zaCuersvhv8&#8243; align=&#8221;center&#8221; css=&#8221;&#8221;][\/vc_column_inner][\/vc_row_inner][vc_row_inner][vc_column_inner][vc_column_text css=&#8221;&#8221;]<br \/>\nUn ecosistema que uneix la creativitat i la ind\u00fastria<\/p>\n<p>IndustrializArte es va fundar amb l&#8217;ambici\u00f3 de construir un ecosistema col\u00b7laboratiu on el talent creatiu i l&#8217;expertesa industrial parlin el mateix llenguatge. La iniciativa es basa en una idea senzilla per\u00f2 poderosa: quan la creativitat, l&#8217;expertesa t\u00e8cnica i la tecnologia s&#8217;integren des del mateix inici del proc\u00e9s, el resultat va m\u00e9s enll\u00e0 de la producci\u00f3 convencional i esdev\u00e9 una expressi\u00f3 de valor art\u00edstic i innovaci\u00f3.<\/p>\n<p>El concepte <strong>IndustrializArte<\/strong> es basa en tres pilars: <strong>l&#8217;expertesa en les arts gr\u00e0fiques<\/strong>, la combinaci\u00f3 d&#8217;artesania i tecnologia, i un llenguatge com\u00fa que facilita la col\u00b7laboraci\u00f3 entre dissenyadors, t\u00e8cnics i fabricants. Sobre aquesta base, el model s&#8217;organitza en quatre \u00e0rees clau: el Laboratori d&#8217;Idees, dedicat a l&#8217;exploraci\u00f3 creativa; el Centre Tecnol\u00f2gic, que transforma les idees en producci\u00f3 industrial; Acreditacions Avan\u00e7ades, que garanteixen la qualitat de cada projecte; i Arte Industrializable, una xarxa d&#8217;espais de formaci\u00f3 i col\u00b7laboraci\u00f3 on es comparteixen coneixements i inspiraci\u00f3 per fomentar noves idees creatives.<\/p>\n<p>D&#8217;aquesta manera, IndustrializArte reuneix <strong>dissenyadors, clients, fabricants i especialistes en artesania<\/strong>, fomentant un flux continu de col\u00b7laboraci\u00f3 que permet transformar una idea en un objecte tangible amb una identitat pr\u00f2pia i distintiva.[\/vc_column_text][\/vc_column_inner][\/vc_row_inner][vc_row_inner][vc_column_inner][\/vc_column_inner][\/vc_row_inner][\/vc_column][\/vc_row][vc_row][vc_column][vc_column_text]<\/p>\n<p>[\/vc_column_text][vc_cta h2=&#8221;&#8221; add_button=&#8221;bottom&#8221; btn_title=&#8221;Vegeu altres edicions&#8221; btn_color=&#8221;warning&#8221; btn_size=&#8221;lg&#8221; btn_align=&#8221;center&#8221; btn_link=&#8221;url:https%3A%2F%2Fwww.grupoargraf.com%2Fsense-limits%2F%3Flang%3Dca|target:_blank|&#8221;][\/vc_cta][\/vc_column][\/vc_row]<\/p>\n<\/div>","protected":false},"excerpt":{"rendered":"<p>[vc_row][vc_column][vc_column_text css=&#8221;&#8221;] CAP L\u00cdMIT A LA TEVA CREATIVITAT 2026 [\/vc_column_text][vc_row_inner][vc_column_inner width=&#8221;1\/2&#8243;][vc_separator color=&#8221;white&#8221;][vc_column_text css=&#8221;&#8221;] Un esdeveniment per fomentar la creativitat sense l\u00edmits &nbsp; La 7a Confer\u00e8ncia de Dissenyadors Gr\u00e0fics, \u00abNo hi ha l\u00edmits per a la teva creativitat\u00bb, celebrada a Val\u00e8ncia els dies 12 i 13 de mar\u00e7 de 2026, va ser un esdeveniment que va&hellip;<\/p>\n","protected":false},"author":2,"featured_media":0,"parent":0,"menu_order":0,"comment_status":"closed","ping_status":"closed","template":"","meta":{"_acf_changed":false,"footnotes":""},"yst_prominent_words":[],"class_list":["post-9526","page","type-page","status-publish","hentry","description-off"],"acf":[],"_links":{"self":[{"href":"https:\/\/www.grupoargraf.com\/ca\/wp-json\/wp\/v2\/pages\/9526","targetHints":{"allow":["GET"]}}],"collection":[{"href":"https:\/\/www.grupoargraf.com\/ca\/wp-json\/wp\/v2\/pages"}],"about":[{"href":"https:\/\/www.grupoargraf.com\/ca\/wp-json\/wp\/v2\/types\/page"}],"author":[{"embeddable":true,"href":"https:\/\/www.grupoargraf.com\/ca\/wp-json\/wp\/v2\/users\/2"}],"replies":[{"embeddable":true,"href":"https:\/\/www.grupoargraf.com\/ca\/wp-json\/wp\/v2\/comments?post=9526"}],"version-history":[{"count":3,"href":"https:\/\/www.grupoargraf.com\/ca\/wp-json\/wp\/v2\/pages\/9526\/revisions"}],"predecessor-version":[{"id":9530,"href":"https:\/\/www.grupoargraf.com\/ca\/wp-json\/wp\/v2\/pages\/9526\/revisions\/9530"}],"wp:attachment":[{"href":"https:\/\/www.grupoargraf.com\/ca\/wp-json\/wp\/v2\/media?parent=9526"}],"wp:term":[{"taxonomy":"yst_prominent_words","embeddable":true,"href":"https:\/\/www.grupoargraf.com\/ca\/wp-json\/wp\/v2\/yst_prominent_words?post=9526"}],"curies":[{"name":"wp","href":"https:\/\/api.w.org\/{rel}","templated":true}]}}