{"id":8161,"date":"2024-11-28T15:26:18","date_gmt":"2024-11-28T14:26:18","guid":{"rendered":"https:\/\/www.grupoargraf.com\/argraf\/sin-limites-a-tu-creatividad-2024\/"},"modified":"2024-11-28T15:43:52","modified_gmt":"2024-11-28T14:43:52","slug":"sense-limits-a-la-teva-creativitat-2024","status":"publish","type":"page","link":"https:\/\/www.grupoargraf.com\/ca\/sense-limits-a-la-teva-creativitat-2024\/","title":{"rendered":"Sense L\u00edmits a la teva Creativitat 2024"},"content":{"rendered":"<div class=\"wpb-content-wrapper\"><p>[vc_row][vc_column][vc_column_text css=&#8221;&#8221;]<\/p>\n<h1 class=\"serv14\">SENSE L\u00cdMITS A LA TEVA CREATIVITAT 2024<\/h1>\n<p>[\/vc_column_text][vc_row_inner][vc_column_inner width=&#8221;1\/2&#8243;][vc_separator color=&#8221;white&#8221;][vc_column_text css=&#8221;&#8221;]<\/p>\n<div class=\"serv13\">\n<h3 class=\"his4b\"><span style=\"color: #a38620;\"><em><strong>Madrid acull un nou \u201csense l\u00edmits a la teva creativitat\u201d amb la intel\u00b7lig\u00e8ncia artificial com a protagonista<\/strong><\/em><\/span><\/h3>\n<p>&nbsp;<\/p>\n<h3 class=\"his4\">Els dies 14 i 15 de novembre s&#8217;ha fet la sisena edici\u00f3 d&#8217;aquesta trobada entre marques i professionals del disseny que ha tornat a ser una cita clau per al sector<\/h3>\n<\/div>\n<p>[\/vc_column_text][vc_separator color=&#8221;white&#8221;][vc_column_text css=&#8221;&#8221;]<\/p>\n<p class=\"his4b\"><span style=\"color: #a38620;\"><em><strong>Grup Argraf ha reunit mig centenar dels dissenyadors gr\u00e0fics m\u00e9s destacats del panorama actual a la cita anual que ha celebrat a Madrid els dies 14 i 15 de novembre. Ch\u00e2teauform La Finca El Bosque ha acollit la sisena edici\u00f3 de \u201cSense l\u00edmits a la teva creativitat\u201d. Aquest any, la Intel\u00b7lig\u00e8ncia Artificial enfocada al disseny gr\u00e0fic ha estat un dels temes principals gr\u00e0cies a la pon\u00e8ncia d&#8217;Enrique San Juan. Per organitzar aquest esdeveniment exclusiu, Grupo Argraf ha comptat amb la col\u00b7laboraci\u00f3 de Rivercap, Fedrigoni Self-Adhesives i Comercial Arqu\u00e9.<\/strong><\/em><\/span><\/p>\n<p>[\/vc_column_text][vc_column_text css=&#8221;&#8221;]\u201cSense l\u00edmits a la teva creativitat\u201d \u00e9s un esdeveniment consolidat dins del disseny gr\u00e0fic i ja \u00e9s un esdeveniment exclusiu i de refer\u00e8ncia. El gerent de Grup Argraf Catalunya, Miguel \u00c1ngel Torroba, assegura que surt &#8220;feli\u00e7&#8221; d&#8217;aquesta nova edici\u00f3 perqu\u00e8 &#8220;aquest esdeveniment va d&#8217;innovar, compartir, crear idees i gaudir-ne&#8221;. Amb la idea de \u201csuperar-se cada any\u201d Torroba explica que \u201chem buscat un lloc incre\u00efble que permet\u00e9s la proximitat, hem millorat el format, hem generat m\u00e9s espais per compartir idees i hem rigut junts\u201d.<\/p>\n<p>Amb aquesta edici\u00f3 ja conclosa, Grupo Argraf ja est\u00e0 pensant com tornar a sorprendre l&#8217;any que ve.[\/vc_column_text][\/vc_column_inner][vc_column_inner width=&#8221;1\/2&#8243;][vc_single_image image=&#8221;8156&#8243; img_size=&#8221;large&#8221; onclick=&#8221;img_link_large&#8221; css=&#8221;&#8221;][\/vc_column_inner][\/vc_row_inner][vc_row_inner][vc_column_inner width=&#8221;1\/6&#8243;][\/vc_column_inner][vc_column_inner width=&#8221;4\/6&#8243;][vc_video link=&#8221;https:\/\/youtu.be\/kVD0kf6mNlM&#8221; align=&#8221;center&#8221; css=&#8221;&#8221;][\/vc_column_inner][vc_column_inner width=&#8221;1\/6&#8243;][\/vc_column_inner][\/vc_row_inner][vc_row_inner][vc_column_inner][vc_column_text css=&#8221;&#8221;]A la cita van assistir professionals del disseny gr\u00e0fic procedents de diferents punts de la geografia espanyola, que van gaudir un any m\u00e9s de dues intenses jornades carregades d&#8217;inspiradores experi\u00e8ncies a l&#8217;entorn de Ch\u00e2teauform La Finca El Bosque, un espai ubicat al parc natural de la Vall de Taju\u00f1a.<\/p>\n<p>Entre els assistents a l&#8217;esdeveniment van comptar tamb\u00e9 Francisco Alonso d&#8217;ESDIR, Escola Superior de Disseny de La Rioja, Juan Carlos Gauli d&#8217;UDIT, Universitat de Disseny de Madrid i Javier Romero i Joaquina Cervera d&#8217;infopack, revista de packaging i etiquetatge industrial.<\/p>\n<p>Aquest any, la Intel\u00b7lig\u00e8ncia Artificial ha pres el protagonisme de la xerrada principal de l&#8217;esdeveniment. Enrique San Juan, especialista i divulgador de l&#8217;\u00fas de la IA en entorns professionals, va pronunciar una confer\u00e8ncia on ajuda a comprendre i utilitzar aquest gran aven\u00e7 tecnol\u00f2gic com un instrument efectiu, en aquest cas, en el sector del disseny gr\u00e0fic.<\/p>\n<p>La comprensi\u00f3 i gaudi del vi va arrodonir un esdeveniment perfecte. Mar\u00eda Jos\u00e9 Huertas, millor sommelier del 2024, va oferir un sopar maridatge amb vins de DO Vins de Madrid. Huertas \u00e9s l&#8217;actual sommelier del restaurant de Paco Roncero al Casino de Madrid amb dues estrelles Michelin i \u00e9s l&#8217;actual n\u00famero u a la recent llista Top 100 Sommeliers.<\/p>\n<p>A m\u00e9s, els assistents van poder con\u00e8ixer detalladament les tend\u00e8ncies del sector, alhora que compartien experi\u00e8ncies i generaven sinergies amb altres professionals del disseny i amb les marques participants.[\/vc_column_text][\/vc_column_inner][\/vc_row_inner][vc_row_inner][vc_column_inner][\/vc_column_inner][\/vc_row_inner][\/vc_column][\/vc_row][vc_row][vc_column][vc_column_text]<\/p>\n<p>[\/vc_column_text][vc_cta h2=&#8221;&#8221; add_button=&#8221;bottom&#8221; btn_title=&#8221;Edicions anteriors&#8221; btn_color=&#8221;warning&#8221; btn_size=&#8221;lg&#8221; btn_align=&#8221;center&#8221; css=&#8221;&#8221; btn_link=&#8221;url:https%3A%2F%2Fwww.grupoargraf.com%2Fca%2Fargraf%2Fsense-limits%2F|target:_blank&#8221;][\/vc_cta][\/vc_column][\/vc_row]<\/p>\n<\/div>","protected":false},"excerpt":{"rendered":"<p>[vc_row][vc_column][vc_column_text css=&#8221;&#8221;] SENSE L\u00cdMITS A LA TEVA CREATIVITAT 2024 [\/vc_column_text][vc_row_inner][vc_column_inner width=&#8221;1\/2&#8243;][vc_separator color=&#8221;white&#8221;][vc_column_text css=&#8221;&#8221;] Madrid acull un nou \u201csense l\u00edmits a la teva creativitat\u201d amb la intel\u00b7lig\u00e8ncia artificial com a protagonista &nbsp; Els dies 14 i 15 de novembre s&#8217;ha fet la sisena edici\u00f3 d&#8217;aquesta trobada entre marques i professionals del disseny que ha tornat a&hellip;<\/p>\n","protected":false},"author":2,"featured_media":0,"parent":0,"menu_order":0,"comment_status":"closed","ping_status":"closed","template":"","meta":{"_acf_changed":false,"footnotes":""},"yst_prominent_words":[],"class_list":["post-8161","page","type-page","status-publish","hentry","description-off"],"acf":[],"_links":{"self":[{"href":"https:\/\/www.grupoargraf.com\/ca\/wp-json\/wp\/v2\/pages\/8161","targetHints":{"allow":["GET"]}}],"collection":[{"href":"https:\/\/www.grupoargraf.com\/ca\/wp-json\/wp\/v2\/pages"}],"about":[{"href":"https:\/\/www.grupoargraf.com\/ca\/wp-json\/wp\/v2\/types\/page"}],"author":[{"embeddable":true,"href":"https:\/\/www.grupoargraf.com\/ca\/wp-json\/wp\/v2\/users\/2"}],"replies":[{"embeddable":true,"href":"https:\/\/www.grupoargraf.com\/ca\/wp-json\/wp\/v2\/comments?post=8161"}],"version-history":[{"count":0,"href":"https:\/\/www.grupoargraf.com\/ca\/wp-json\/wp\/v2\/pages\/8161\/revisions"}],"wp:attachment":[{"href":"https:\/\/www.grupoargraf.com\/ca\/wp-json\/wp\/v2\/media?parent=8161"}],"wp:term":[{"taxonomy":"yst_prominent_words","embeddable":true,"href":"https:\/\/www.grupoargraf.com\/ca\/wp-json\/wp\/v2\/yst_prominent_words?post=8161"}],"curies":[{"name":"wp","href":"https:\/\/api.w.org\/{rel}","templated":true}]}}