{"id":6097,"date":"2024-03-01T21:26:10","date_gmt":"2024-03-01T20:26:10","guid":{"rendered":"https:\/\/www.grupoargraf.com\/serveis\/impressio-i-acabats\/"},"modified":"2025-04-22T14:05:17","modified_gmt":"2025-04-22T12:05:17","slug":"impressio-i-acabats","status":"publish","type":"page","link":"https:\/\/www.grupoargraf.com\/ca\/serveis\/impressio-i-acabats\/","title":{"rendered":"Impressi\u00f3 i acabats"},"content":{"rendered":"<div class=\"wpb-content-wrapper\"><p>[vc_row][vc_column][vc_row_inner gap=&#8221;20&#8243;][vc_column_inner width=&#8221;1\/4&#8243;][vc_single_image image=&#8221;6655&#8243; img_size=&#8221;large&#8221; alignment=&#8221;center&#8221;][vc_column_text]<\/p>\r\n<div class=\"gal2_5\">\r\n<div class=\"serv11b\" style=\"text-align: center;\">Alta qualitat d&#8217;impressi\u00f3<\/div>\r\n<\/div>\r\n<p>[\/vc_column_text][vc_single_image image=&#8221;6649&#8243; img_size=&#8221;large&#8221; alignment=&#8221;center&#8221;][vc_column_text]<\/p>\r\n<div class=\"gal2_5\">\r\n<div class=\"serv11b\">\r\n<div class=\"serv11b\" style=\"text-align: center;\">Tintes i acabats especials<\/div>\r\n<\/div>\r\n<\/div>\r\n<p>[\/vc_column_text][vc_single_image image=&#8221;6652&#8243; img_size=&#8221;large&#8221; alignment=&#8221;center&#8221;][vc_column_text]<\/p>\r\n<div class=\"gal2_5\">\r\n<div class=\"serv11b\">\r\n<div class=\"serv11b\" style=\"text-align: center;\">Talladors personalitzats<\/div>\r\n<\/div>\r\n<\/div>\r\n<p>[\/vc_column_text][\/vc_column_inner][vc_column_inner width=&#8221;3\/4&#8243;][vc_column_text]<\/p>\r\n<h1>Impressi\u00f3 i acabats<\/h1>\r\n<p>[\/vc_column_text][vc_column_text css=&#8221;&#8221;]<\/p>\r\n<h2>Impressi\u00f3 i acabats premium per etiquetes de vi amb qualitat i detall artes\u00e0<\/h2>\r\n<p><strong><em>La qualitat que ofereix Argraf en les seves etiquetes i treballs d&#8217;impressi\u00f3 est\u00e0 basada no nom\u00e9s en la professionalitat i capacitat dels seus t\u00e8cnics, sin\u00f3 tamb\u00e9 en la seva avan\u00e7ada tecnologia i la seva pot\u00e8ncia fabril.<\/em><\/strong><\/p>\r\n<!-- \/wp:post-content -->\r\n<p><!-- wp:paragraph -->Argraf t\u00e9 unes grans instal\u00b7lacions, de m\u00e9s de 10.000 metres quadrats, on mant\u00e9 integrats els diferents departaments que completen tot el proc\u00e9s de fabricaci\u00f3 de les etiquetes: des del departament de disseny i preimpressi\u00f3, pioner en la implementaci\u00f3 de sistemes digitals adaptats a la creaci\u00f3 i la preimpressi\u00f3, fins a les \u00e0rees d&#8217;impressi\u00f3, estampaci\u00f3 i acabat.<\/p>\r\n<p><em>\u201cM\u00e9s de 10.000 m2 d&#8217;instal\u00b7lacions on s&#8217;integra tot el proc\u00e9s de fabricaci\u00f3 d&#8217;etiquetes\u201d<\/em><\/p>\r\n<p>El parc d&#8217;impressi\u00f3 d&#8217;Argraf compta amb 29 cossos d&#8217;impressi\u00f3 offset i 77 cossos d&#8217;impressi\u00f3 flexogr\u00e0fica. Amb aquest equipament \u00e9s possible realitzar tot tipus d&#8217;etiquetes encolables o autoadhesives amb una gran qualitat d&#8217;impressi\u00f3 i una capacitat d&#8217;adaptaci\u00f3 a les necessitats de cada bodega.<\/p>\r\n<p>Argraf \u00e9s l\u00edder tamb\u00e9 en acabats diferents per a les etiquetes, amb objectiu de protegir-les, embellir-les i diferenciar-les. Una de les caracter\u00edstiques destacades \u00e9s la integraci\u00f3 dels diferents acabats en els seus propis tallers: estampaci\u00f3, barn\u00eds acr\u00edlic, barn\u00eds ultraviolat i troquelat. Serveixi com a exemple que compta amb un departament d&#8217;estampaci\u00f3 amb 8 m\u00e0quines d&#8217;alta tecnologia, el major que existeix a Espanya. Aix\u00ed s&#8217;ofereixen acabats UVI, plastificats, barnitzats m\u00e0quina o acr\u00edlic, etc\u00e8tera.<br \/><em><br \/>\u201cArgraf compta amb 29 cossos d&#8217;impressi\u00f3 offset i 77 de impressi\u00f3 flexogr\u00e0fica\u201d<\/em><\/p>\r\n<p>Argraf col\u00b7labora amb els seus clients en la soluci\u00f3 de l&#8217;etiquetatge en les seves instal\u00b7lacions, aconsellant papers, coles i actuacions en m\u00e0quines per millorar la presentaci\u00f3 final del producte.<\/p>\r\n<p><strong><em>\u201cEtiquetes encolables o autoadhesives de m\u00e0xima qualitat\u201d<br \/>\u201cIntegraci\u00f3 dels m\u00e9s moderns acabats en taller\u201d<br \/>\u201cDepartament d&#8217;estampaci\u00f3 amb capacitat per a acabats UVI, plastificats, barnitzats m\u00e0quina o acr\u00edlic, etc\u00e8tera\u201d<\/em><\/strong><\/p>\r\n<p>[\/vc_column_text][vc_btn title=&#8221;Contacta amb nosaltres&#8221; color=&#8221;black&#8221; link=&#8221;url:https%3A%2F%2Fwww.grupoargraf.com%2Fca%2Fcontacte%2F|title:Contacte|&#8221;][\/vc_column_inner][\/vc_row_inner][\/vc_column][\/vc_row][vc_row full_width=&#8221;stretch_row&#8221; bg_type=&#8221;bg_color&#8221; css=&#8221;.vc_custom_1709314604190{margin-top: 3em !important;margin-bottom: 0px !important;padding-top: 2em !important;padding-bottom: 2em !important;}&#8221; bg_color_value=&#8221;#f1f1f1&#8243;][vc_column][vc_row_inner][vc_column_inner width=&#8221;1\/3&#8243;][vc_single_image image=&#8221;6659&#8243; img_size=&#8221;full&#8221; alignment=&#8221;center&#8221; onclick=&#8221;custom_link&#8221; css_animation=&#8221;slideInUp&#8221; image_hovers=&#8221;false&#8221; link=&#8221;https:\/\/www.grupoargraf.com\/ca\/serveis\/assessorament-en-etiquetatge\/&#8221;][vc_column_text]<\/p>\r\n<h3 style=\"text-align: center;\">Assessorament<br \/>en etiquetatge<\/h3>\r\n<p>[\/vc_column_text][\/vc_column_inner][vc_column_inner width=&#8221;1\/3&#8243;][vc_single_image image=&#8221;6671&#8243; img_size=&#8221;large&#8221; alignment=&#8221;center&#8221; onclick=&#8221;custom_link&#8221; css_animation=&#8221;slideInUp&#8221; image_hovers=&#8221;false&#8221; link=&#8221;https:\/\/www.grupoargraf.com\/ca\/serveis\/impressio-i-acabats\/&#8221;][vc_column_text]<\/p>\r\n<h3 style=\"text-align: center;\">Impressi\u00f3<br \/>i acabats<\/h3>\r\n<p>[\/vc_column_text][\/vc_column_inner][vc_column_inner width=&#8221;1\/3&#8243;][vc_single_image image=&#8221;6659&#8243; img_size=&#8221;large&#8221; alignment=&#8221;center&#8221; onclick=&#8221;custom_link&#8221; css_animation=&#8221;slideInUp&#8221; image_hovers=&#8221;false&#8221; link=&#8221;https:\/\/www.grupoargraf.com\/ca\/serveis\/assessorament-a-dissenyadors\/&#8221;][vc_column_text]<\/p>\r\n<h3 style=\"text-align: center;\">Assessorament<br \/>a dissenyadors<\/h3>\r\n<p>[\/vc_column_text][\/vc_column_inner][\/vc_row_inner][\/vc_column][\/vc_row]<\/p><\/div>","protected":false},"excerpt":{"rendered":"<p>[vc_row][vc_column][vc_row_inner gap=&#8221;20&#8243;][vc_column_inner width=&#8221;1\/4&#8243;][vc_single_image image=&#8221;6655&#8243; img_size=&#8221;large&#8221; alignment=&#8221;center&#8221;][vc_column_text] Alta qualitat d&#8217;impressi\u00f3 [\/vc_column_text][vc_single_image image=&#8221;6649&#8243; img_size=&#8221;large&#8221; alignment=&#8221;center&#8221;][vc_column_text] Tintes i acabats especials [\/vc_column_text][vc_single_image image=&#8221;6652&#8243; img_size=&#8221;large&#8221; alignment=&#8221;center&#8221;][vc_column_text] Talladors personalitzats [\/vc_column_text][\/vc_column_inner][vc_column_inner width=&#8221;3\/4&#8243;][vc_column_text] Impressi\u00f3 i acabats [\/vc_column_text][vc_column_text css=&#8221;&#8221;] Impressi\u00f3 i acabats premium per etiquetes de vi amb qualitat i detall artes\u00e0 La qualitat que ofereix Argraf en les seves etiquetes i treballs d&#8217;impressi\u00f3&hellip;<\/p>\n","protected":false},"author":2,"featured_media":0,"parent":4352,"menu_order":0,"comment_status":"closed","ping_status":"closed","template":"","meta":{"_acf_changed":false,"footnotes":""},"yst_prominent_words":[],"class_list":["post-6097","page","type-page","status-publish","hentry","description-off"],"acf":[],"_links":{"self":[{"href":"https:\/\/www.grupoargraf.com\/ca\/wp-json\/wp\/v2\/pages\/6097","targetHints":{"allow":["GET"]}}],"collection":[{"href":"https:\/\/www.grupoargraf.com\/ca\/wp-json\/wp\/v2\/pages"}],"about":[{"href":"https:\/\/www.grupoargraf.com\/ca\/wp-json\/wp\/v2\/types\/page"}],"author":[{"embeddable":true,"href":"https:\/\/www.grupoargraf.com\/ca\/wp-json\/wp\/v2\/users\/2"}],"replies":[{"embeddable":true,"href":"https:\/\/www.grupoargraf.com\/ca\/wp-json\/wp\/v2\/comments?post=6097"}],"version-history":[{"count":1,"href":"https:\/\/www.grupoargraf.com\/ca\/wp-json\/wp\/v2\/pages\/6097\/revisions"}],"predecessor-version":[{"id":8457,"href":"https:\/\/www.grupoargraf.com\/ca\/wp-json\/wp\/v2\/pages\/6097\/revisions\/8457"}],"up":[{"embeddable":true,"href":"https:\/\/www.grupoargraf.com\/ca\/wp-json\/wp\/v2\/pages\/4352"}],"wp:attachment":[{"href":"https:\/\/www.grupoargraf.com\/ca\/wp-json\/wp\/v2\/media?parent=6097"}],"wp:term":[{"taxonomy":"yst_prominent_words","embeddable":true,"href":"https:\/\/www.grupoargraf.com\/ca\/wp-json\/wp\/v2\/yst_prominent_words?post=6097"}],"curies":[{"name":"wp","href":"https:\/\/api.w.org\/{rel}","templated":true}]}}