{"id":4431,"date":"2019-10-15T18:29:03","date_gmt":"2019-10-15T16:29:03","guid":{"rendered":"https:\/\/www.grupoargraf.com\/catalogo\/"},"modified":"2025-04-22T15:18:46","modified_gmt":"2025-04-22T13:18:46","slug":"cataleg","status":"publish","type":"page","link":"https:\/\/www.grupoargraf.com\/ca\/cataleg\/","title":{"rendered":"Cat\u00e0leg"},"content":{"rendered":"<div class=\"wpb-content-wrapper\"><p>[vc_row][vc_column][vc_row_inner][vc_column_inner width=&#8221;1\/4&#8243;][\/vc_column_inner][vc_column_inner width=&#8221;1\/2&#8243;][vc_column_text css=&#8221;&#8221;]<\/p>\n<h1 style=\"text-align: center;\">Cat\u00e0leg<\/h1>\n<h2 style=\"text-align: center;\" data-start=\"182\" data-end=\"275\"><strong data-start=\"182\" data-end=\"275\">Explora el nostre cat\u00e0leg d\u2019etiquetes per a vi i alimentaci\u00f3 amb acabats personalitzats<\/strong><\/h2>\n<p style=\"text-align: center;\">A grup Argraf posem a la seva disposici\u00f3 diferents t\u00e8cniques d\u2019impressi\u00f3, modernes i tradicionals, aplicades a l\u2019etiquetatge industrial. Els nostres processos de fabricaci\u00f3 son molt variats i aplicables a tot tipus d\u2019etiquetes. Disposem de las m\u00e0quines m\u00e9s integrades d\u2019Espanya i som artesans competitius al nostre mercat. El nostre repte m\u00e0xim \u00e9s la millora de la competitivitat per donar el millor servei als nostres clients.<\/p>\n<p>[\/vc_column_text][\/vc_column_inner][vc_column_inner width=&#8221;1\/4&#8243;][\/vc_column_inner][\/vc_row_inner][\/vc_column][\/vc_row]<\/p>\n<\/div>","protected":false},"excerpt":{"rendered":"<p>[vc_row][vc_column][vc_row_inner][vc_column_inner width=&#8221;1\/4&#8243;][\/vc_column_inner][vc_column_inner width=&#8221;1\/2&#8243;][vc_column_text css=&#8221;&#8221;] Cat\u00e0leg Explora el nostre cat\u00e0leg d\u2019etiquetes per a vi i alimentaci\u00f3 amb acabats personalitzats A grup Argraf posem a la seva disposici\u00f3 diferents t\u00e8cniques d\u2019impressi\u00f3, modernes i tradicionals, aplicades a l\u2019etiquetatge industrial. Els nostres processos de fabricaci\u00f3 son molt variats i aplicables a tot tipus d\u2019etiquetes. Disposem de las m\u00e0quines m\u00e9s&hellip;<\/p>\n","protected":false},"author":2,"featured_media":0,"parent":0,"menu_order":0,"comment_status":"closed","ping_status":"closed","template":"template-portfolio-masonry.php","meta":{"_acf_changed":false,"footnotes":""},"yst_prominent_words":[],"class_list":["post-4431","page","type-page","status-publish","hentry","description-off"],"acf":[],"_links":{"self":[{"href":"https:\/\/www.grupoargraf.com\/ca\/wp-json\/wp\/v2\/pages\/4431","targetHints":{"allow":["GET"]}}],"collection":[{"href":"https:\/\/www.grupoargraf.com\/ca\/wp-json\/wp\/v2\/pages"}],"about":[{"href":"https:\/\/www.grupoargraf.com\/ca\/wp-json\/wp\/v2\/types\/page"}],"author":[{"embeddable":true,"href":"https:\/\/www.grupoargraf.com\/ca\/wp-json\/wp\/v2\/users\/2"}],"replies":[{"embeddable":true,"href":"https:\/\/www.grupoargraf.com\/ca\/wp-json\/wp\/v2\/comments?post=4431"}],"version-history":[{"count":1,"href":"https:\/\/www.grupoargraf.com\/ca\/wp-json\/wp\/v2\/pages\/4431\/revisions"}],"predecessor-version":[{"id":8463,"href":"https:\/\/www.grupoargraf.com\/ca\/wp-json\/wp\/v2\/pages\/4431\/revisions\/8463"}],"wp:attachment":[{"href":"https:\/\/www.grupoargraf.com\/ca\/wp-json\/wp\/v2\/media?parent=4431"}],"wp:term":[{"taxonomy":"yst_prominent_words","embeddable":true,"href":"https:\/\/www.grupoargraf.com\/ca\/wp-json\/wp\/v2\/yst_prominent_words?post=4431"}],"curies":[{"name":"wp","href":"https:\/\/api.w.org\/{rel}","templated":true}]}}