{"id":4420,"date":"2019-10-15T18:28:54","date_gmt":"2019-10-15T16:28:54","guid":{"rendered":"https:\/\/www.grupoargraf.com\/alimentacion\/"},"modified":"2025-04-16T12:37:11","modified_gmt":"2025-04-16T10:37:11","slug":"etiquetes-alimentaries","status":"publish","type":"page","link":"https:\/\/www.grupoargraf.com\/ca\/cataleg\/etiquetes-alimentaries\/","title":{"rendered":"Etiquetes aliment\u00e0ries"},"content":{"rendered":"<div class=\"wpb-content-wrapper\">[vc_row][vc_column][vc_row_inner][vc_column_inner width=&#8221;1\/4&#8243;][\/vc_column_inner][vc_column_inner width=&#8221;1\/2&#8243;][vc_column_text css=&#8221;&#8221;]\r\n<h1 style=\"text-align: center;\">Etiquetes aliment\u00e0ries<\/h1>\r\n<h2 style=\"text-align: center;\" data-start=\"106\" data-end=\"175\"><strong data-start=\"110\" data-end=\"175\">Etiquetes aliment\u00e0ries personalitzades per a tots els sectors<\/strong><\/h2>\r\n<p style=\"text-align: center;\">A Grup Argraf som especialistes a Espanya en la fabricaci\u00f3 d\u2019etiquetes aliment\u00e0ries. La nostra empresa aposta pel valor de l\u2019etiqueta, principal element de presa de decisi\u00f3 per als potencials clients, per aquest motiu els nostres valors s\u00f3n la <a href=\"https:\/\/www.grupoargraf.com\/ca\/argraf\/qualitat-i-medi-ambient\/\">qualitat<\/a>, innovaci\u00f3 i efic\u00e0cia perqu\u00e8 aix\u00f2 ajudi als nostres clients a aconseguir el seu gran prop\u00f2sit: vendre.<\/p>\r\n[\/vc_column_text][\/vc_column_inner][vc_column_inner width=&#8221;1\/4&#8243;][\/vc_column_inner][\/vc_row_inner][\/vc_column][\/vc_row]<!-- \/wp:post-content --><\/div>","protected":false},"excerpt":{"rendered":"<p>[vc_row][vc_column][vc_row_inner][vc_column_inner width=&#8221;1\/4&#8243;][\/vc_column_inner][vc_column_inner width=&#8221;1\/2&#8243;][vc_column_text css=&#8221;&#8221;] Etiquetes aliment\u00e0ries Etiquetes aliment\u00e0ries personalitzades per a tots els sectors A Grup Argraf som especialistes a Espanya en la fabricaci\u00f3 d\u2019etiquetes aliment\u00e0ries. La nostra empresa aposta pel valor de l\u2019etiqueta, principal element de presa de decisi\u00f3 per als potencials clients, per aquest motiu els nostres valors s\u00f3n la qualitat, innovaci\u00f3 i&hellip;<\/p>\n","protected":false},"author":2,"featured_media":0,"parent":4431,"menu_order":0,"comment_status":"closed","ping_status":"closed","template":"template-portfolio-masonry.php","meta":{"_acf_changed":false,"footnotes":""},"yst_prominent_words":[],"class_list":["post-4420","page","type-page","status-publish","hentry","description-off"],"acf":[],"_links":{"self":[{"href":"https:\/\/www.grupoargraf.com\/ca\/wp-json\/wp\/v2\/pages\/4420","targetHints":{"allow":["GET"]}}],"collection":[{"href":"https:\/\/www.grupoargraf.com\/ca\/wp-json\/wp\/v2\/pages"}],"about":[{"href":"https:\/\/www.grupoargraf.com\/ca\/wp-json\/wp\/v2\/types\/page"}],"author":[{"embeddable":true,"href":"https:\/\/www.grupoargraf.com\/ca\/wp-json\/wp\/v2\/users\/2"}],"replies":[{"embeddable":true,"href":"https:\/\/www.grupoargraf.com\/ca\/wp-json\/wp\/v2\/comments?post=4420"}],"version-history":[{"count":1,"href":"https:\/\/www.grupoargraf.com\/ca\/wp-json\/wp\/v2\/pages\/4420\/revisions"}],"predecessor-version":[{"id":8453,"href":"https:\/\/www.grupoargraf.com\/ca\/wp-json\/wp\/v2\/pages\/4420\/revisions\/8453"}],"up":[{"embeddable":true,"href":"https:\/\/www.grupoargraf.com\/ca\/wp-json\/wp\/v2\/pages\/4431"}],"wp:attachment":[{"href":"https:\/\/www.grupoargraf.com\/ca\/wp-json\/wp\/v2\/media?parent=4420"}],"wp:term":[{"taxonomy":"yst_prominent_words","embeddable":true,"href":"https:\/\/www.grupoargraf.com\/ca\/wp-json\/wp\/v2\/yst_prominent_words?post=4420"}],"curies":[{"name":"wp","href":"https:\/\/api.w.org\/{rel}","templated":true}]}}