{"id":4415,"date":"2019-10-18T19:14:50","date_gmt":"2019-10-18T17:14:50","guid":{"rendered":"https:\/\/www.grupoargraf.com\/serveis\/asesoramiento-a-disenadores-2\/"},"modified":"2025-04-22T15:15:19","modified_gmt":"2025-04-22T13:15:19","slug":"assessorament-a-dissenyadors","status":"publish","type":"page","link":"https:\/\/www.grupoargraf.com\/ca\/serveis\/assessorament-a-dissenyadors\/","title":{"rendered":"Assessorament a dissenyadors"},"content":{"rendered":"<div class=\"wpb-content-wrapper\"><p>[vc_row][vc_column][vc_row_inner gap=&#8221;20&#8243;][vc_column_inner width=&#8221;2\/6&#8243;][vc_single_image image=&#8221;6609&#8243; img_size=&#8221;large&#8221; alignment=&#8221;center&#8221;][vc_column_text]Des del nostre departament de preimpressi\u00f3 oferim un servei de suport a dissenyadors per orientar-los sobre l&#8217;aplicaci\u00f3 de diferents t\u00e8cniques d&#8217;impressi\u00f3 i acabats[\/vc_column_text][\/vc_column_inner][vc_column_inner width=&#8221;4\/6&#8243;][vc_column_text css=&#8221;&#8221;]<\/p>\n<h1>Assessorament a dissenyadors<\/h1>\n<h2>Assessorament t\u00e8cnic per a dissenyadors: eleva les teves etiquetes de vi amb experts en impressi\u00f3<\/h2>\n<p>[\/vc_column_text][vc_column_text]<\/p>\n<div class=\"serv9\">\n<p class=\"his4b\"><em><strong>La part m\u00e9s creativa del desenvolupament d&#8217;una etiqueta per a un producte determinat \u00e9s la del disseny. El disseny \u00e9s la combinaci\u00f3 de diversos factors (colors, l\u00ednies, dibuixos, icones, composici\u00f3, textos&#8230;) que produeixen un resultat subjectiu, una percepci\u00f3 positiva en l&#8217;observador, a part de facilitar l&#8217;arribada de la informaci\u00f3 sobre el producte al receptor.<\/strong><\/em><\/p>\n<p class=\"his4\">A Argraf estem orgullosos que el 70 per cent dels nostres clients ens encarregui no nom\u00e9s la impressi\u00f3 sin\u00f3 tamb\u00e9 el disseny de les seves etiquetes. La qualitat contrastada del nostre equip d&#8217;autors, alguns amb m\u00e9s de 20 anys d&#8217;experi\u00e8ncia, suposa una garantia de creativitat i t\u00e8cnica gaireb\u00e9 sense compet\u00e8ncia en el mercat de les etiquetes d&#8217;alimentaci\u00f3, aportant a cadascuna d&#8217;elles un estil diferenciador i una identitat pr\u00f2pia.<\/p>\n<\/div>\n<p>[\/vc_column_text][vc_column_text]<\/p>\n<div class=\"serv9\">\n<h2>Assessoria d&#8217;acabats i disseny d&#8217;etiquetes al nostre departament creatiu<\/h2>\n<p>Per si no fos prou, les nostres \u00e0mplies bases de dades hist\u00f2riques d&#8217;etiquetes ens permeten analitzar l&#8217;evoluci\u00f3 dels dissenys en una mateixa marca o segment de productes, avaluar les possibles combinacions d&#8217;elements ja coneguts, i estudiar nous plantejaments creatius en conson\u00e0ncia amb les noves tend\u00e8ncies de moda i les possibilitats que ofereixen les noves estampacions i acabats.<\/p>\n<p>M\u00e9s de 1.800 noves etiquetes veuen la llum cada any a Argraf, ajudant als nostres clients a la conquesta dels seus respectius mercats, i altres tantes es renoven en funci\u00f3 de les necessitats de m\u00e0rqueting de les empreses o de les exig\u00e8ncies de la legislaci\u00f3 en mat\u00e8ria informativa. Totes elles s\u00f3n producte del nostre constant estar al dia en informaci\u00f3, tend\u00e8ncies i investigaci\u00f3.<\/p>\n<\/div>\n<p>[\/vc_column_text][vc_btn title=&#8221;Contacta amb nosaltres&#8221; color=&#8221;black&#8221; link=&#8221;url:https%3A%2F%2Fwww.grupoargraf.com%2Fca%2Fcontacte%2F|title:Contacta%20con%20nosotros&#8221;][\/vc_column_inner][\/vc_row_inner][\/vc_column][\/vc_row][vc_row full_width=&#8221;stretch_row&#8221; bg_type=&#8221;bg_color&#8221; css=&#8221;.vc_custom_1709321440254{margin-top: 3em !important;margin-bottom: 0px !important;padding-top: 2em !important;padding-bottom: 2em !important;}&#8221; bg_color_value=&#8221;#f1f1f1&#8243;][vc_column][vc_row_inner][vc_column_inner width=&#8221;1\/3&#8243;][vc_single_image image=&#8221;6659&#8243; img_size=&#8221;full&#8221; alignment=&#8221;center&#8221; onclick=&#8221;custom_link&#8221; css_animation=&#8221;slideInUp&#8221; image_hovers=&#8221;false&#8221; link=&#8221;https:\/\/www.grupoargraf.com\/ca\/serveis\/assessorament-en-etiquetatge\/&#8221;][vc_column_text]<\/p>\n<h3 style=\"text-align: center;\">Assessorament<br \/>\nen etiquetatge<\/h3>\n<p>[\/vc_column_text][\/vc_column_inner][vc_column_inner width=&#8221;1\/3&#8243;][vc_single_image image=&#8221;6671&#8243; img_size=&#8221;large&#8221; alignment=&#8221;center&#8221; onclick=&#8221;custom_link&#8221; css_animation=&#8221;slideInUp&#8221; image_hovers=&#8221;false&#8221; link=&#8221;https:\/\/www.grupoargraf.com\/ca\/serveis\/impressio-i-acabats\/&#8221;][vc_column_text]<\/p>\n<h3 style=\"text-align: center;\">Impressi\u00f3<br \/>\ni acabats<\/h3>\n<p>[\/vc_column_text][\/vc_column_inner][vc_column_inner width=&#8221;1\/3&#8243;][vc_single_image image=&#8221;6659&#8243; img_size=&#8221;large&#8221; alignment=&#8221;center&#8221; onclick=&#8221;custom_link&#8221; css_animation=&#8221;slideInUp&#8221; image_hovers=&#8221;false&#8221; link=&#8221;https:\/\/www.grupoargraf.com\/ca\/serveis\/assessorament-a-dissenyadors\/&#8221;][vc_column_text]<\/p>\n<h3 style=\"text-align: center;\">Assessorament<br \/>\na dissenyadors<\/h3>\n<p>[\/vc_column_text][\/vc_column_inner][\/vc_row_inner][\/vc_column][\/vc_row]<\/p>\n<\/div>","protected":false},"excerpt":{"rendered":"<p>[vc_row][vc_column][vc_row_inner gap=&#8221;20&#8243;][vc_column_inner width=&#8221;2\/6&#8243;][vc_single_image image=&#8221;6609&#8243; img_size=&#8221;large&#8221; alignment=&#8221;center&#8221;][vc_column_text]Des del nostre departament de preimpressi\u00f3 oferim un servei de suport a dissenyadors per orientar-los sobre l&#8217;aplicaci\u00f3 de diferents t\u00e8cniques d&#8217;impressi\u00f3 i acabats[\/vc_column_text][\/vc_column_inner][vc_column_inner width=&#8221;4\/6&#8243;][vc_column_text css=&#8221;&#8221;] Assessorament a dissenyadors Assessorament t\u00e8cnic per a dissenyadors: eleva les teves etiquetes de vi amb experts en impressi\u00f3 [\/vc_column_text][vc_column_text] La part m\u00e9s creativa del desenvolupament&hellip;<\/p>\n","protected":false},"author":2,"featured_media":4417,"parent":4352,"menu_order":0,"comment_status":"closed","ping_status":"closed","template":"","meta":{"_acf_changed":false,"footnotes":""},"yst_prominent_words":[138],"class_list":["post-4415","page","type-page","status-publish","has-post-thumbnail","hentry","description-off"],"acf":[],"_links":{"self":[{"href":"https:\/\/www.grupoargraf.com\/ca\/wp-json\/wp\/v2\/pages\/4415","targetHints":{"allow":["GET"]}}],"collection":[{"href":"https:\/\/www.grupoargraf.com\/ca\/wp-json\/wp\/v2\/pages"}],"about":[{"href":"https:\/\/www.grupoargraf.com\/ca\/wp-json\/wp\/v2\/types\/page"}],"author":[{"embeddable":true,"href":"https:\/\/www.grupoargraf.com\/ca\/wp-json\/wp\/v2\/users\/2"}],"replies":[{"embeddable":true,"href":"https:\/\/www.grupoargraf.com\/ca\/wp-json\/wp\/v2\/comments?post=4415"}],"version-history":[{"count":2,"href":"https:\/\/www.grupoargraf.com\/ca\/wp-json\/wp\/v2\/pages\/4415\/revisions"}],"predecessor-version":[{"id":8461,"href":"https:\/\/www.grupoargraf.com\/ca\/wp-json\/wp\/v2\/pages\/4415\/revisions\/8461"}],"up":[{"embeddable":true,"href":"https:\/\/www.grupoargraf.com\/ca\/wp-json\/wp\/v2\/pages\/4352"}],"wp:featuredmedia":[{"embeddable":true,"href":"https:\/\/www.grupoargraf.com\/ca\/wp-json\/wp\/v2\/media\/4417"}],"wp:attachment":[{"href":"https:\/\/www.grupoargraf.com\/ca\/wp-json\/wp\/v2\/media?parent=4415"}],"wp:term":[{"taxonomy":"yst_prominent_words","embeddable":true,"href":"https:\/\/www.grupoargraf.com\/ca\/wp-json\/wp\/v2\/yst_prominent_words?post=4415"}],"curies":[{"name":"wp","href":"https:\/\/api.w.org\/{rel}","templated":true}]}}