{"id":4404,"date":"2021-01-21T16:34:47","date_gmt":"2021-01-21T15:34:47","guid":{"rendered":"https:\/\/www.grupoargraf.com\/politica-de-cookies\/"},"modified":"2024-01-23T08:02:13","modified_gmt":"2024-01-23T07:02:13","slug":"politica-de-cookies","status":"publish","type":"page","link":"https:\/\/www.grupoargraf.com\/ca\/politica-de-cookies\/","title":{"rendered":"Pol\u00edtica de cookies"},"content":{"rendered":"<div class=\"wpb-content-wrapper\"><p>[vc_row][vc_column][vc_column_text]<\/p>\n<div class=\"vc_row wpb_row vc_row-fluid\">\n<div class=\"wpb_column vc_column_container vc_col-sm-12\">\n<div class=\"vc_column-inner\">\n<div class=\"wpb_wrapper\">\n<div class=\"wpb_text_column wpb_content_element \">\n<div class=\"wpb_wrapper\">\n<h1 style=\"text-align: center;\">Pol\u00edtica de cookies<\/h1>\n<\/div>\n<\/div>\n<\/div>\n<\/div>\n<\/div>\n<\/div>\n<p>[\/vc_column_text][\/vc_column][\/vc_row][vc_row][vc_column][vc_column_text]<strong>POL\u00cdTICA DE COOKIES<\/strong><\/p>\n<p>Aquesta p\u00e0gina Web \u00e9s titularitat de GRUP ARGRAF S.A., les dades d&#8217;identificaci\u00f3 de les quals s\u00f3n les seg\u00fcents:<\/p>\n<p>&#8211; DIRECCION: Avinguda de Navarra, 36, Oy\u00f3n, \u00c0laba.<\/p>\n<p>&#8211; REGISTRE MERCANTIL D&#8217;ALAVA, Tom 1009, Foli 4, Full VI-461, Inscripci\u00f3 23<\/p>\n<p>&#8211; CIF: A01014794<\/p>\n<p>&#8211; TEL\u00c8FON \/ EMAIL DE CONTACTE:.945601653 \/ <a href=\"mailto:comercial.argraf@grupoargraf.com\">comercial.argraf@grupoargraf.com<\/a><\/p>\n<p>&nbsp;<\/p>\n<p>I.II pol\u00edtica de cookies de Grup Argraf &#8211; www.grupoargraf.com<\/p>\n<p>El domini www.grupoargraf.com utilitza procediments autom\u00e0tics de recollida (Cookies) per reunir informaci\u00f3 personal com ara el tipus de navegador o sistema operatiu, p\u00e0gina de refer\u00e8ncia, ruta, domini ISP (Prove\u00efdor d&#8217;Internet), etc. tot aix\u00f2 per tal de millorar els serveis prestats. Les Cookies ens ajuden a adaptar aquesta p\u00e0gina web a les vostres necessitats personals.<\/p>\n<p>Una &#8220;Cookie&#8221; \u00e9s un petit fitxer que s&#8217;emmagatzema a l&#8217;ordinador de l&#8217;usuari i ens permet recon\u00e8ixer-lo. El conjunt de \u201ccookies\u201d ens ajuda a millorar la qualitat de la nostra web, permetent aix\u00ed personalitzar fins a cert punt la navegaci\u00f3 de cada usuari per la nostra web. Les cookies actualment s\u00f3n essencials per al funcionament d&#8217;internet, aportant innombrables avantatges en la prestaci\u00f3 de serveis interactius, facilitant-vos la navegaci\u00f3 i usabilitat de la nostra web.<\/p>\n<p>Tingueu en compte que les galetes no poden danyar el vostre equip i que, a canvi, el que estiguin activades ens ajuden a identificar i resoldre els errors i millorar la navegabilitat del nostre lloc.<\/p>\n<p>Tipologia de cookies:<\/p>\n<p>Per a m\u00e9s informaci\u00f3 de l&#8217;usuari sobre la tipologia i \u00fas de les cookies us informem que:<\/p>\n<ul>\n<li>Des del punt de vista de &#8216;temps de vida&#8217; de la galeta (temps que la galeta roman activa al nostre equip) podem diferenciar les cookies entre:Cookies de sessi\u00f3: s\u00f3n cookies temporals que romanen a l&#8217;arxiu de cookies del vostre navegador fins que abandoni la p\u00e0gina web, per la qual cosa cap queda registrada al disc dur de l&#8217;usuari. La informaci\u00f3 obtinguda per mitj\u00e0 d&#8217;aquestes galetes serveixen per analitzar pautes de tr\u00e0nsit a la web. A la llarga, aix\u00f2 ens permet proporcionar una millor experi\u00e8ncia per millorar-ne el contingut i facilitant-ne l&#8217;\u00fas.<br \/>\nCookies persistents: s\u00f3n emmagatzemades al disc dur i la nostra web les llegeix cada vegada que vost\u00e8 realitza una nova visita. Una galeta permanent t\u00e9 una data d&#8217;expiraci\u00f3 determinada. La galeta deixar\u00e0 de funcionar despr\u00e9s d&#8217;aquesta data. Les utilitzem generalment per facilitar l&#8217;experi\u00e8ncia de l&#8217;usuari recordant els seus h\u00e0bits de navegaci\u00f3 o, si escau, facilitar els serveis de compra i\/o registre.<\/p>\n<p>Des del punt de vista de la finalitat de cada galeta, podem diferenciar entre:<\/p>\n<p>&nbsp;<\/p>\n<p>Cookies T\u00e8cniques: s\u00f3n aquelles que permeten a l&#8217;usuari la navegaci\u00f3 a trav\u00e9s d&#8217;una p\u00e0gina web, plataforma o aplicaci\u00f3 i la utilitzaci\u00f3 de les diferents opcions o serveis que hi hagi, incloent-hi aquelles que l&#8217;editor utilitza per permetre la gesti\u00f3 i operativa de la p\u00e0gina web i habilitar-ne les funcions i els serveis.<\/p>\n<p>&nbsp;<\/p>\n<p>Les cookies t\u00e8cniques, sempre que corresponguin a algun dels perfils seg\u00fcents, estaran exceptuades del compliment de les obligacions establertes a l&#8217;article 22.2 de la LSSI* (\u00e9s a dir, obtenci\u00f3 de consentiment per a la seva instal\u00b7laci\u00f3 i \u00fas mitjan\u00e7ant l&#8217;exist\u00e8ncia de banner d&#8217;av\u00eds, pol\u00edtica de cookies):<\/p>\n<p>Galetes d&#8217;entrada de l&#8217;usuari<br \/>\nGaletes d&#8217;autenticaci\u00f3 o identificaci\u00f3 d&#8217;usuari (\u00fanicament de sessi\u00f3)<br \/>\nGaletes de seguretat de l&#8217;usuari<br \/>\nGaletes de sessi\u00f3 de reproductor multim\u00e8dia<br \/>\nGaletes de sessi\u00f3 per equilibrar la c\u00e0rrega<br \/>\nGaletes de personalitzaci\u00f3 de la interf\u00edcie d&#8217;usuari<br \/>\nCookies de complement (plug-in) per intercanviar continguts socials<\/li>\n<\/ul>\n<p><em>* segons el Grup de Treball d&#8217;Experts de la UE, a l&#8217;Article 29 del seu Dictamen 4\/2012<\/em><\/p>\n<p>Galetes de prefer\u00e8ncies o personalitzaci\u00f3: s\u00f3n aquelles que permeten recordar informaci\u00f3 perqu\u00e8 l&#8217;usuari accedeixi al servei amb determinades caracter\u00edstiques que poden diferenciar la seva experi\u00e8ncia de la d&#8217;altres usuaris, com ara l&#8217;idioma, el nombre de resultats a mostrar quan l&#8217;usuari realitza una cerca, l&#8217;aspecte o el contingut del servei en funci\u00f3 del tipus de navegador a trav\u00e9s del qual l&#8217;usuari accedeix al servei o de la regi\u00f3 des de la qual accedeix al servei, etc.<\/p>\n<p>Si sou el mateix usuari qui escolliu aquestes caracter\u00edstiques (per exemple, si seleccioneu l&#8217;idioma d&#8217;un lloc web clicant a la icona de la bandera del pa\u00eds corresponent), les cookies estaran exceptuades de les obligacions de l&#8217;article 22.2 de la LSSI per considerar-se un servei expressament sol\u00b7licitat per l&#8217;usuari, i aix\u00f2 sempre que les galetes obeeixin exclusivament a la finalitat seleccionada.<\/p>\n<p>Galetes d&#8217;an\u00e0lisi o mesura: s\u00f3n les que permeten al responsable d&#8217;aquestes el seguiment i l&#8217;an\u00e0lisi del comportament dels usuaris dels llocs web als quals estan vinculades, inclosa la quantificaci\u00f3 dels impactes dels anuncis. La informaci\u00f3 recollida mitjan\u00e7ant aquest tipus de galetes s&#8217;utilitza en el mesurament de l&#8217;activitat dels llocs web, aplicaci\u00f3 o plataforma, per introduir millores en funci\u00f3 de l&#8217;an\u00e0lisi de les dades d&#8217;\u00fas que fan els usuaris del servei.<\/p>\n<p>Cookies de publicitat comportamental: s\u00f3n aquelles que emmagatzemen informaci\u00f3 del comportament dels usuaris obtinguda a trav\u00e9s de l&#8217;observaci\u00f3 continuada dels seus h\u00e0bits de navegaci\u00f3, cosa que permet desenvolupar un perfil espec\u00edfic per mostrar publicitat en funci\u00f3 d&#8217;aquest.<\/p>\n<p>&nbsp;<\/p>\n<p>Com a \u00faltim, des del punt de vista de l&#8217;entitat que gestiona les galetes, podem diferenciar entre:<\/p>\n<p>Cookies pr\u00f2pies: s\u00f3n les que s&#8217;envien a l&#8217;equip terminal de l&#8217;usuari des d&#8217;un equip o domini gestionat pel mateix editor i des del qual es presta el servei sol\u00b7licitat per l&#8217;usuari.<br \/>\nGaletes de tercer: s\u00f3n aquelles que s&#8217;envien a l&#8217;equip terminal de l&#8217;usuari des d&#8217;un equip o domini que no \u00e9s gestionat per l&#8217;editor, sin\u00f3 per una altra entitat que tracta les dades obtingudes a trav\u00e9s de les galetes.<\/p>\n<p>Grup Argraf guarda tota la informaci\u00f3 recollida a trav\u00e9s de les galetes en un format no personalitzat (adre\u00e7a d&#8217;IP). Aquest tipus d&#8217;informaci\u00f3 obtinguda a trav\u00e9s de les galetes no ser\u00e0 revelat fora de Grup Argraf. excepte en aquells casos indicats a l&#8217;apartat \u201cRelaci\u00f3 i descripci\u00f3 de cookies\u201d, ni utilitzada per a comunicacions no sol\u00b7licitades.<\/p>\n<p>Privadesa adequada\u2013 Gesti\u00f3 de cookies:<\/p>\n<p>L&#8217;usuari pot configurar en qualsevol moment els permisos sobre les cookies emprades a la nostra web mitjan\u00e7ant el seu acc\u00e9s al panell de configuraci\u00f3 de cookies.<\/p>\n<p>En cas que l&#8217;usuari ho volgu\u00e9s, el registre de les galetes podr\u00e0 estar subjecte a la seva acceptaci\u00f3 durant la instal\u00b7laci\u00f3 o posada al dia del navegador usat. L&#8217;usuari pot en tot moment revocar la seva acceptaci\u00f3 mitjan\u00e7ant les opcions de configuraci\u00f3 de continguts i privadesa disponibles a cada navegador. No obstant aix\u00f2, en cas que l&#8217;usuari no permeti la instal\u00b7laci\u00f3 de cookies al vostre navegador \u00e9s possible que no pugueu accedir a alguna de les seccions del nostre lloc web.<\/p>\n<p>Per a m\u00e9s informaci\u00f3 sobre la configuraci\u00f3 apropiada de les cookies i les opcions d&#8217;activaci\u00f3, restricci\u00f3 i\/o inhabilitaci\u00f3 cal acudir a la secci\u00f3 d&#8217;ajuda del vostre navegador per con\u00e8ixer-ne m\u00e9s:<\/p>\n<p><a href=\"https:\/\/support.google.com\/chrome\/answer\/95647?hl=es\">M\u00e9s informaci\u00f3 sobre com bloquejar l&#8217;\u00fas de les cookies aGoogle Chrome<\/a><\/p>\n<p><a href=\"http:\/\/support.mozilla.org\/es\/kb\/habilitar-y-deshabilitar-cookies-que-los-sitios-we?esab=a&amp;s=cookies&amp;r=7&amp;as=s\">M\u00e9s informaci\u00f3 sobre com bloquejar l&#8217;\u00fas de les cookies a Firefox<\/a><\/p>\n<p><a href=\"https:\/\/support.microsoft.com\/es-es\/help\/17442\/windows-internet-explorer-delete-manage-cookies\">M\u00e9s informaci\u00f3 sobre com bloquejar l&#8217;\u00fas de les cookies a Internet Explorer<\/a><\/p>\n<p><a href=\"https:\/\/support.microsoft.com\/es-es\/help\/4027947\/microsoft-edge-delete-cookies\">M\u00e9s informaci\u00f3 sobre com bloquejar l&#8217;\u00fas de les cookies a Microsoft Edge<\/a><\/p>\n<p><a href=\"https:\/\/support.apple.com\/es-es\/guide\/safari\/sfri11471\/mac\">M\u00e9s informaci\u00f3 sobre com bloquejar l&#8217;\u00fas de les cookies a Safari: en el Mac<\/a><\/p>\n<p><a href=\"https:\/\/support.apple.com\/es-es\/HT201265\">M\u00e9s informaci\u00f3 sobre com bloquejar l&#8217;\u00fas de les cookies a Safari: en el iPhone, iPad o iPod touch<\/a><\/p>\n<p>Molts navegadors permeten activar un mode privat mitjan\u00e7ant el qual les cookies s&#8217;esborren sempre despr\u00e9s de la visita. Depenent de cada navegador aquest mode privat, podeu tenir diferents noms. A continuaci\u00f3, trobareu una llista dels navegadors m\u00e9s comuns i els diferents noms d&#8217;aquest \u201cmode privat\u201d:<\/p>\n<p>&nbsp;<\/p>\n<p>Internet Explorer 8 i superior; InPrivate<\/p>\n<p>Safari 2 i superior; Navegaci\u00f3 Privada<\/p>\n<p>Opera 10.5 i superior; Navegaci\u00f3 Privada<\/p>\n<p>Fire Fox 3.5 i superior; Navegaci\u00f3 Privada<\/p>\n<p>Google Chrome 10 i superior; Inc\u00f2gnit<\/p>\n<p>Relaci\u00f3 i descripci\u00f3 de cookies:<\/p>\n<p>La taula que publiquem a continuaci\u00f3 recull de forma esquematitzada les cookies anteriorment descrites i utilitzades al lloc web <a href=\"http:\/\/www.lacatadelbarriodelaestacion.com\">www.grupoargraf .com<\/a>:<\/p>\n<p>&nbsp;<\/p>\n<table width=\"614\">\n<tbody>\n<tr>\n<td width=\"118\"><strong>Nom de galeta cookie<\/strong><\/td>\n<td width=\"177\"><strong>Domini de cookie<\/strong><\/td>\n<td width=\"83\"><strong>Expira<\/strong><strong>(sessi\u00f3, permanent)<\/strong><\/td>\n<td width=\"236\">\n<pre id=\"tw-target-text\" class=\"tw-data-text tw-text-large tw-ta\" dir=\"ltr\" data-placeholder=\"Traducci\u00f3n\"><strong><span class=\"Y2IQFc\" lang=\"ca\">\u00das de<\/span> cookie<\/strong><\/pre>\n<p id=\"tw-target-text\" class=\"tw-data-text tw-text-large tw-ta\" dir=\"ltr\" data-placeholder=\"Traducci\u00f3n\"><strong><span class=\"Y2IQFc\" lang=\"ca\">(Requerida-Funcional-Anal\u00edtica-Tercers\/Publicitat)<\/span><\/strong><\/p>\n<\/td>\n<\/tr>\n<tr>\n<td width=\"118\"><strong>_ga<\/strong><\/td>\n<td width=\"177\">.grupoargraf .com<\/td>\n<td width=\"83\">2 anys<\/td>\n<td width=\"236\">Cookies anal\u00edtiques (Google Analytics): Utilitza un identificador an\u00f2nim per distingir usuaris an\u00f2nims i fer an\u00e0lisis sobre les interaccions dels usuaris a l&#8217;aplicaci\u00f3 per tal d&#8217;optimitzar els serveis que s&#8217;ofereixen<\/td>\n<\/tr>\n<tr>\n<td width=\"118\"><strong>_gat<\/strong><\/td>\n<td width=\"177\">.grupoargraf .com<\/td>\n<td width=\"83\">10 minuts des de creaci\u00f3 o modificaci\u00f3<\/td>\n<td width=\"236\">Cookies anal\u00edtiques (Google Analytics): S&#8217;usa per diferenciar entre els diferents objectes de seguiment creats a la sessi\u00f3. La galeta es crea en carregar la llibreria javascript i no hi ha una versi\u00f3 pr\u00e8via de la galeta _gat. La galeta s&#8217;actualitza cada vegada que envieu les dades a Google Analytics.<\/td>\n<\/tr>\n<tr>\n<td width=\"118\"><strong>IDE<\/strong><\/td>\n<td width=\"177\">.doubleclick.net<\/td>\n<td width=\"83\">1 mes<\/td>\n<td width=\"236\">Cookie utilitzada per a la focalitzaci\u00f3, optimitzaci\u00f3, presentaci\u00f3 d&#8217;informes i atribuci\u00f3 d&#8217;anuncis en l\u00ednia.<\/td>\n<\/tr>\n<tr>\n<td width=\"118\"><strong>CONSENT<\/strong><\/td>\n<td width=\"177\">.google.com \/ .gstatic.com \/ .youtube.com<\/td>\n<td width=\"83\">20 anys<\/td>\n<td width=\"236\">Per donar el consentiment de la Cookie<\/td>\n<\/tr>\n<tr>\n<td width=\"118\"><strong>__cfduid<\/strong><\/td>\n<td width=\"177\">.grupoargraf .com<\/td>\n<td width=\"83\">1 any<\/td>\n<td width=\"236\">S&#8217;utilitza per anul\u00b7lar les restriccions de seguretat basades en l&#8217;adre\u00e7a IP del visitant venint<\/td>\n<\/tr>\n<tr>\n<td width=\"118\"><strong>_gid<\/strong><\/td>\n<td width=\"177\">.grupoargraf .com<\/td>\n<td width=\"83\">1 dia<\/td>\n<td width=\"236\">Es fa servir per distingir els usuaris.<\/td>\n<\/tr>\n<\/tbody>\n<\/table>\n<p>&nbsp;<\/p>\n<p>Per con\u00e8ixer m\u00e9s sobre les galetes de Google Analytics podeu visitar la seg\u00fcent p\u00e0gina: <a href=\"https:\/\/policies.google.com\/technologies\/cookies?hl=es\">https:\/\/policies.google.com\/technologies\/cookies?hl=es<\/a>\u00a0 . Podeu desactivar les galetes de Google Analytics a trav\u00e9s del seg\u00fcent enlla\u00e7: <a href=\"https:\/\/tools.google.com\/dlpage\/gaoptout\">https:\/\/tools.google.com\/dlpage\/gaoptout<\/a> .<\/p>\n<p>Per a m\u00e9s informaci\u00f3 sobre cookies i els vostres drets com a usuari podeu consultar la Guia sobre l&#8217;\u00fas de cookies elaborada per l&#8217;Ag\u00e8ncia Espanyola de Protecci\u00f3 de Dades amb la col\u00b7laboraci\u00f3 de les associacions ADIGITAL, Anunciants, AUTOCONTROL i IAB Spain: <a href=\"https:\/\/www.aepd.es\/guias\/guia-cookies.pdf\">https:\/\/www.aepd.es\/media\/guias\/guia-cookies.pdf<\/a>[\/vc_column_text][\/vc_column][\/vc_row]<\/p>\n<\/div>","protected":false},"excerpt":{"rendered":"<p>[vc_row][vc_column][vc_column_text] Pol\u00edtica de cookies [\/vc_column_text][\/vc_column][\/vc_row][vc_row][vc_column][vc_column_text]POL\u00cdTICA DE COOKIES Aquesta p\u00e0gina Web \u00e9s titularitat de GRUP ARGRAF S.A., les dades d&#8217;identificaci\u00f3 de les quals s\u00f3n les seg\u00fcents: &#8211; DIRECCION: Avinguda de Navarra, 36, Oy\u00f3n, \u00c0laba. &#8211; REGISTRE MERCANTIL D&#8217;ALAVA, Tom 1009, Foli 4, Full VI-461, Inscripci\u00f3 23 &#8211; CIF: A01014794 &#8211; TEL\u00c8FON \/ EMAIL DE CONTACTE:.945601653 \/&hellip;<\/p>\n","protected":false},"author":2,"featured_media":0,"parent":0,"menu_order":0,"comment_status":"closed","ping_status":"closed","template":"","meta":{"_acf_changed":false,"footnotes":""},"yst_prominent_words":[131],"class_list":["post-4404","page","type-page","status-publish","hentry","description-off"],"acf":[],"_links":{"self":[{"href":"https:\/\/www.grupoargraf.com\/ca\/wp-json\/wp\/v2\/pages\/4404","targetHints":{"allow":["GET"]}}],"collection":[{"href":"https:\/\/www.grupoargraf.com\/ca\/wp-json\/wp\/v2\/pages"}],"about":[{"href":"https:\/\/www.grupoargraf.com\/ca\/wp-json\/wp\/v2\/types\/page"}],"author":[{"embeddable":true,"href":"https:\/\/www.grupoargraf.com\/ca\/wp-json\/wp\/v2\/users\/2"}],"replies":[{"embeddable":true,"href":"https:\/\/www.grupoargraf.com\/ca\/wp-json\/wp\/v2\/comments?post=4404"}],"version-history":[{"count":0,"href":"https:\/\/www.grupoargraf.com\/ca\/wp-json\/wp\/v2\/pages\/4404\/revisions"}],"wp:attachment":[{"href":"https:\/\/www.grupoargraf.com\/ca\/wp-json\/wp\/v2\/media?parent=4404"}],"wp:term":[{"taxonomy":"yst_prominent_words","embeddable":true,"href":"https:\/\/www.grupoargraf.com\/ca\/wp-json\/wp\/v2\/yst_prominent_words?post=4404"}],"curies":[{"name":"wp","href":"https:\/\/api.w.org\/{rel}","templated":true}]}}