{"id":4389,"date":"2019-10-25T21:09:24","date_gmt":"2019-10-25T19:09:24","guid":{"rendered":"https:\/\/www.grupoargraf.com\/aviso-legal\/"},"modified":"2024-03-01T15:49:12","modified_gmt":"2024-03-01T14:49:12","slug":"avis-legal","status":"publish","type":"page","link":"https:\/\/www.grupoargraf.com\/ca\/avis-legal\/","title":{"rendered":"Av\u00eds legal"},"content":{"rendered":"<div class=\"wpb-content-wrapper\"><p>[vc_row][vc_column][vc_column_text]<\/p>\n<h1 style=\"text-align: center;\">Av\u00eds legal<\/h1>\n<p>[\/vc_column_text][\/vc_column][\/vc_row][vc_row][vc_column][vc_column_text]En virtut del compliment de la Llei 34\/2002, de 11 de juliol, de Serveis de Societat de la Informaci\u00f3 i Comer\u00e7 Electr\u00f2nic (d&#8217;ara endavant LSSICE), us informem que el titular del lloc web \u00e9s Grupo Argraf S.A.<\/p>\n<p>De conformitat amb l&#8217;article 10 de la LSSICE, les dades identificatives del titular \u00e9s la seg\u00fcent:<\/p>\n<p>Grup Argraf S.A.<br \/>\nDomicili: Avinguda de Navarra 36<br \/>\nCIF: A01014794<br \/>\nAdre\u00e7a de correu electr\u00f2nic: <a href=\"mailto:administracion@grupoargraf.com\">administracion@grupoargraf.com<\/a><\/p>\n<h2>1.\u00a0 Finalitat de la web <a href=\"https:\/\/www.grupoargraf.com\/ca\/\">www.<u>grupoargraf<\/u>.com<\/a><\/h2>\n<p>A la nostra p\u00e0gina web donem informaci\u00f3 \u00a0sobre tot all\u00f2 que pot interessar al client: oferta i gamma dels nostres productes i tecnologia<\/p>\n<h2>2.\u00a0 Condicions d&#8217;acc\u00e9s i utilitzaci\u00f3 d&#8217;aquest lloc web<\/h2>\n<p>Acc\u00e9s a la web, continguts i informaci\u00f3. L&#8217;acc\u00e9s a aquesta p\u00e0gina web \u00e9s responsabilitat exclusiva dels usuaris, i suposa acceptar i con\u00e8ixer els advertiments legals, condicions i termes d&#8217;\u00fas continguts en ella. El Titular de la web es reserva el dret de realitzar, en qualsevol moment, quants canvis i modificacions estimi convenients i cregui necessaris per a la p\u00e0gina web sense necessitat de previ av\u00eds.<\/p>\n<h3>2.1. Obligaci\u00f3 de fer \u00fas correcte de la p\u00e0gina web i dels continguts<\/h3>\n<p>L&#8217;Usuari \u00a0es compromet \u00a0a la correcta utilitzaci\u00f3 \u00a0del web i utilitats \u00a0que se li proporcionin conforme \u00a0a la llei, aquest Av\u00eds Legal, i les instruccions i avisos que se li comuniquin.<\/p>\n<p>L&#8217;Usuari s&#8217;obliga a l&#8217;\u00fas exclusiu del web, i tots els seus continguts, per a fins l\u00edcits i no prohibits, que no infringeixin la legalitat vigent i\/o puguin resultar lesius dels drets leg\u00edtims del Titular del Web i les empreses del Grup o de qualsevol tercer, i\/o que puguin causar qualsevol dany o perjudici de manera directa o indirecta.<\/p>\n<p>A aquest efecte, l&#8217;Usuari s&#8217;abstindr\u00e0 d&#8217;utilitzar qualsevol dels continguts de la p\u00e0gina web amb fins o efectes il\u00b7l\u00edcits, prohibits en aquest Av\u00eds Legal, lesius dels drets i interessos de tercers o que, de qualsevol manera, puguin malmetre, inutilitzar , sobrecarregar, deteriorar o impedir la utilitzaci\u00f3 normal \u00a0del web, els equips inform\u00e0tics o els documents, arxius i tota mena de continguts emmagatzemats en qualsevol equip inform\u00e0tic (hacking) del Grup, d&#8217;altres Usuaris o de qualsevol usuari d&#8217;Internet (hardware i software ).<\/p>\n<p>En particular, ia t\u00edtol merament indicatiu i no exhaustiu, l&#8217;Usuari es compromet a no transmetre, difondre o posar a disposici\u00f3 de tercers informacions, dades, continguts, missatges, gr\u00e0fics, dibuixos, arxius de so i\/o imatge, fotografies, enregistraments, programari i, en general, qualsevol classe de material que:<\/p>\n<ul>\n<li>de qualsevol manera, sigui contrari, menysprea o atempti contra els drets fonamentals i les llibertats p\u00fabliques reconegudes constitucionalment, en els Tractats internacionals i en la resta de la legislaci\u00f3;<\/li>\n<li>indueixi, inciti o promogui actuacions delictives, denigrat\u00f2ries, difamat\u00f2ries, infamants, violentes o, en general, contr\u00e0ries a la llei, a la moral i bons costums generalment acceptats oa l&#8217;ordre p\u00fablic;<\/li>\n<li>indueixi, inciti o promogui actuacions, actituds o pensaments discriminatoris per ra\u00f3 de sexe, ra\u00e7a, religi\u00f3, creences, edat o condici\u00f3;<\/li>\n<li>incorpori, posi a disposici\u00f3 o permeti accedir a productes, elements, missatges i\/o serveis delictius, violents, ofensius, nocius, degradants o, en general, contraris a la llei, a la moral i als bons costums generalment acceptats oa l&#8217;ordre p\u00fablic ;<\/li>\n<li>sigui fals, ambigu, inexacte, exagerat o extemporani, de manera que indueixi o pugui induir a error sobre el seu objecte o sobre les intencions o prop\u00f2sits del comunicant;<\/li>\n<li>es trobe protegit per qualssevol drets de propietat intel\u00b7lectual o industrial pertanyents a tercers, sense que l&#8217;Usuari hagi obtingut pr\u00e8viament dels seus titulars l&#8217;autoritzaci\u00f3 necess\u00e0ria per dur a terme l&#8217;\u00fas que efectua o pret\u00e9n efectuar;<br \/>\nvioli els secrets empresarials de tercers;<\/li>\n<li>sigui contrari al dret a l&#8217;honor, a la intimitat personal i familiar oa la pr\u00f2pia imatge de les persones;<br \/>\nde qualsevol manera, menyscabeu el cr\u00e8dit del Titular de la Web o de tercers;<br \/>\ninfringeixi la normativa sobre secret de les comunicacions;<\/li>\n<li>constitueixi, si escau, publicitat il\u00b7l\u00edcita, enganyosa o deslleial i, en general, que constitueixi compet\u00e8ncia deslleial;<\/li>\n<li>incorpori virus o altres elements f\u00edsics o electr\u00f2nics que puguin danyar o impedir el funcionament normal de la xarxa, del sistema o d&#8217;equips inform\u00e0tics \u00a0(hardware i software) d&#8217;El Titular del Web o de tercers o que puguin danyar els documents electr\u00f2nics i arxius emmagatzemats en aquests equips inform\u00e0tics;<\/li>\n<li>provoqui per les seves caracter\u00edstiques (com ara format, extensi\u00f3, ) dificultats en el funcionament normal del Servei;<\/li>\n<li>De conformitat amb el que s&#8217;ha disposat anteriorment, l&#8217;Usuari es compromet a utilitzar els continguts posats a disposici\u00f3 dels Usuaris al lloc web, entenent per aquests, sense que aquesta enumeraci\u00f3 tingui car\u00e0cter limitatiu, els textos, fotografies, gr\u00e0fics, imatges, icones, tecnologia , programari, links i altres continguts audiovisuals o sonors, aix\u00ed com el seu disseny gr\u00e0fic i codis font (d&#8217;ara endavant, els continguts), de conformitat amb la llei, el present Av\u00eds Legal, els altres avisos, reglaments d&#8217;\u00fas i instruccions posats en el seu coneixement, aix\u00ed com amb la moral i els bons costums generalment acceptats i l&#8217;ordre p\u00fablic, i, en particular, es compromet a abstenir-se de:<\/li>\n<\/ul>\n<p>== reproduir, copiar, distribuir, posar a disposici\u00f3 o de qualsevol altra forma comunicar p\u00fablicament, transformar o modificar els continguts, llevat que es compti amb l&#8217;autoritzaci\u00f3 del titular dels corresponents drets o aix\u00f2 resulti legalment perm\u00e8s;<\/p>\n<p>== suprimir, manipular o de qualsevol manera alterar el copyright i altres dades identificatives \u00a0de la reserva de drets del Titular del Web o empreses del Grup o dels seus titulars, \u00a0de les empremtes digitals o de qualssevol altres mitjans t\u00e8cnics establerts per al seu reconeixement . L&#8217;Usuari haur\u00e0 d&#8217;abstenir-se d&#8217;obtenir i fins i tot d&#8217;intentar obtenir els Continguts emprant mitjans o procediments diferents dels que, segons els casos, s&#8217;hagin posat a la seva disposici\u00f3 a aquest efecte o s&#8217;hagin indicat a aquest efecte a la p\u00e0gina web on es trobin els Continguts o, en general, dels que es facin servir habitualment a Internet a aquest efecte sempre que no comportin un risc de dany o inutilitzaci\u00f3 del lloc web, dels Serveis i\/o dels Continguts.<\/p>\n<p>En concret, la utilitzaci\u00f3 dels arxius fotogr\u00e0fics i d&#8217;\u00e0udio\/v\u00eddeo de El Titular del Web estan subjectes a les condicions seg\u00fcents: Queda prohibida la seva utilitzaci\u00f3 amb fins comercials i\/o la seva distribuci\u00f3 posterior. Les imatges i recursos audiovisuals aqu\u00ed disponibles s\u00f3n per a \u00fas exclusiu dels mitjans de comunicaci\u00f3 i per a fins merament informatius, sempre que se&#8217;n citi la proced\u00e8ncia. Queda, per tant, prohibida la feina per il\u00b7lustrar activitats, productes o esdeveniments d&#8217;altres companyies. Les empreses del Grup El Titular de la Web es reserven el dret de retirar el perm\u00eds d&#8217;\u00fas de qualsevol \u00a0d&#8217;aquestes imatges o arxius d&#8217;\u00e0udio\/v\u00eddeo quan estimi que s&#8217;estan destinant a fins que danyen d&#8217;alguna manera els seus interessos.<\/p>\n<p>Els Usuaris i, en general, aquelles persones que es proposin establir un hiperenlla\u00e7 entre la seva p\u00e0gina web i la web <a href=\"https:\/\/www.grupoargraf.com\/ca\/\">www.grupoargraf.com<\/a><\/p>\n<p>(d&#8217;ara endavant, l&#8221;Hiperenlla\u00e7&#8217;) hauran de complir les condicions seg\u00fcents, sempre pr\u00e8via autoritzaci\u00f3:<\/p>\n<p>== l&#8217;Hiperenlla\u00e7 \u00fanicament permetr\u00e0 l&#8217;acc\u00e9s a l&#8217;home-page o p\u00e0gina d&#8217;inici del lloc web o al punt concret que us autoritzi El Titular de la Web, per\u00f2 no podr\u00e0 reproduir-les de cap manera;<\/p>\n<p>== no es crear\u00e0 un frame sobre les p\u00e0gines web del lloc web;<\/p>\n<p>== no es realitzaran manifestacions o indicacions falses, inexactes o incorrectes sobre El Titular del web, els seus directius, els seus empleats, les p\u00e0gines web del lloc i els Productes i\/o Serveis;<\/p>\n<p>== no es declarar\u00e0 ni es donar\u00e0 a entendre que El Titular de la Web ha autoritzat l&#8217;Hiperenlla\u00e7 o que ha supervisat o assumit de qualsevol manera els serveis oferts o posats a disposici\u00f3 de la p\u00e0gina web on s&#8217;estableix l&#8217;Hiperenlla\u00e7;<\/p>\n<p>== excepci\u00f3 feta d&#8217;aquells signes que formen part del mateix Hiperenlla\u00e7, la p\u00e0gina web on s&#8217;estableixi l&#8217;Hiperenlla\u00e7 no contindr\u00e0 cap marca, nom comercial, r\u00e8tol d&#8217;establiment, denominaci\u00f3, logotip, esl\u00f2gan o altres signes distintius pertanyents a El Titular de la Web; i<\/p>\n<p>== la p\u00e0gina web on s&#8217;estableixi l&#8217;Hiperenlla\u00e7 no contindr\u00e0 informacions o continguts il\u00b7l\u00edcits, contraris a la moral i als bons costums generalment acceptats ia l&#8217;ordre p\u00fablic, aix\u00ed com tampoc contindr\u00e0 continguts contraris a qualssevol drets de tercers.<\/p>\n<p>L&#8217;establiment de l&#8217;Hiperenlla\u00e7 no implica en cap cas l&#8217;exist\u00e8ncia de relacions entre El Titular del Web i el propietari de la p\u00e0gina web on s&#8217;estableixi, ni l&#8217;acceptaci\u00f3 i aprovaci\u00f3 per part del Titular del Web dels seus continguts o serveis .<\/p>\n<h3>2.2. Drets de propietat industrial i intel\u00b7lectual<\/h3>\n<p>L&#8217;Usuari \u00a0s&#8217;obliga a respectar els drets de propietat industrial \u00a0de El Titular de la Web i les empreses del Grup i de qualsevol altre tercer. L&#8217;\u00fas o la concessi\u00f3 d&#8217;acc\u00e9s a la p\u00e0gina web no comporten l&#8217;atorgament de cap dret sobre les marques, noms comercials o qualsevol altre signe distintiu que s&#8217;hi utilitzi.<\/p>\n<p>L&#8217;usuari podr\u00e0 descarregar-se la p\u00e0gina web al seu terminal sempre que sigui per a \u00fas privat, sense cap finalitat comercial, per la qual cosa no podr\u00e0 explotar, reproduir, distribuir, modificar, comunicar p\u00fablicament, cedir, transformar o utilitzar el contingut de la web amb fins p\u00fablics o comercials.<\/p>\n<p>Aix\u00ed mateix, els continguts s\u00f3n propietat intel\u00b7lectual d&#8217;El Titular del Web, o de les empreses pertanyents al Grup, sense que es puguin entendre cedits a l&#8217;Usuari, en virtut del que estableix aquest Av\u00eds Legal, cap dels drets d&#8217;explotaci\u00f3 o qualssevol altres que existeixen o puguin existir sobre aquests continguts m\u00e9s enll\u00e0 de l&#8217;estrictament necessari per al correcte \u00fas del Lloc web.<\/p>\n<h3>2.3. Durada del servei<\/h3>\n<p>El Titular del Web no garanteix la disponibilitat i continu\u00eftat del funcionament del Lloc web. Quan aix\u00f2 sigui raonablement \u00a0possible, \u00a0El Titular del Web advertir\u00e0 pr\u00e8viament de les interrupcions \u00a0en el funcionament del Lloc web. El Titular de la Web tampoc no garanteix la utilitat del Lloc web per a la realitzaci\u00f3 de cap activitat en concret, ni la seva infal\u00b7libilitat.<\/p>\n<p>L&#8217;acc\u00e9s a la web d&#8217;El Titular de la Web t\u00e9 una durada indefinida; no obstant aix\u00f2, El Titular de la Web es reserva el dret de suspendre sense previ av\u00eds l&#8217;acc\u00e9s als Usuaris que, al seu parer, incompleixin les normes d&#8217;utilitzaci\u00f3 de la seva p\u00e0gina web i exercir les mesures legals oportunes. A m\u00e9s, El Titular de la Web es reserva el dret de restringir l&#8217;acc\u00e9s a algunes seccions de la web al p\u00fablic en general, limitant-lo \u00fanicament a usuaris o Grup d&#8217;usuaris concrets a trav\u00e9s del lliurament d&#8217;una contrasenya d&#8217;acc\u00e9s de la qual seran responsables .<\/p>\n<h3>2.4. Exclusi\u00f3 de responsabilitat<\/h3>\n<p>El Titular de la Web fa els m\u00e0xims esfor\u00e7os per evitar qualsevol error en els continguts de la p\u00e0gina web.<\/p>\n<p>El Titular de la Web exclou qualsevol responsabilitat per danys i perjudicis de qualsevol naturalesa eventualment derivats de:<\/p>\n<p>== La interrupci\u00f3 del funcionament o la manca de disponibilitat d&#8217;acc\u00e9s a la p\u00e0gina web.<\/p>\n<p>== La privadesa i seguretat en la utilitzaci\u00f3 \u00a0de la p\u00e0gina web per part de l&#8217;Usuari, i\/o l&#8217;acc\u00e9s no consentit de tercers no autoritzats.<\/p>\n<p>== L&#8217;eventual transmissi\u00f3 d&#8217;elements que afectin negativament els sistemes inform\u00e0tics.<\/p>\n<h2>3.\u00a0 \u00das de cookies<\/h2>\n<p>El Titular del Web podr\u00e0 utilitzar cookies per facilitar la navegaci\u00f3 a la seva p\u00e0gina web i con\u00e8ixer les prefer\u00e8ncies de l&#8217;Usuari permetent-ne el reconeixement. No obstant aix\u00f2, l&#8217;Usuari podr\u00e0 configurar el seu equip per acceptar o no les galetes que rep d&#8217;acord amb les instruccions que figuren a la nostra Pol\u00edtica de Cookies.<\/p>\n<h2>4. Protecci\u00f3 de dades de car\u00e0cter personal<\/h2>\n<p>En compliment del que disposa el Reglament 2016\/679 del Parlament Europeu i del Consell del 27 d&#8217;abril de 2016, s&#8217;informar\u00e0 pr\u00e8viament tots els usuaris que facilitin o facilitin les seves dades personals, d&#8217;acord amb el que preveu aquest reglament. Les vostres dades seran tractades de conformitat amb aquest Reglament, i us informem que podeu exercir els drets d&#8217;acc\u00e9s, rectificaci\u00f3, limitaci\u00f3, portabilitat, supressi\u00f3 i oposici\u00f3 de les vostres dades en <a href=\"mailto:rrhh@grupoargraf.com\">rrhh@grupoargraf.com<\/a> i de reclamaci\u00f3 a <a href=\"http:\/\/www.aepd.es\">www.aepd.es<\/a><\/p>\n<p>A trav\u00e9s dels formularis disponibles a la web es recopilar\u00e0 la informaci\u00f3 personal, mitjan\u00e7ant la marcaci\u00f3 de la casella o checkbox corresponent, l&#8217;usuari acceptar\u00e0 expressament i de forma lliure, que les seves dades personals siguin tractades amb la finalitat per a la qual se li sol\u00b7licitin.<\/p>\n<h2>5.\u00a0 Fur i Resoluci\u00f3 de conflictes<\/h2>\n<p>Les parts se sotmeten, a la seva elecci\u00f3, per a la resoluci\u00f3 dels conflictes i amb ren\u00fancia a qualsevol altre fur, als jutjats i tribunals del domicili de l&#8217;usuari. Us informem \u00a0que teniu a la vostra disposici\u00f3 la web europea de resoluci\u00f3 de conflictes https:\/\/ec.europa.eu\/consumers\/odr\/main\/index.cfm?event=main.home.chooseLanguage<\/p>\n<h2>6. Dret de desestiment<\/h2>\n<p>L&#8217;usuari podr\u00e0 exercir el seu dret de desistiment en els 14 dies posteriors a la formalitzaci\u00f3 de la compra, i per aix\u00f2 pot utilitzar un formulari normalitzat o sol\u00b7licitar-lo al nostre correu electr\u00f2nico <a href=\"mailto:rrhh@grupoargraf.com\"><u>rrhh<\/u>@<u>grupoargraf<\/u>.com<\/a>[\/vc_column_text][\/vc_column][\/vc_row]<\/p>\n<\/div>","protected":false},"excerpt":{"rendered":"<p>[vc_row][vc_column][vc_column_text] Av\u00eds legal [\/vc_column_text][\/vc_column][\/vc_row][vc_row][vc_column][vc_column_text]En virtut del compliment de la Llei 34\/2002, de 11 de juliol, de Serveis de Societat de la Informaci\u00f3 i Comer\u00e7 Electr\u00f2nic (d&#8217;ara endavant LSSICE), us informem que el titular del lloc web \u00e9s Grupo Argraf S.A. De conformitat amb l&#8217;article 10 de la LSSICE, les dades identificatives del titular \u00e9s la&hellip;<\/p>\n","protected":false},"author":2,"featured_media":0,"parent":0,"menu_order":0,"comment_status":"closed","ping_status":"closed","template":"","meta":{"_acf_changed":false,"footnotes":""},"yst_prominent_words":[],"class_list":["post-4389","page","type-page","status-publish","hentry","description-off"],"acf":[],"_links":{"self":[{"href":"https:\/\/www.grupoargraf.com\/ca\/wp-json\/wp\/v2\/pages\/4389","targetHints":{"allow":["GET"]}}],"collection":[{"href":"https:\/\/www.grupoargraf.com\/ca\/wp-json\/wp\/v2\/pages"}],"about":[{"href":"https:\/\/www.grupoargraf.com\/ca\/wp-json\/wp\/v2\/types\/page"}],"author":[{"embeddable":true,"href":"https:\/\/www.grupoargraf.com\/ca\/wp-json\/wp\/v2\/users\/2"}],"replies":[{"embeddable":true,"href":"https:\/\/www.grupoargraf.com\/ca\/wp-json\/wp\/v2\/comments?post=4389"}],"version-history":[{"count":0,"href":"https:\/\/www.grupoargraf.com\/ca\/wp-json\/wp\/v2\/pages\/4389\/revisions"}],"wp:attachment":[{"href":"https:\/\/www.grupoargraf.com\/ca\/wp-json\/wp\/v2\/media?parent=4389"}],"wp:term":[{"taxonomy":"yst_prominent_words","embeddable":true,"href":"https:\/\/www.grupoargraf.com\/ca\/wp-json\/wp\/v2\/yst_prominent_words?post=4389"}],"curies":[{"name":"wp","href":"https:\/\/api.w.org\/{rel}","templated":true}]}}