{"id":4352,"date":"2019-10-15T18:29:47","date_gmt":"2019-10-15T16:29:47","guid":{"rendered":"https:\/\/www.grupoargraf.com\/servicios\/"},"modified":"2024-03-03T16:33:37","modified_gmt":"2024-03-03T15:33:37","slug":"serveis","status":"publish","type":"page","link":"https:\/\/www.grupoargraf.com\/ca\/serveis\/","title":{"rendered":"Serveis"},"content":{"rendered":"<div class=\"wpb-content-wrapper\"><p>[vc_row][vc_column][vc_row_inner][vc_column_inner][vc_column_text]<\/p>\n<h1 style=\"text-align: center;\">Els nostres serveis<\/h1>\n<p>[\/vc_column_text][\/vc_column_inner][\/vc_row_inner][vc_column_text]Grup Argraf, l\u00edder en la <a href=\"https:\/\/www.grupoargraf.com\/ca\/cataleg\/etiquetes-vi-i-cava\/\">impressi\u00f3 d&#8217;etiquetes de vi i cava<\/a>, destaca per la seva \u00e0mplia experi\u00e8ncia en arts gr\u00e0fiques. Oferim impressi\u00f3 d&#8217;alta qualitat complementada amb assessorament expert tant en la creaci\u00f3 d&#8217;etiquetes com en el seu disseny. La nostra habilitat per vestir productes amb etiquetes \u00faniques ens posiciona com una elecci\u00f3 preferent en el sector, donant suport als nostres clients des de la conceptualitzaci\u00f3 fins al producte final.[\/vc_column_text][\/vc_column][\/vc_row][vc_row full_width=&#8221;stretch_row&#8221; bg_type=&#8221;bg_color&#8221; bg_color_value=&#8221;#f1f1f1&#8243; css=&#8221;.vc_custom_1709315395504{margin-top: 3em !important;padding-top: 2em !important;padding-bottom: 2em !important;}&#8221;][vc_column][vc_row_inner][vc_column_inner width=&#8221;1\/3&#8243;][vc_single_image image=&#8221;6671&#8243; img_size=&#8221;large&#8221; alignment=&#8221;center&#8221; onclick=&#8221;custom_link&#8221; css_animation=&#8221;slideInUp&#8221; image_hovers=&#8221;false&#8221; link=&#8221;https:\/\/www.grupoargraf.com\/ca\/serveis\/impressio-i-acabats\/&#8221;][vc_column_text]<\/p>\n<h2 style=\"text-align: center;\">Impressi\u00f3<br \/>\ni acabats<\/h2>\n<p>[\/vc_column_text][vc_column_text]<\/p>\n<p style=\"text-align: center;\">La qualitat que ofereix Argraf en les seves etiquetes i treballs d\u2019impressi\u00f3 est\u00e0 basada no nom\u00e9s en la professionalitat i capacitat dels seus t\u00e8cnics, sin\u00f3 tamb\u00e9 en la seva avan\u00e7ada tecnologia i la seva pot\u00e8ncia fabril.<\/p>\n<p>[\/vc_column_text][vc_column_text]<\/p>\n<p style=\"text-align: center;\">Quatricromia, Impressi\u00f3 offset, Serigrafia, Barn\u00eds selectiu, Purpurina, Gofrat en sec, Plastificats, Relleu, Relleu clavat, Relleu invers, Relleu mecanitzat, Relleu serigr\u00e0fic, Stamping, Stamping hologr\u00e0fic, Troquelat.<\/p>\n<p>[\/vc_column_text][vc_column_text]<\/p>\n<p style=\"text-align: center;\"><a href=\"https:\/\/www.grupoargraf.com\/ca\/serveis\/impressio-i-acabats\/\">M\u00e9s sobre impressi\u00f3 i acabats<\/a><\/p>\n<p>[\/vc_column_text][vc_btn title=&#8221;Sol\u00b7licita informaci\u00f3&#8221; color=&#8221;black&#8221; align=&#8221;center&#8221; link=&#8221;url:https%3A%2F%2Fwww.grupoargraf.com%2Fca%2Fcontacte%2F|title:Contacto&#8221;][\/vc_column_inner][vc_column_inner width=&#8221;1\/3&#8243;][vc_single_image image=&#8221;6659&#8243; img_size=&#8221;full&#8221; alignment=&#8221;center&#8221; onclick=&#8221;custom_link&#8221; css_animation=&#8221;slideInUp&#8221; image_hovers=&#8221;false&#8221; link=&#8221;https:\/\/www.grupoargraf.com\/ca\/serveis\/assessorament-en-etiquetatge\/&#8221;][vc_column_text]<\/p>\n<h2 style=\"text-align: center;\">Assessorament<br \/>\nen etiquetatge<\/h2>\n<p>[\/vc_column_text][vc_column_text]<\/p>\n<p style=\"text-align: center;\">La etiqueta \u00e9s el \u201cvestit\u201d de qualsevol producte, sent essencial per als que estan envasats, ja que rarament l\u2019env\u00e0s permet veure el producte: \u00e9s l\u2019etiqueta la que ofereix la informaci\u00f3 sobre el mateix, alhora que transmet una imatge de marca i d\u2019empresa.<\/p>\n<p>[\/vc_column_text][vc_column_text]<\/p>\n<p style=\"text-align: center;\"><a href=\"https:\/\/www.grupoargraf.com\/ca\/serveis\/assessorament-en-etiquetatge\/\">M\u00e9s sobre assessorament en etiquetatge<\/a><\/p>\n<p>[\/vc_column_text][vc_btn title=&#8221;Sol\u00b7licita informaci\u00f3&#8221; color=&#8221;black&#8221; align=&#8221;center&#8221; link=&#8221;url:https%3A%2F%2Fwww.grupoargraf.com%2Fca%2Fcontacte%2F|title:Contacto&#8221;][\/vc_column_inner][vc_column_inner width=&#8221;1\/3&#8243;][vc_single_image image=&#8221;6659&#8243; img_size=&#8221;large&#8221; alignment=&#8221;center&#8221; onclick=&#8221;custom_link&#8221; css_animation=&#8221;slideInUp&#8221; image_hovers=&#8221;false&#8221; link=&#8221;https:\/\/www.grupoargraf.com\/ca\/serveis\/assessorament-a-dissenyadors\/&#8221;][vc_column_text]<\/p>\n<h2 style=\"text-align: center;\">Assessorament<br \/>\na dissenyadors<\/h2>\n<p>[\/vc_column_text][vc_column_text]<\/p>\n<p style=\"text-align: center;\">La part m\u00e9s creativa del desenvolupament d\u2019una etiqueta per a un producte determinat \u00e9s la del disseny. El disseny \u00e9s la combinaci\u00f3 de diversos factors (colors, l\u00ednies, dibuixos, icones, composici\u00f3, textos\u2026) que produeixen un resultat subjectiu, una percepci\u00f3 positiva en l\u2019observador, a part de facilitar l\u2019arribada de la informaci\u00f3 sobre el producte al receptor.<\/p>\n<p>[\/vc_column_text][vc_column_text]<\/p>\n<p style=\"text-align: center;\"><a href=\"https:\/\/www.grupoargraf.com\/ca\/serveis\/assessorament-a-dissenyadors\/\">M\u00e9s sobre assessorament a dissenyadors<\/a><\/p>\n<p>[\/vc_column_text][vc_btn title=&#8221;Sol\u00b7licita informaci\u00f3&#8221; color=&#8221;black&#8221; align=&#8221;center&#8221; link=&#8221;url:https%3A%2F%2Fwww.grupoargraf.com%2Fca%2Fcontacte%2F|title:Contacto&#8221;][\/vc_column_inner][\/vc_row_inner][\/vc_column][\/vc_row]<\/p>\n<\/div>","protected":false},"excerpt":{"rendered":"<p>[vc_row][vc_column][vc_row_inner][vc_column_inner][vc_column_text] Els nostres serveis [\/vc_column_text][\/vc_column_inner][\/vc_row_inner][vc_column_text]Grup Argraf, l\u00edder en la impressi\u00f3 d&#8217;etiquetes de vi i cava, destaca per la seva \u00e0mplia experi\u00e8ncia en arts gr\u00e0fiques. Oferim impressi\u00f3 d&#8217;alta qualitat complementada amb assessorament expert tant en la creaci\u00f3 d&#8217;etiquetes com en el seu disseny. La nostra habilitat per vestir productes amb etiquetes \u00faniques ens posiciona com una&hellip;<\/p>\n","protected":false},"author":2,"featured_media":4354,"parent":0,"menu_order":0,"comment_status":"closed","ping_status":"closed","template":"","meta":{"_acf_changed":false,"footnotes":""},"yst_prominent_words":[],"class_list":["post-4352","page","type-page","status-publish","has-post-thumbnail","hentry","description-off"],"acf":[],"_links":{"self":[{"href":"https:\/\/www.grupoargraf.com\/ca\/wp-json\/wp\/v2\/pages\/4352","targetHints":{"allow":["GET"]}}],"collection":[{"href":"https:\/\/www.grupoargraf.com\/ca\/wp-json\/wp\/v2\/pages"}],"about":[{"href":"https:\/\/www.grupoargraf.com\/ca\/wp-json\/wp\/v2\/types\/page"}],"author":[{"embeddable":true,"href":"https:\/\/www.grupoargraf.com\/ca\/wp-json\/wp\/v2\/users\/2"}],"replies":[{"embeddable":true,"href":"https:\/\/www.grupoargraf.com\/ca\/wp-json\/wp\/v2\/comments?post=4352"}],"version-history":[{"count":0,"href":"https:\/\/www.grupoargraf.com\/ca\/wp-json\/wp\/v2\/pages\/4352\/revisions"}],"wp:featuredmedia":[{"embeddable":true,"href":"https:\/\/www.grupoargraf.com\/ca\/wp-json\/wp\/v2\/media\/4354"}],"wp:attachment":[{"href":"https:\/\/www.grupoargraf.com\/ca\/wp-json\/wp\/v2\/media?parent=4352"}],"wp:term":[{"taxonomy":"yst_prominent_words","embeddable":true,"href":"https:\/\/www.grupoargraf.com\/ca\/wp-json\/wp\/v2\/yst_prominent_words?post=4352"}],"curies":[{"name":"wp","href":"https:\/\/api.w.org\/{rel}","templated":true}]}}