{"id":4315,"date":"2019-10-15T18:29:37","date_gmt":"2019-10-15T16:29:37","guid":{"rendered":"https:\/\/www.grupoargraf.com\/instalaciones-y-tecnologia\/"},"modified":"2024-03-01T16:36:21","modified_gmt":"2024-03-01T15:36:21","slug":"instalacions-i-tecnologia","status":"publish","type":"page","link":"https:\/\/www.grupoargraf.com\/ca\/instalacions-i-tecnologia\/","title":{"rendered":"Instalacions i Tecnologia"},"content":{"rendered":"<div class=\"wpb-content-wrapper\"><p>[vc_row][vc_column][vc_column_text]<\/p>\n<h1>Instal\u00b7lacions i tecnologia<\/h1>\n<p><span style=\"color: #a38620;\"><strong><em>El Grup Argraf compta amb 10.000 metres quadrats d\u2019instal\u00b7lacions en la localitat alabesa de Oy\u00f3n, a 3 quil\u00f2metres de Logronyo i en ple cor d\u2019una de les regions vitivin\u00edcoles m\u00e9s importants del m\u00f3n, La Rioja.<\/em><\/strong><\/span><\/p>\n<p>Distribu\u00efdes en varies naus, les nostres instal\u00b7lacions alberguen 20 m\u00e0quines d\u2019impressi\u00f3 amb 102 cossos, i 18 m\u00e0quines d\u2019estampaci\u00f3 i acabat, operades per una plantilla de t\u00e8cnics composta per 80 persones. A m\u00e9s, el complex cont\u00e9 importants \u00e0rees d\u2019emmagatzematge i dep\u00f2sit, zona de carga, oficines administratives, \u00e0rees de disseny, etc\u00e8tera.<\/p>\n<p>En total, el Grup Argraf t\u00e9 a m\u00e9s de 140 persones entre el seu personal, la majoria experts d\u2019alta qualificaci\u00f3 en les seves respectives \u00e0rees de coneixement. D\u2019altra banda, l\u2019amplitud de les nostres instal\u00b7lacions ens permet afrontar la, cada vegada major, demanda dels nostres serveis.<\/p>\n<p>D\u2019igual manera Grup Argraf ha afermat la seva pres\u00e8ncia a Catalunya amb la compra d\u2019una nova planta especialitzada en la fabricaci\u00f3 d\u2019etiquetes \u201cencolables\u201d i autoadhesives per al sector del cava. Amb aquestes instal\u00b7lacions en les que existeix una plantilla de 19 treballadors tamb\u00e9 s\u2019obre una altra l\u00ednia de negoci: la fabricaci\u00f3 de c\u00e0psules.<\/p>\n<p>[\/vc_column_text][\/vc_column][\/vc_row][vc_row full_width=&#8221;stretch_row_content&#8221; css=&#8221;.vc_custom_1571521571246{margin-bottom: 20px !important;}&#8221;][vc_column]<style type=\"text\/css\" data-type=\"the7_shortcodes-inline-css\">.photos-carousel-shortcode-id-8ff6be609008a2e7081527e5eae1cba5.owl-carousel .owl-nav div {\n  width: 36px;\n  height: 36px;\n  border-radius: 500px;\n}\n.photos-carousel-shortcode-id-8ff6be609008a2e7081527e5eae1cba5.owl-carousel .owl-nav div:before,\n.photos-carousel-shortcode-id-8ff6be609008a2e7081527e5eae1cba5.owl-carousel .owl-nav div:after {\n  border-width: 0px;\n}\n.photos-carousel-shortcode-id-8ff6be609008a2e7081527e5eae1cba5.owl-carousel .owl-nav div.owl-prev {\n  top: 50%;\n  transform: translateY(calc(-50% + 0px));\n  left: -43px;\n}\n@media all and (-ms-high-contrast: none) {\n  .photos-carousel-shortcode-id-8ff6be609008a2e7081527e5eae1cba5.owl-carousel .owl-nav div.owl-prev {\n    transform: translateY(-50%);\n    margin-top: 0px;\n  }\n}\n.photos-carousel-shortcode-id-8ff6be609008a2e7081527e5eae1cba5.owl-carousel .owl-nav div.owl-prev i {\n  padding: 0px 0px 0px 0px;\n}\n.photos-carousel-shortcode-id-8ff6be609008a2e7081527e5eae1cba5.owl-carousel .owl-nav div.owl-next {\n  top: 50%;\n  transform: translateY(calc(-50% + 0px));\n  right: -43px;\n}\n@media all and (-ms-high-contrast: none) {\n  .photos-carousel-shortcode-id-8ff6be609008a2e7081527e5eae1cba5.owl-carousel .owl-nav div.owl-next {\n    transform: translateY(-50%);\n    margin-top: 0px;\n  }\n}\n.photos-carousel-shortcode-id-8ff6be609008a2e7081527e5eae1cba5.owl-carousel .owl-nav div.owl-next i {\n  padding: 0px 0px 0px 0px;\n}\n.photos-carousel-shortcode-id-8ff6be609008a2e7081527e5eae1cba5.owl-carousel .owl-nav i {\n  font-size: 18px;\n}\n.photos-carousel-shortcode-id-8ff6be609008a2e7081527e5eae1cba5.owl-carousel .owl-nav div:not(:hover) i,\n.photos-carousel-shortcode-id-8ff6be609008a2e7081527e5eae1cba5.owl-carousel .owl-nav div:not(:hover) i:before {\n  color: #ffffff;\n  background: none;\n}\n.photos-carousel-shortcode-id-8ff6be609008a2e7081527e5eae1cba5.owl-carousel .owl-nav div:hover i,\n.photos-carousel-shortcode-id-8ff6be609008a2e7081527e5eae1cba5.owl-carousel .owl-nav div:hover i:before {\n  color: rgba(255,255,255,0.75);\n  background: none;\n}\n.photos-carousel-shortcode-id-8ff6be609008a2e7081527e5eae1cba5 .owl-dots {\n  top: calc(100% + 20px);\n  left: 50%;\n  transform: translateX(calc(-50% + 0px));\n}\n@media all and (-ms-high-contrast: none) {\n  .photos-carousel-shortcode-id-8ff6be609008a2e7081527e5eae1cba5 .owl-dots {\n    transform: translateX(-50%);\n    margin-left: 0px;\n  }\n}\n.photos-carousel-shortcode-id-8ff6be609008a2e7081527e5eae1cba5 .owl-dot {\n  width: 10px;\n  height: 10px;\n  margin: 0 8px;\n}\n@media screen and (max-width: 778px) {\n  .photos-carousel-shortcode-id-8ff6be609008a2e7081527e5eae1cba5.hide-arrows.owl-carousel .owl-nav a {\n    display: none;\n  }\n}\n@media screen and (max-width: 778px) {\n  .photos-carousel-shortcode-id-8ff6be609008a2e7081527e5eae1cba5.reposition-arrows.owl-carousel .owl-nav .owl-prev {\n    top: 50%;\n    transform: translateY(calc(-50% + 0px));\n    left: 10px;\n  }\n  .photos-carousel-shortcode-id-8ff6be609008a2e7081527e5eae1cba5.reposition-arrows.owl-carousel .owl-nav .owl-next {\n    top: 50%;\n    transform: translateY(calc(-50% + 0px));\n    right: 10px;\n  }\n}\n@media screen and (max-width: 778px) and all and (-ms-high-contrast: none) {\n  .photos-carousel-shortcode-id-8ff6be609008a2e7081527e5eae1cba5.reposition-arrows.owl-carousel .owl-nav .owl-prev {\n    transform: translateY(-50%);\n    margin-top: 0px;\n  }\n}\n@media screen and (max-width: 778px) and all and (-ms-high-contrast: none) {\n  .photos-carousel-shortcode-id-8ff6be609008a2e7081527e5eae1cba5.reposition-arrows.owl-carousel .owl-nav .owl-next {\n    transform: translateY(-50%);\n    margin-top: 0px;\n  }\n}\n.photos-carousel-shortcode-id-8ff6be609008a2e7081527e5eae1cba5 figure,\n.photos-carousel-shortcode-id-8ff6be609008a2e7081527e5eae1cba5 .rollover,\n.photos-carousel-shortcode-id-8ff6be609008a2e7081527e5eae1cba5 img,\n.photos-carousel-shortcode-id-8ff6be609008a2e7081527e5eae1cba5 .gallery-rollover {\n  border-radius: 0px;\n}\n.photos-carousel-shortcode-id-8ff6be609008a2e7081527e5eae1cba5.enable-bg-rollover .gallery-rollover {\n  background: -webkit-linear-gradient();\n  background: linear-gradient();\n}\n.photos-carousel-shortcode-id-8ff6be609008a2e7081527e5eae1cba5.enable-bg-rollover.hover-scale .rollover:after {\n  background: -webkit-linear-gradient();\n  background: linear-gradient();\n}\n.photos-carousel-shortcode-id-8ff6be609008a2e7081527e5eae1cba5.enable-img-shadow .owl-stage-outer {\n  padding: 14px 0;\n}\n.photos-carousel-shortcode-id-8ff6be609008a2e7081527e5eae1cba5.gallery-shortcode .gallery-zoom-ico {\n  width: 44px;\n  height: 44px;\n  line-height: 44px;\n  border-radius: 100px;\n  margin: -22px 0 0 -22px;\n  border-width: 0px;\n}\n.dt-icon-bg-on.photos-carousel-shortcode-id-8ff6be609008a2e7081527e5eae1cba5.gallery-shortcode .gallery-zoom-ico {\n  background: rgba(255,255,255,0.3);\n  -webkit-box-shadow: none;\n  box-shadow: none;\n}\n.photos-carousel-shortcode-id-8ff6be609008a2e7081527e5eae1cba5.gallery-shortcode .gallery-zoom-ico:before,\n.photos-carousel-shortcode-id-8ff6be609008a2e7081527e5eae1cba5.gallery-shortcode .gallery-zoom-ico span {\n  font-size: 32px;\n  line-height: 44px;\n  color: #ffffff;\n  background: none;\n}<\/style><div class=\"owl-carousel gallery-carousel-shortcode gallery-shortcode dt-gallery-container album-gallery-shortcode dt-owl-carousel-call photos-carousel-shortcode-id-8ff6be609008a2e7081527e5eae1cba5 quick-scale-img enable-bg-rollover meta-info-off bullets-small-dot-stroke reposition-arrows dt-icon-bg-off arrows-bg-on dt-arrow-border-on dt-arrow-hover-border-on disable-arrows-hover-bg arrows-hover-bg-on  hover-fade \" data-scroll-mode=\"1\" data-col-num=\"5\" data-wide-col-num=\"5\" data-laptop-col=\"5\" data-h-tablet-columns-num=\"5\" data-v-tablet-columns-num=\"3\" data-phone-columns-num=\"1\" data-col-gap=\"10\" data-stage-padding=\"0\" data-speed=\"600\" data-autoplay=\"true\" data-autoplay_speed=\"6000\" data-arrows=\"true\" data-bullet=\"true\" data-next-icon=\"icon-ar-017-r\" data-prev-icon=\"icon-ar-017-l\" data-img-shadow-size=\"12px\" data-img-shadow-spread=\"3px\"><article class=\"post visible post-4345 attachment type-attachment status-inherit hentry\"><a href=\"https:\/\/www.grupoargraf.com\/wp-content\/uploads\/2019\/10\/3_M.jpg\" class=\"rollover-click-target rollover dt-pswp-item layzr-bg\" title=\"-3_M\" data-dt-img-description=\"\"  data-large_image_width=\"760\" data-large_image_height = \"510\"  data-dt-location=\"https:\/\/www.grupoargraf.com\/ca\/instalacions-i-tecnologia\/3_m\/\" ><img fetchpriority=\"high\" decoding=\"async\" class=\"preload-me owl-lazy-load aspect\" src=\"data:image\/svg+xml,%3Csvg%20xmlns%3D&#39;http%3A%2F%2Fwww.w3.org%2F2000%2Fsvg&#39;%20viewBox%3D&#39;0%200%20760%20510&#39;%2F%3E\" data-src=\"https:\/\/www.grupoargraf.com\/wp-content\/uploads\/2019\/10\/3_M.jpg\" data-srcset=\"https:\/\/www.grupoargraf.com\/wp-content\/uploads\/2019\/10\/3_M.jpg 760w\" loading=\"eager\" style=\"--ratio: 760 \/ 510\" sizes=\"(max-width: 760px) 100vw, 760px\" alt=\"Instalaciones y tecnolog\u00eda de Artes Gr\u00e1ficas\" width=\"760\" height=\"510\"  \/><span class=\"gallery-rollover\"><\/span><\/a><\/article><article class=\"post visible post-4344 attachment type-attachment status-inherit hentry\"><a href=\"https:\/\/www.grupoargraf.com\/wp-content\/uploads\/2019\/10\/2_M.jpg\" class=\"rollover-click-target rollover dt-pswp-item layzr-bg\" title=\"-2_M\" data-dt-img-description=\"\"  data-large_image_width=\"760\" data-large_image_height = \"510\"  data-dt-location=\"https:\/\/www.grupoargraf.com\/ca\/instalacions-i-tecnologia\/2_m\/\" ><img decoding=\"async\" class=\"preload-me owl-lazy-load aspect\" src=\"data:image\/svg+xml,%3Csvg%20xmlns%3D&#39;http%3A%2F%2Fwww.w3.org%2F2000%2Fsvg&#39;%20viewBox%3D&#39;0%200%20760%20510&#39;%2F%3E\" data-src=\"https:\/\/www.grupoargraf.com\/wp-content\/uploads\/2019\/10\/2_M.jpg\" data-srcset=\"https:\/\/www.grupoargraf.com\/wp-content\/uploads\/2019\/10\/2_M.jpg 760w\" loading=\"eager\" style=\"--ratio: 760 \/ 510\" sizes=\"(max-width: 760px) 100vw, 760px\" alt=\"Instalaciones y tecnolog\u00eda de Artes Gr\u00e1ficas para la impresi\u00f3n de etiquetas\" width=\"760\" height=\"510\"  \/><span class=\"gallery-rollover\"><\/span><\/a><\/article><article class=\"post visible post-4343 attachment type-attachment status-inherit hentry\"><a href=\"https:\/\/www.grupoargraf.com\/wp-content\/uploads\/2019\/10\/M.jpg\" class=\"rollover-click-target rollover dt-pswp-item layzr-bg\" title=\"_M\" data-dt-img-description=\"\"  data-large_image_width=\"760\" data-large_image_height = \"510\"  data-dt-location=\"https:\/\/www.grupoargraf.com\/ca\/instalacions-i-tecnologia\/_m\/\" ><img decoding=\"async\" class=\"preload-me owl-lazy-load aspect\" src=\"data:image\/svg+xml,%3Csvg%20xmlns%3D&#39;http%3A%2F%2Fwww.w3.org%2F2000%2Fsvg&#39;%20viewBox%3D&#39;0%200%20760%20510&#39;%2F%3E\" data-src=\"https:\/\/www.grupoargraf.com\/wp-content\/uploads\/2019\/10\/M.jpg\" data-srcset=\"https:\/\/www.grupoargraf.com\/wp-content\/uploads\/2019\/10\/M.jpg 760w\" loading=\"eager\" style=\"--ratio: 760 \/ 510\" sizes=\"(max-width: 760px) 100vw, 760px\" alt=\"Instalaciones y tecnolog\u00eda de vanguardia para la impresi\u00f3n de etiquetas\" width=\"760\" height=\"510\"  \/><span class=\"gallery-rollover\"><\/span><\/a><\/article><article class=\"post visible post-4346 attachment type-attachment status-inherit hentry\"><a href=\"https:\/\/www.grupoargraf.com\/wp-content\/uploads\/2019\/10\/4_M.jpg\" class=\"rollover-click-target rollover dt-pswp-item layzr-bg\" title=\"-4_M\" data-dt-img-description=\"\"  data-large_image_width=\"760\" data-large_image_height = \"510\"  data-dt-location=\"https:\/\/www.grupoargraf.com\/ca\/instalacions-i-tecnologia\/4_m\/\" ><img decoding=\"async\" class=\"preload-me owl-lazy-load aspect\" src=\"data:image\/svg+xml,%3Csvg%20xmlns%3D&#39;http%3A%2F%2Fwww.w3.org%2F2000%2Fsvg&#39;%20viewBox%3D&#39;0%200%20760%20510&#39;%2F%3E\" data-src=\"https:\/\/www.grupoargraf.com\/wp-content\/uploads\/2019\/10\/4_M.jpg\" data-srcset=\"https:\/\/www.grupoargraf.com\/wp-content\/uploads\/2019\/10\/4_M.jpg 760w\" loading=\"eager\" style=\"--ratio: 760 \/ 510\" sizes=\"(max-width: 760px) 100vw, 760px\" alt=\"Instalaciones y tecnolog\u00eda para impresi\u00f3n de etiquetas\" width=\"760\" height=\"510\"  \/><span class=\"gallery-rollover\"><\/span><\/a><\/article><article class=\"post visible post-4347 attachment type-attachment status-inherit hentry\"><a href=\"https:\/\/www.grupoargraf.com\/wp-content\/uploads\/2019\/10\/5_M.jpg\" class=\"rollover-click-target rollover dt-pswp-item layzr-bg\" title=\"-5_M\" data-dt-img-description=\"\"  data-large_image_width=\"760\" data-large_image_height = \"510\"  data-dt-location=\"https:\/\/www.grupoargraf.com\/ca\/instalacions-i-tecnologia\/5_m\/\" ><img decoding=\"async\" class=\"preload-me owl-lazy-load aspect\" src=\"data:image\/svg+xml,%3Csvg%20xmlns%3D&#39;http%3A%2F%2Fwww.w3.org%2F2000%2Fsvg&#39;%20viewBox%3D&#39;0%200%20760%20510&#39;%2F%3E\" data-src=\"https:\/\/www.grupoargraf.com\/wp-content\/uploads\/2019\/10\/5_M.jpg\" data-srcset=\"https:\/\/www.grupoargraf.com\/wp-content\/uploads\/2019\/10\/5_M.jpg 760w\" loading=\"eager\" style=\"--ratio: 760 \/ 510\" sizes=\"(max-width: 760px) 100vw, 760px\" alt=\"Instalaciones y tecnolog\u00eda para impresi\u00f3n\" width=\"760\" height=\"510\"  \/><span class=\"gallery-rollover\"><\/span><\/a><\/article><\/div>[vc_empty_space height=&#8221;20px&#8221;][\/vc_column][\/vc_row][vc_row][vc_column][vc_column_text]<\/p>\n<h2>Tecnologia d&#8217;avantguarda en Arts Gr\u00e0fiques<\/h2>\n<!-- \/wp:post-content -->\n<p><!-- wp:paragraph --><span style=\"color: #a38620;\"><em><strong>El lideratge del Grup Argraf s\u2019ha basat principalment en la fort inversi\u00f3 cont\u00ednua en R+D+I, gr\u00e0cies a la qual ha estat sempre en l\u2019avantguarda de les m\u00e9s noves t\u00e8cniques d\u2019impressi\u00f3, estampat i acabat, oferint serveis d\u2019\u00faltima generaci\u00f3, la m\u00e0xima qualitat i el disseny m\u00e9s innovador per als nostres clients.<\/strong><\/em><\/span><\/p>\n<p><!-- \/wp:paragraph -->El potencial de disseny i impressi\u00f3 d\u2019Argraf es posa de manifest nom\u00e9s amb un cop d\u2019ull a la maquin\u00e0ria i equips t\u00e8cnics existents en les principals seccions de l\u2019empresa.<\/p>\n<p>[\/vc_column_text][\/vc_column][\/vc_row][vc_row][vc_column][vc_row_inner][vc_column_inner width=&#8221;1\/6&#8243;][vc_column_text]<strong>El Grup Argraf ha estat pioner a Espanya en la implantaci\u00f3 dels m\u00e9s moderns sistemes digitals per a facilitar la creaci\u00f3 i preimpressi\u00f3.<\/strong>[\/vc_column_text][\/vc_column_inner][vc_column_inner width=&#8221;5\/6&#8243;][vc_single_image image=&#8221;4316&#8243; img_size=&#8221;full&#8221; alignment=&#8221;right&#8221;][\/vc_column_inner][\/vc_row_inner][\/vc_column][\/vc_row][vc_row][vc_column width=&#8221;1\/2&#8243;][vc_column_text]<\/p>\n<h3>\u00c0rea de Gesti\u00f3<\/h3>\n<p>Actualment ens trobem en proc\u00e9s d\u2019implantaci\u00f3 d\u2019un nou sistema de gesti\u00f3 empresarial que agilitzar\u00e0 la gesti\u00f3 de pressupostos, comandes, control de la producci\u00f3 i expedici\u00f3 dels nostres productes, i millorar\u00e0 la transpar\u00e8ncia i informaci\u00f3 per als nostres clients.<\/p>\n<p>[\/vc_column_text][vc_column_text]<\/p>\n<h3>\u00c0rea d\u2019impressi\u00f3 en bobina<\/h3>\n<p>2 m\u00e0quines d\u2019impressi\u00f3 offset en bobina<\/p>\n<p>10 m\u00e0quines d\u2019impressi\u00f3 flexogr\u00e0fica en bobina<\/p>\n<p>1 m\u00e0quina d\u2019impressi\u00f3 digital en bobina<\/p>\n<p>La majoria de les nostres m\u00e0quines d\u2019impressi\u00f3 flexogr\u00e0fica compten amb possibilitat de m\u00faltiples acabats en l\u00ednia, com ara plastificat, estampaci\u00f3 freda, estampaci\u00f3 calenta, serigrafia i laminaci\u00f3 de dos materials que conformen una \u00fanica etiqueta.<\/p>\n<p>Una d\u2019elles \u00e9s una OMET amb 10 cossos d\u2019impressi\u00f3 flexogr\u00e0fica amb un potent cos d\u2019estampaci\u00f3 calenta i relleu, que la fan una de les m\u00e0quines m\u00e9s completes en q\u00fcesti\u00f3 d\u2019acabats d\u2019Espanya.<\/p>\n<p>[\/vc_column_text][vc_column_text]<\/p>\n<h3>Subsecci\u00f3 d\u2019acabats en bobina<\/h3>\n<p>3 m\u00e0quines d\u2019estampaci\u00f3 i relleu.<\/p>\n<p>3 m\u00e0quines d\u2019estampaci\u00f3, relleu i serigrafia.<\/p>\n<p>Amb aquest parc de maquinaria d\u2019acabats som capa\u00e7os de realitzar els m\u00e9s complets acabats requerits per els nostres clients en una sola passada de m\u00e0quina, reduint aix\u00ed els temps d\u2019entrega dels productes.<\/p>\n<p>[\/vc_column_text][\/vc_column][vc_column width=&#8221;1\/2&#8243;][vc_column_text]<\/p>\n<h3>\u00c0rea d\u2019impressi\u00f3 plana<\/h3>\n<p>M\u00e0quina Speed M\u00e0ster 8 colors de gran format i torre d\u2019aplicaci\u00f3 de vern\u00eds acr\u00edlic o UVI.<\/p>\n<p>M\u00e0quina Speed M\u00e0ster 8 colors de gran format.<\/p>\n<p>M\u00e0quina Speed M\u00e0ster 8 colors per a tintes offset UVI.<\/p>\n<p>M\u00e0quina Speed M\u00e0ster 2 colors.<\/p>\n<p>[\/vc_column_text][vc_column_text]<\/p>\n<h3>Subsecci\u00f3 d\u2019acabats en pla<\/h3>\n<p>>2 m\u00e0quines d\u2019estampaci\u00f3 i relleu BOBST.<br \/>Guillotines, encunyadores, perforadores i m\u00e0quines tipogr\u00e0fiques.<\/p>\n<p>[\/vc_column_text][\/vc_column][\/vc_row]<\/p>\n<\/div>","protected":false},"excerpt":{"rendered":"<p>[vc_row][vc_column][vc_column_text] Instal\u00b7lacions i tecnologia El Grup Argraf compta amb 10.000 metres quadrats d\u2019instal\u00b7lacions en la localitat alabesa de Oy\u00f3n, a 3 quil\u00f2metres de Logronyo i en ple cor d\u2019una de les regions vitivin\u00edcoles m\u00e9s importants del m\u00f3n, La Rioja. Distribu\u00efdes en varies naus, les nostres instal\u00b7lacions alberguen 20 m\u00e0quines d\u2019impressi\u00f3 amb 102 cossos, i 18&hellip;<\/p>\n","protected":false},"author":2,"featured_media":4317,"parent":0,"menu_order":0,"comment_status":"closed","ping_status":"closed","template":"","meta":{"_acf_changed":false,"footnotes":""},"yst_prominent_words":[123,121,124],"class_list":["post-4315","page","type-page","status-publish","has-post-thumbnail","hentry","description-off"],"acf":[],"_links":{"self":[{"href":"https:\/\/www.grupoargraf.com\/ca\/wp-json\/wp\/v2\/pages\/4315","targetHints":{"allow":["GET"]}}],"collection":[{"href":"https:\/\/www.grupoargraf.com\/ca\/wp-json\/wp\/v2\/pages"}],"about":[{"href":"https:\/\/www.grupoargraf.com\/ca\/wp-json\/wp\/v2\/types\/page"}],"author":[{"embeddable":true,"href":"https:\/\/www.grupoargraf.com\/ca\/wp-json\/wp\/v2\/users\/2"}],"replies":[{"embeddable":true,"href":"https:\/\/www.grupoargraf.com\/ca\/wp-json\/wp\/v2\/comments?post=4315"}],"version-history":[{"count":0,"href":"https:\/\/www.grupoargraf.com\/ca\/wp-json\/wp\/v2\/pages\/4315\/revisions"}],"wp:featuredmedia":[{"embeddable":true,"href":"https:\/\/www.grupoargraf.com\/ca\/wp-json\/wp\/v2\/media\/4317"}],"wp:attachment":[{"href":"https:\/\/www.grupoargraf.com\/ca\/wp-json\/wp\/v2\/media?parent=4315"}],"wp:term":[{"taxonomy":"yst_prominent_words","embeddable":true,"href":"https:\/\/www.grupoargraf.com\/ca\/wp-json\/wp\/v2\/yst_prominent_words?post=4315"}],"curies":[{"name":"wp","href":"https:\/\/api.w.org\/{rel}","templated":true}]}}